{"id":121757,"date":"2026-03-29T17:59:56","date_gmt":"2026-03-29T15:59:56","guid":{"rendered":"https:\/\/footballthrift.shop\/?post_type=product&#038;p=121757"},"modified":"2026-03-29T17:59:56","modified_gmt":"2026-03-29T15:59:56","slug":"koszulka-pilkarska-szwajcaria-1996-98-home-m","status":"publish","type":"product","link":"https:\/\/footballthrift.shop\/de\/koszulka-pilkarska-szwajcaria-1996-98-home-m\/","title":{"rendered":"Koszulka pi\u0142karska Szwajcaria 1996\/98 Home [M]"},"content":{"rendered":"<p><strong>Verein:<\/strong> Schweiz<\/p>\n<p><strong>Saison:<\/strong> 1996\/98 Heim<\/p>\n<p><strong>Gr\u00f6\u00dfe: <\/strong>M<\/p>\n<p><strong>Zustand:<\/strong> Dobry &#8211; nieznaczna liczba mikro zaci\u0105gni\u0119\u0107, brak guzika przy ko\u0142nierzu i kilka niewielkich plamek na froncie.<\/p>\n<p><strong>Ma\u00dfe (Achselbreite\/L\u00e4nge) in cm: <\/strong>53\/70<\/p>","protected":false},"excerpt":{"rendered":"<p><strong>Original Lotto Heimtrikot der Schweizer Fu\u00dfballnationalmannschaft 1996\/98.\u00a0<\/strong><\/p>\n<p>Heimmodell <strong>die Schweizer Nationalmannschaft<\/strong> im Laufe der Jahre <strong>1996\/98<\/strong>hergestellt von <strong>Lotto<\/strong> in Gr\u00f6\u00dfe M, stammt aus der Zeit, als die Mannschaft nach vielen Jahren Pause wieder an einem gro\u00dfen Turnier teilnahm. Die Mannschaft trug es bei der Euro 1996, die das Deb\u00fct des <strong>die Schweizer Nationalmannschaft<\/strong> bei der Europameisterschaft, die mit einem Punkt in der Gruppenphase endete.<\/p>\n<p>Das T-Shirt wurde auf einem roten Grundton gefertigt, der an den Schultern in Wei\u00df \u00fcbergeht und so einen markanten Farbkontrast schafft. Dies wird durch die wei\u00dfen Bes\u00e4tze an den \u00c4rmeln und dem Polokragen erg\u00e4nzt, die dem Design einen klassischen Look verleihen, der der \u00c4sthetik der Marke entspricht. <strong>Lotto<\/strong> aus den 1990er Jahren.<\/p>\n<p>In diesem Zeitraum wurden die Farben <strong>die Schweizer Nationalmannschaft<\/strong> vertreten u.a. durch. <strong>Alain Sutter<\/strong>, Er ist ein kreativer Mittelfeldspieler und eine der Schl\u00fcsselfiguren in der Mannschaft, <strong>Ciriaco Sforza<\/strong>, der f\u00fcr die Organisation des Spiels im Mittelfeld verantwortlich ist, und <strong>St\u00e9phane Chapuisat<\/strong>, einer der bekanntesten St\u00fcrmer in der Geschichte des Schweizer Fussballs. Der Kader bestand aus Spielern, die in starken europ\u00e4ischen Ligen gespielt hatten, und erm\u00f6glichte so die R\u00fcckkehr auf die internationale B\u00fchne.<\/p>\n<p>Das T-Shirt ist aus einem leichten und luftigen Material gefertigt und der Schnitt in Gr\u00f6\u00dfe M entspricht den Standards der <strong>Lotto<\/strong>, und bietet die klassische Passform, die f\u00fcr die Designs der Marke charakteristisch ist.<\/p>\n<p>F\u00fcr Sammler und Fans, die ein originales Heimtrikot suchen <strong>die Schweizer Nationalmannschaft<\/strong> im Laufe der Jahre <strong>1996\/98<\/strong>, die das Deb\u00fct der Mannschaft bei der Europameisterschaft deutlich dokumentiert.<\/p>","protected":false},"featured_media":121817,"template":"","meta":{"_kad_blocks_custom_css":"","_kad_blocks_head_custom_js":"","_kad_blocks_body_custom_js":"","_kad_blocks_footer_custom_js":"","_kad_post_transparent":"default","_kad_post_title":"","_kad_post_layout":"default","_kad_post_sidebar_id":"","_kad_post_content_style":"default","_kad_post_vertical_padding":"default","_kad_post_feature":"","_kad_post_feature_position":"","_kad_post_header":false,"_kad_post_footer":false,"_kad_post_classname":""},"product_brand":[1297],"product_cat":[15,1489],"product_tag":[],"class_list":{"0":"post-121757","1":"product","2":"type-product","3":"status-publish","4":"has-post-thumbnail","6":"product_brand-lotto","7":"product_cat-bez-kategorii","8":"product_cat-pozostale-reprezentacje-europa","9":"pa_homeawaythird-home","10":"pa_rozmiar-m","12":"first","13":"instock","14":"taxable","15":"shipping-taxable","16":"purchasable","17":"product-type-simple","18":"entry","19":"content-bg","20":"loop-entry"},"taxonomy_info":{"product_brand":[{"value":1297,"label":"Lotto"}],"product_cat":[{"value":15,"label":"Bez kategorii"},{"value":1489,"label":"Pozosta\u0142e"}],"pa_homeawaythird":[{"value":1597,"label":"Home"}],"pa_rozmiar":[{"value":1816,"label":"M"}]},"featured_image_src_large":["https:\/\/footballthrift.shop\/wp-content\/uploads\/2026\/03\/Photoroom_20260326_105136-1024x1024.jpg",1024,1024,true],"author_info":[],"comment_info":"","_links":{"self":[{"href":"https:\/\/footballthrift.shop\/de\/wp-json\/wp\/v2\/product\/121757","targetHints":{"allow":["GET"]}}],"collection":[{"href":"https:\/\/footballthrift.shop\/de\/wp-json\/wp\/v2\/product"}],"about":[{"href":"https:\/\/footballthrift.shop\/de\/wp-json\/wp\/v2\/types\/product"}],"wp:featuredmedia":[{"embeddable":true,"href":"https:\/\/footballthrift.shop\/de\/wp-json\/wp\/v2\/media\/121817"}],"wp:attachment":[{"href":"https:\/\/footballthrift.shop\/de\/wp-json\/wp\/v2\/media?parent=121757"}],"wp:term":[{"taxonomy":"product_brand","embeddable":true,"href":"https:\/\/footballthrift.shop\/de\/wp-json\/wp\/v2\/product_brand?post=121757"},{"taxonomy":"product_cat","embeddable":true,"href":"https:\/\/footballthrift.shop\/de\/wp-json\/wp\/v2\/product_cat?post=121757"},{"taxonomy":"product_tag","embeddable":true,"href":"https:\/\/footballthrift.shop\/de\/wp-json\/wp\/v2\/product_tag?post=121757"}],"curies":[{"name":"wp","href":"https:\/\/api.w.org\/{rel}","templated":true}]}}