{"id":121755,"date":"2026-03-29T17:59:57","date_gmt":"2026-03-29T15:59:57","guid":{"rendered":"https:\/\/footballthrift.shop\/?post_type=product&#038;p=121755"},"modified":"2026-03-29T17:59:57","modified_gmt":"2026-03-29T15:59:57","slug":"koszulka-pilkarska-sunderland-afc-2002-03-away-l","status":"publish","type":"product","link":"https:\/\/footballthrift.shop\/de\/koszulka-pilkarska-sunderland-afc-2002-03-away-l\/","title":{"rendered":"Koszulka pi\u0142karska Sunderland AFC 2002\/03 Away [L]"},"content":{"rendered":"<p><strong>Verein:<\/strong> Sunderland AFC<\/p>\n<p><strong>Saison:<\/strong> 2002\/03 Ausw\u00e4rts<\/p>\n<p><strong>Gr\u00f6\u00dfe: <\/strong>L<\/p>\n<p><strong>Zustand:<\/strong> Bardzo dobry &#8211; jedno mikro zaci\u0105gni\u0119cie, zszarza\u0142y ko\u0142nierzyk oraz nieznacznie przetarty nadruk sponsora na froncie.<\/p>\n<p><strong>Ma\u00dfe (Achselbreite\/L\u00e4nge) in cm: <\/strong>53\/70<\/p>","protected":false},"excerpt":{"rendered":"<p><strong>Original Sunderland AFC Ausw\u00e4rtstrikot aus der Saison 2002\/03 von Nike.\u00a0<\/strong><\/p>\n<p>Ausw\u00e4rtsmodell <strong>Sunderland AFC<\/strong> aus der Saison <strong>2002\/03<\/strong>hergestellt von <strong>Nike<\/strong> in der Gr\u00f6\u00dfe L, kommt nach einer der schwierigsten Perioden in der Premier League Geschichte des Vereins. Die Mannschaft beendete die Saison auf dem letzten Platz der Tabelle und musste in eine niedrigere Liga absteigen.<\/p>\n<p>Das T-Shirt ist auf einem blauen Grundgewebe gefertigt und zeichnet sich durch zwei seitliche wei\u00dfe Fl\u00e4chen auf der Vorderseite aus, die dem Design einen dynamischen Look verleihen. In der Mitte befindet sich ein Sponsorenaufdruck <strong>Reg Vardy<\/strong>, Die lang\u00e4rmelige Version ist eine der selteneren Varianten dieses Modells, was seinen Sammlercharakter noch erh\u00f6ht. Die lang\u00e4rmelige Version ist eine der selteneren Varianten dieses Modells, was seinen Sammlercharakter noch erh\u00f6ht.<\/p>\n<p>In der Saison 2002\/03 wurden die Farben <strong>Sunderland AFC<\/strong> vertreten u.a. durch. <strong>Kevin Phillips<\/strong>, der beste Sch\u00fctze des Vereins aus fr\u00fcheren Jahren, <strong>Julio Arca<\/strong> oder <strong>Thomas S\u00f8rensen<\/strong>, der sich trotz der schwierigen Situation der Mannschaft oft im Tor auszeichnete. Allerdings hatte die Mannschaft sowohl offensiv als auch defensiv Probleme, was sich in sehr schlechten Ergebnissen in der Liga niederschlug.<\/p>\n<p>Das T-Shirt ist aus einem leichten und luftigen Material gefertigt und der Schnitt in Gr\u00f6\u00dfe L entspricht den Standards der <strong>Nike<\/strong>, und bietet die klassische Passform, die f\u00fcr die Designs der Marke charakteristisch ist.<\/p>\n<p>Dies ist f\u00fcr Sammler und Fans, die ein originales Ausw\u00e4rtstrikot suchen <strong>Sunderland AFC<\/strong> aus der Saison <strong>2002\/03<\/strong>, eine der schwierigsten Phasen in der Geschichte des Vereins.<\/p>","protected":false},"featured_media":121800,"template":"","meta":{"_kad_blocks_custom_css":"","_kad_blocks_head_custom_js":"","_kad_blocks_body_custom_js":"","_kad_blocks_footer_custom_js":"","_kad_post_transparent":"default","_kad_post_title":"","_kad_post_layout":"default","_kad_post_sidebar_id":"","_kad_post_content_style":"default","_kad_post_vertical_padding":"default","_kad_post_feature":"","_kad_post_feature_position":"","_kad_post_header":false,"_kad_post_footer":false,"_kad_post_classname":""},"product_brand":[1284],"product_cat":[15,1485],"product_tag":[],"class_list":{"0":"post-121755","1":"product","2":"type-product","3":"status-publish","4":"has-post-thumbnail","6":"product_brand-nike","7":"product_cat-bez-kategorii","8":"product_cat-pozostale-kluby-angielskie","9":"pa_homeawaythird-away","10":"pa_rozmiar-l","12":"first","13":"instock","14":"taxable","15":"shipping-taxable","16":"purchasable","17":"product-type-simple","18":"entry","19":"content-bg","20":"loop-entry"},"taxonomy_info":{"product_brand":[{"value":1284,"label":"Nike"}],"product_cat":[{"value":15,"label":"Bez kategorii"},{"value":1485,"label":"Pozosta\u0142e kluby angielskie"}],"pa_homeawaythird":[{"value":1598,"label":"Away"}],"pa_rozmiar":[{"value":1817,"label":"L"}]},"featured_image_src_large":["https:\/\/footballthrift.shop\/wp-content\/uploads\/2026\/03\/Photoroom_20260326_105552-1024x1024.jpg",1024,1024,true],"author_info":[],"comment_info":"","_links":{"self":[{"href":"https:\/\/footballthrift.shop\/de\/wp-json\/wp\/v2\/product\/121755","targetHints":{"allow":["GET"]}}],"collection":[{"href":"https:\/\/footballthrift.shop\/de\/wp-json\/wp\/v2\/product"}],"about":[{"href":"https:\/\/footballthrift.shop\/de\/wp-json\/wp\/v2\/types\/product"}],"wp:featuredmedia":[{"embeddable":true,"href":"https:\/\/footballthrift.shop\/de\/wp-json\/wp\/v2\/media\/121800"}],"wp:attachment":[{"href":"https:\/\/footballthrift.shop\/de\/wp-json\/wp\/v2\/media?parent=121755"}],"wp:term":[{"taxonomy":"product_brand","embeddable":true,"href":"https:\/\/footballthrift.shop\/de\/wp-json\/wp\/v2\/product_brand?post=121755"},{"taxonomy":"product_cat","embeddable":true,"href":"https:\/\/footballthrift.shop\/de\/wp-json\/wp\/v2\/product_cat?post=121755"},{"taxonomy":"product_tag","embeddable":true,"href":"https:\/\/footballthrift.shop\/de\/wp-json\/wp\/v2\/product_tag?post=121755"}],"curies":[{"name":"wp","href":"https:\/\/api.w.org\/{rel}","templated":true}]}}