{"id":121753,"date":"2026-03-29T17:59:58","date_gmt":"2026-03-29T15:59:58","guid":{"rendered":"https:\/\/footballthrift.shop\/?post_type=product&#038;p=121753"},"modified":"2026-03-29T17:59:58","modified_gmt":"2026-03-29T15:59:58","slug":"koszulka-pilkarska-reading-fc-2012-13-home-7-pogrebnyak-l","status":"publish","type":"product","link":"https:\/\/footballthrift.shop\/de\/koszulka-pilkarska-reading-fc-2012-13-home-7-pogrebnyak-l\/","title":{"rendered":"Koszulka pi\u0142karska Reading FC 2012\/13 Home 7 Pogrebnyak [L]"},"content":{"rendered":"<p><strong>Verein:<\/strong> Lesen FC<\/p>\n<p><strong>Saison:<\/strong> 2012\/13 Startseite<\/p>\n<p><strong>Gr\u00f6\u00dfe: <\/strong>L<\/p>\n<p><strong>Zustand:<\/strong> Sehr gut - zwei Mikrostiche.<\/p>\n<p><strong>Ma\u00dfe (Achselbreite\/L\u00e4nge) in cm: <\/strong>52\/74<\/p>","protected":false},"excerpt":{"rendered":"<p><strong>Original Reading FC Heimtrikot aus der Saison 2012\/13, produziert von Puma und gedruckt von Pavel Pogrebnyak.\u00a0<\/strong><\/p>\n<p>Heimmodell <strong>Lesen FC<\/strong> aus der Saison <strong>2012\/13<\/strong>hergestellt von <strong>Puma<\/strong> in Gr\u00f6\u00dfe L, stammt aus der Zeit, als der Verein nach dem Aufstieg aus der Championship in der Premier League spielte. Die Mannschaft spielte auf dem h\u00f6chsten Niveau des Wettbewerbs, aber die Saison endete mit dem Abstieg, trotz einer ehrgeizigen Einstellung und einem Kampf um den Verbleib bis zur letzten Runde.<\/p>\n<p>Das T-Shirt wurde in einem Muster aus dicken, horizontalen wei\u00dfen und blauen Streifen hergestellt, dem Markenzeichen der <strong>Lesen FC<\/strong>, Hinzu kommt ein rotes Feld auf der rechten oberen Seite der Vorderseite, das dem Design einen markanten Akzent verleiht. Auf der Vorderseite befindet sich ein zentraler Sponsorenaufdruck. <strong>Waitrose<\/strong>, Die \u00c4rmel sind mit Premier-League-Aufn\u00e4hern verziert, die auf die Teilnahme der Mannschaft an der h\u00f6chsten Spielklasse hinweisen.<\/p>\n<p>Auf der R\u00fcckseite befindet sich ein origineller Aufdruck. <strong>Pawel Pogrebnyak<\/strong>, ein russischer St\u00fcrmer, der die <strong>Lesen FC<\/strong> Zwischen 2012 und 2015 erzielte er in 93 Eins\u00e4tzen 24 Tore. Er war einer der Hauptakteure in der Offensive der Mannschaft und hatte zuvor unter anderem in der <strong>Zenit St. Petersburg<\/strong>, <strong>Spartak Moskau<\/strong> oder <strong>VfB Stuttgart<\/strong>. Zu den Spielern geh\u00f6rten auch solche wie. <strong>Adam Le Fondre<\/strong>, der f\u00fcr seine Effizienz als Reservest\u00fcrmer bekannt ist, oder <strong>Jobi McAnuff<\/strong>, und fungiert als Mannschaftskapit\u00e4n und Anf\u00fchrer.<\/p>\n<p>Das T-Shirt ist aus einem leichten und luftigen Material gefertigt und der Schnitt in Gr\u00f6\u00dfe L entspricht den Standards der <strong>Pumas<\/strong>, und bietet die klassische Passform, die f\u00fcr die Designs der Marke charakteristisch ist.<\/p>\n<p>F\u00fcr Sammler und Fans, die ein originales Heimtrikot suchen <strong>Lesen FC<\/strong> aus der Saison <strong>2012\/13<\/strong>, Sie dokumentiert die R\u00fcckkehr des Vereins in die Premier League und den Kampf um den Klassenerhalt.<\/p>","protected":false},"featured_media":121781,"template":"","meta":{"_kad_blocks_custom_css":"","_kad_blocks_head_custom_js":"","_kad_blocks_body_custom_js":"","_kad_blocks_footer_custom_js":"","_kad_post_transparent":"default","_kad_post_title":"","_kad_post_layout":"default","_kad_post_sidebar_id":"","_kad_post_content_style":"default","_kad_post_vertical_padding":"default","_kad_post_feature":"","_kad_post_feature_position":"","_kad_post_header":false,"_kad_post_footer":false,"_kad_post_classname":""},"product_brand":[1287],"product_cat":[15,1485],"product_tag":[],"class_list":{"0":"post-121753","1":"product","2":"type-product","3":"status-publish","4":"has-post-thumbnail","6":"product_brand-puma","7":"product_cat-bez-kategorii","8":"product_cat-pozostale-kluby-angielskie","9":"pa_homeawaythird-home","10":"pa_rozmiar-l","12":"first","13":"instock","14":"taxable","15":"shipping-taxable","16":"purchasable","17":"product-type-simple","18":"entry","19":"content-bg","20":"loop-entry"},"taxonomy_info":{"product_brand":[{"value":1287,"label":"Puma"}],"product_cat":[{"value":15,"label":"Bez kategorii"},{"value":1485,"label":"Pozosta\u0142e kluby angielskie"}],"pa_homeawaythird":[{"value":1597,"label":"Home"}],"pa_rozmiar":[{"value":1817,"label":"L"}]},"featured_image_src_large":["https:\/\/footballthrift.shop\/wp-content\/uploads\/2026\/03\/Photoroom_20260326_104423-1024x1024.jpg",1024,1024,true],"author_info":[],"comment_info":"","_links":{"self":[{"href":"https:\/\/footballthrift.shop\/de\/wp-json\/wp\/v2\/product\/121753","targetHints":{"allow":["GET"]}}],"collection":[{"href":"https:\/\/footballthrift.shop\/de\/wp-json\/wp\/v2\/product"}],"about":[{"href":"https:\/\/footballthrift.shop\/de\/wp-json\/wp\/v2\/types\/product"}],"wp:featuredmedia":[{"embeddable":true,"href":"https:\/\/footballthrift.shop\/de\/wp-json\/wp\/v2\/media\/121781"}],"wp:attachment":[{"href":"https:\/\/footballthrift.shop\/de\/wp-json\/wp\/v2\/media?parent=121753"}],"wp:term":[{"taxonomy":"product_brand","embeddable":true,"href":"https:\/\/footballthrift.shop\/de\/wp-json\/wp\/v2\/product_brand?post=121753"},{"taxonomy":"product_cat","embeddable":true,"href":"https:\/\/footballthrift.shop\/de\/wp-json\/wp\/v2\/product_cat?post=121753"},{"taxonomy":"product_tag","embeddable":true,"href":"https:\/\/footballthrift.shop\/de\/wp-json\/wp\/v2\/product_tag?post=121753"}],"curies":[{"name":"wp","href":"https:\/\/api.w.org\/{rel}","templated":true}]}}