{"id":121752,"date":"2026-03-29T17:59:58","date_gmt":"2026-03-29T15:59:58","guid":{"rendered":"https:\/\/footballthrift.shop\/?post_type=product&#038;p=121752"},"modified":"2026-03-29T17:59:59","modified_gmt":"2026-03-29T15:59:59","slug":"koszulka-pilkarska-olympique-marsylia-2022-23-home-10-payet-xl","status":"publish","type":"product","link":"https:\/\/footballthrift.shop\/de\/koszulka-pilkarska-olympique-marsylia-2022-23-home-10-payet-xl\/","title":{"rendered":"Koszulka pi\u0142karska Olympique Marsylia 2022\/23 Home 10 Payet [XL]"},"content":{"rendered":"<p><strong>Verein:<\/strong> Olympique Marseille<\/p>\n<p><strong>Saison:<\/strong> 2022\/23 Heimat<\/p>\n<p><strong>Gr\u00f6\u00dfe: <\/strong>XL<\/p>\n<p><strong>Zustand:<\/strong> Dobry &#8211; kilka mikro zaci\u0105gni\u0119\u0107 oraz uci\u0119ta metka ze \u015brodka koszulki.<\/p>\n<p><strong>Ma\u00dfe (Achselbreite\/L\u00e4nge) in cm: <\/strong>60\/72<\/p>","protected":false},"excerpt":{"rendered":"<p><strong>Original Olympique Marseille Heim-Fu\u00dfballtrikot aus der Saison 2022\/23 von Puma, bedruckt mit Dimitri Payet.\u00a0<\/strong><\/p>\n<p>Heimmodell <strong>Olympique Marseille<\/strong> aus der Saison <strong>2022\/23<\/strong>hergestellt von <strong>Puma<\/strong> in XL-Gr\u00f6\u00dfe stammt aus einer Zeit, in der der Verein zu den Spitzenmannschaften der Ligue 1 geh\u00f6rte und regelm\u00e4\u00dfig um die Europapokalpl\u00e4tze mitspielte. Es war auch die letzte Etappe in der Karriere eines der wichtigsten Spieler des Vereins in den letzten Jahren.<\/p>\n<p>Das T-Shirt wurde auf einer klassischen wei\u00dfen Basis hergestellt, die durch dezente dunkelblaue Details erg\u00e4nzt wird, die den minimalistischen und eleganten Charakter des Designs unterstreichen. Das Layout beh\u00e4lt die f\u00fcr Home-Sets typische Einfachheit bei <strong>Olympique Marseille<\/strong>, und das Ganze f\u00fcgt sich in eine moderne Design\u00e4sthetik ein <strong>Pumas<\/strong>.<\/p>\n<p>Auf der R\u00fcckseite befindet sich ein origineller Aufdruck. <strong>Dimitri Payet<\/strong>, einer der bekanntesten Spieler <strong>Olympique Marseille<\/strong> Jahrhundert, der in der Saison 2022\/23 als erfahrener Mannschaftsf\u00fchrer agierte, der f\u00fcr seine Technik, seine Kreativit\u00e4t und sein entscheidendes Spiel bekannt ist.<\/p>\n<p>Das T-Shirt ist aus leichtem und atmungsaktivem Material gefertigt und der Schnitt in Gr\u00f6\u00dfe XL entspricht den Standards der <strong>Pumas<\/strong>, und bietet die klassische Passform, die f\u00fcr die Designs der Marke charakteristisch ist.<\/p>\n<p>F\u00fcr Sammler und Fans, die ein originales Heimtrikot suchen <strong>Olympique Marseille<\/strong> aus der Saison <strong>2022\/23<\/strong>, Die letzte Etappe der Karriere einer der Ikonen des Klubs ist damit eindeutig dokumentiert.<\/p>","protected":false},"featured_media":121770,"template":"","meta":{"_kad_blocks_custom_css":"","_kad_blocks_head_custom_js":"","_kad_blocks_body_custom_js":"","_kad_blocks_footer_custom_js":"","_kad_post_transparent":"default","_kad_post_title":"","_kad_post_layout":"default","_kad_post_sidebar_id":"","_kad_post_content_style":"default","_kad_post_vertical_padding":"default","_kad_post_feature":"","_kad_post_feature_position":"","_kad_post_header":false,"_kad_post_footer":false,"_kad_post_classname":""},"product_brand":[1287],"product_cat":[15,1452],"product_tag":[],"class_list":{"0":"post-121752","1":"product","2":"type-product","3":"status-publish","4":"has-post-thumbnail","6":"product_brand-puma","7":"product_cat-bez-kategorii","8":"product_cat-olympique-marsylia","9":"pa_homeawaythird-home","10":"pa_rozmiar-xl","12":"first","13":"instock","14":"taxable","15":"shipping-taxable","16":"purchasable","17":"product-type-simple","18":"entry","19":"content-bg","20":"loop-entry"},"taxonomy_info":{"product_brand":[{"value":1287,"label":"Puma"}],"product_cat":[{"value":15,"label":"Bez kategorii"},{"value":1452,"label":"Olympique Marsylia"}],"pa_homeawaythird":[{"value":1597,"label":"Home"}],"pa_rozmiar":[{"value":1818,"label":"XL"}]},"featured_image_src_large":["https:\/\/footballthrift.shop\/wp-content\/uploads\/2026\/03\/Photoroom_20260326_104747-1024x1024.jpg",1024,1024,true],"author_info":[],"comment_info":"","_links":{"self":[{"href":"https:\/\/footballthrift.shop\/de\/wp-json\/wp\/v2\/product\/121752","targetHints":{"allow":["GET"]}}],"collection":[{"href":"https:\/\/footballthrift.shop\/de\/wp-json\/wp\/v2\/product"}],"about":[{"href":"https:\/\/footballthrift.shop\/de\/wp-json\/wp\/v2\/types\/product"}],"wp:featuredmedia":[{"embeddable":true,"href":"https:\/\/footballthrift.shop\/de\/wp-json\/wp\/v2\/media\/121770"}],"wp:attachment":[{"href":"https:\/\/footballthrift.shop\/de\/wp-json\/wp\/v2\/media?parent=121752"}],"wp:term":[{"taxonomy":"product_brand","embeddable":true,"href":"https:\/\/footballthrift.shop\/de\/wp-json\/wp\/v2\/product_brand?post=121752"},{"taxonomy":"product_cat","embeddable":true,"href":"https:\/\/footballthrift.shop\/de\/wp-json\/wp\/v2\/product_cat?post=121752"},{"taxonomy":"product_tag","embeddable":true,"href":"https:\/\/footballthrift.shop\/de\/wp-json\/wp\/v2\/product_tag?post=121752"}],"curies":[{"name":"wp","href":"https:\/\/api.w.org\/{rel}","templated":true}]}}