{"id":121751,"date":"2026-03-29T17:59:59","date_gmt":"2026-03-29T15:59:59","guid":{"rendered":"https:\/\/footballthrift.shop\/?post_type=product&#038;p=121751"},"modified":"2026-03-29T17:59:59","modified_gmt":"2026-03-29T15:59:59","slug":"koszulka-pilkarska-newcastle-united-fc-2004-05-away-11-kluivert-l","status":"publish","type":"product","link":"https:\/\/footballthrift.shop\/de\/koszulka-pilkarska-newcastle-united-fc-2004-05-away-11-kluivert-l\/","title":{"rendered":"Koszulka pi\u0142karska Newcastle United FC 2004\/05 Away 11 Kluivert [L]"},"content":{"rendered":"<p><strong>Verein:<\/strong> Newcastle United FC<\/p>\n<p><strong>Saison:<\/strong> 2004\/05 Ausw\u00e4rts<\/p>\n<p><strong>Gr\u00f6\u00dfe: <\/strong>L<\/p>\n<p><strong>Zustand:<\/strong> Gut - besch\u00e4digter Sponsoraufdruck auf der Vorderseite und ein paar Mikrostiche.<\/p>\n<p><strong>Ma\u00dfe (Achselbreite\/L\u00e4nge) in cm: <\/strong>58\/68(prz\u00f3d), 79(ty\u0142)<\/p>","protected":false},"excerpt":{"rendered":"<p><strong>Original Newcastle United FC Ausw\u00e4rtstrikot aus der Saison 2004\/05 von Adidas, bedruckt von Patrick Kluivert.\u00a0<\/strong><\/p>\n<p>Ausw\u00e4rtsmodell <strong>Newcastle United FC<\/strong> aus der Saison <strong>2004\/05<\/strong>hergestellt von <strong>Adidas<\/strong> Gr\u00f6\u00dfe L, kommt nach einer schwierigen Zeit f\u00fcr den Verein, der in der Premier League konkurrierte, w\u00e4hrend er versuchte, eine Position in der oberen H\u00e4lfte der Tabelle zu halten. Die Saison endete schlie\u00dflich mit einem vierzehnten Platz in der Tabelle, was eine Entt\u00e4uschung im Vergleich zu den fr\u00fcheren Ambitionen der Mannschaft war.<\/p>\n<p>Das T-Shirt wurde in einem vertikalen schwarzen und marineblauen Streifenmuster hergestellt, das ihm im Vergleich zu den klassischen Hausfarben einen modernen und aggressiveren Charakter verleiht. <strong>Newcastle United FC<\/strong>. Auf der Vorderseite befindet sich ein zentraler Sponsorenaufdruck. <strong>Northern Rock<\/strong>, und die \u00c4rmel sind mit Ligaaufn\u00e4hern vervollst\u00e4ndigt. Das Design wird durch die charakteristischen Designdetails von Adidas erg\u00e4nzt, wodurch ein zusammenh\u00e4ngendes und wiedererkennbares Ganzes entsteht.<\/p>\n<p>Auf der R\u00fcckseite befindet sich ein origineller Aufdruck. <strong>Patrick Kluivert<\/strong>, ein erfahrener St\u00fcrmer, der sich dem <strong>Newcastle United FC<\/strong> Er war einer der bekanntesten Transfers des Vereins, der erst in dieser Saison erfolgte. Obwohl sein Aufenthalt im Team relativ kurz war, brachte er Qualit\u00e4t, Erfahrung und einen Ruf mit, den er zuvor bei europ\u00e4ischen Spitzenklubs erworben hatte. Zum Kader geh\u00f6rten au\u00dferdem Spieler wie. <strong>Alan Shearer<\/strong>, eine Vereinslegende und sein bester Sch\u00fctze, <strong>Kieron F\u00e4rber<\/strong> oder <strong>Jermaine Jenas<\/strong>, die den Kern des Teams bildeten.<\/p>\n<p>Das T-Shirt ist aus einem leichten und luftigen Material gefertigt und der Schnitt in Gr\u00f6\u00dfe L entspricht den Standards der <strong>Adidas<\/strong>, und bietet die klassische Passform, die f\u00fcr die Designs der Marke charakteristisch ist.<\/p>\n<p>Dies ist f\u00fcr Sammler und Fans, die ein originales Ausw\u00e4rtstrikot suchen <strong>Newcastle United FC<\/strong> aus der Saison <strong>2004\/05<\/strong>, eine klare Bilanz einer Periode ehrgeiziger, aber unerf\u00fcllter sportlicher Erwartungen f\u00fcr den Verein.<\/p>","protected":false},"featured_media":121761,"template":"","meta":{"_kad_blocks_custom_css":"","_kad_blocks_head_custom_js":"","_kad_blocks_body_custom_js":"","_kad_blocks_footer_custom_js":"","_kad_post_transparent":"default","_kad_post_title":"","_kad_post_layout":"default","_kad_post_sidebar_id":"","_kad_post_content_style":"default","_kad_post_vertical_padding":"default","_kad_post_feature":"","_kad_post_feature_position":"","_kad_post_header":false,"_kad_post_footer":false,"_kad_post_classname":""},"product_brand":[1283],"product_cat":[15,2031],"product_tag":[],"class_list":{"0":"post-121751","1":"product","2":"type-product","3":"status-publish","4":"has-post-thumbnail","6":"product_brand-adidas","7":"product_cat-bez-kategorii","8":"product_cat-newcastle-united-fc","9":"pa_homeawaythird-away","10":"pa_rozmiar-l","12":"first","13":"instock","14":"taxable","15":"shipping-taxable","16":"purchasable","17":"product-type-simple","18":"entry","19":"content-bg","20":"loop-entry"},"taxonomy_info":{"product_brand":[{"value":1283,"label":"Adidas"}],"product_cat":[{"value":15,"label":"Bez kategorii"},{"value":2031,"label":"Newcastle United FC"}],"pa_homeawaythird":[{"value":1598,"label":"Away"}],"pa_rozmiar":[{"value":1817,"label":"L"}]},"featured_image_src_large":["https:\/\/footballthrift.shop\/wp-content\/uploads\/2026\/03\/Photoroom_20260326_105414-1024x1024.jpg",1024,1024,true],"author_info":[],"comment_info":"","_links":{"self":[{"href":"https:\/\/footballthrift.shop\/de\/wp-json\/wp\/v2\/product\/121751","targetHints":{"allow":["GET"]}}],"collection":[{"href":"https:\/\/footballthrift.shop\/de\/wp-json\/wp\/v2\/product"}],"about":[{"href":"https:\/\/footballthrift.shop\/de\/wp-json\/wp\/v2\/types\/product"}],"wp:featuredmedia":[{"embeddable":true,"href":"https:\/\/footballthrift.shop\/de\/wp-json\/wp\/v2\/media\/121761"}],"wp:attachment":[{"href":"https:\/\/footballthrift.shop\/de\/wp-json\/wp\/v2\/media?parent=121751"}],"wp:term":[{"taxonomy":"product_brand","embeddable":true,"href":"https:\/\/footballthrift.shop\/de\/wp-json\/wp\/v2\/product_brand?post=121751"},{"taxonomy":"product_cat","embeddable":true,"href":"https:\/\/footballthrift.shop\/de\/wp-json\/wp\/v2\/product_cat?post=121751"},{"taxonomy":"product_tag","embeddable":true,"href":"https:\/\/footballthrift.shop\/de\/wp-json\/wp\/v2\/product_tag?post=121751"}],"curies":[{"name":"wp","href":"https:\/\/api.w.org\/{rel}","templated":true}]}}