{"id":121750,"date":"2026-03-29T17:59:43","date_gmt":"2026-03-29T15:59:43","guid":{"rendered":"https:\/\/footballthrift.shop\/?post_type=product&#038;p=121750"},"modified":"2026-03-29T17:59:43","modified_gmt":"2026-03-29T15:59:43","slug":"koszulka-bramkarska-manchester-united-2013-14-l","status":"publish","type":"product","link":"https:\/\/footballthrift.shop\/de\/koszulka-bramkarska-manchester-united-2013-14-l\/","title":{"rendered":"Koszulka bramkarska Manchester United 2013\/14 [L]"},"content":{"rendered":"<p><strong>Verein:<\/strong> Manchester United<\/p>\n<p><strong>Saison:<\/strong> 2013\/14<\/p>\n<p><strong>Gr\u00f6\u00dfe: <\/strong>L<\/p>\n<p><strong>Zustand:<\/strong> Sehr gut - zwei Mikrostiche.<\/p>\n<p><strong>Ma\u00dfe (Achselbreite\/L\u00e4nge) in cm: <\/strong>56\/75<\/p>","protected":false},"excerpt":{"rendered":"<p><strong>Original Manchester United Torwart Fu\u00dfballtrikot aus der Saison 2013\/14 von Nike.\u00a0<\/strong><\/p>\n<p>Modell Torwart <strong>Manchester United<\/strong> aus der Saison <strong>2013\/14<\/strong>hergestellt von <strong>Nike<\/strong> Gr\u00f6\u00dfe L, stammt aus einer der wichtigsten Perioden in der j\u00fcngeren Geschichte des Vereins. Es war die erste Saison nach dem Weggang von Sir Alex Ferguson, die mit einem entt\u00e4uschenden Ligaergebnis und einem Trainerwechsel w\u00e4hrend der Saison endete.<\/p>\n<p>Das Trikot wurde in gr\u00fcner Farbgebung produziert und sein schlichtes, funktionales Design wird durch den Sponsorenaufdruck unterstrichen <strong>AON<\/strong> mittig auf der Vorderseite angebracht. Dieses Modell ist in einer selteneren Langarmversion erh\u00e4ltlich, die den Sammlerwert erh\u00f6ht und es von den Standardvarianten abhebt.<\/p>\n<p>In der Saison 2013\/14, Tore <strong>Manchester United<\/strong> prim\u00e4r bewacht <strong>David de Gea<\/strong>, der einer der besten Spieler der Mannschaft war und die Mannschaft in schwierigen Momenten immer wieder gerettet hat, und <strong>Anders Lindegaard<\/strong>, der als Ersatzspieler fungierte. Zum Kader geh\u00f6rten auch erfahrene Spieler wie <strong>Wayne Rooney<\/strong>, <strong>Robin van Persie<\/strong>, <strong>Michael Carrick<\/strong> oder <strong>Ryan Giggs<\/strong>, der versucht hat, das hohe sportliche Niveau der Mannschaft trotz einer schwierigen \u00dcbergangsphase aufrechtzuerhalten.<\/p>\n<p>Das T-Shirt ist aus einem leichten und luftigen Material gefertigt und der Schnitt in Gr\u00f6\u00dfe L entspricht den Standards der <strong>Nike<\/strong>, und sorgt f\u00fcr eine Passform, die dem Design der Marke entspricht.<\/p>\n<p>Dies ist f\u00fcr Sammler und Fans, die ein originales Torwarttrikot suchen <strong>Manchester United<\/strong> aus der Saison <strong>2013\/14<\/strong>, ein klarer Beleg f\u00fcr den Beginn einer neuen \u00c4ra nach dem Abgang des legend\u00e4ren Trainers.<\/p>","protected":false},"featured_media":122024,"template":"","meta":{"_kad_blocks_custom_css":"","_kad_blocks_head_custom_js":"","_kad_blocks_body_custom_js":"","_kad_blocks_footer_custom_js":"","_kad_post_transparent":"default","_kad_post_title":"","_kad_post_layout":"default","_kad_post_sidebar_id":"","_kad_post_content_style":"default","_kad_post_vertical_padding":"default","_kad_post_feature":"","_kad_post_feature_position":"","_kad_post_header":false,"_kad_post_footer":false,"_kad_post_classname":""},"product_brand":[1284],"product_cat":[15,1478],"product_tag":[],"class_list":{"0":"post-121750","1":"product","2":"type-product","3":"status-publish","4":"has-post-thumbnail","6":"product_brand-nike","7":"product_cat-bez-kategorii","8":"product_cat-manchester-united","9":"pa_rozmiar-l","11":"first","12":"instock","13":"taxable","14":"shipping-taxable","15":"purchasable","16":"product-type-simple","17":"entry","18":"content-bg","19":"loop-entry"},"taxonomy_info":{"product_brand":[{"value":1284,"label":"Nike"}],"product_cat":[{"value":15,"label":"Bez kategorii"},{"value":1478,"label":"Manchester United"}],"pa_rozmiar":[{"value":1817,"label":"L"}]},"featured_image_src_large":["https:\/\/footballthrift.shop\/wp-content\/uploads\/2026\/03\/Photoroom_20260326_105025-1024x1024.jpg",1024,1024,true],"author_info":[],"comment_info":"","_links":{"self":[{"href":"https:\/\/footballthrift.shop\/de\/wp-json\/wp\/v2\/product\/121750","targetHints":{"allow":["GET"]}}],"collection":[{"href":"https:\/\/footballthrift.shop\/de\/wp-json\/wp\/v2\/product"}],"about":[{"href":"https:\/\/footballthrift.shop\/de\/wp-json\/wp\/v2\/types\/product"}],"wp:featuredmedia":[{"embeddable":true,"href":"https:\/\/footballthrift.shop\/de\/wp-json\/wp\/v2\/media\/122024"}],"wp:attachment":[{"href":"https:\/\/footballthrift.shop\/de\/wp-json\/wp\/v2\/media?parent=121750"}],"wp:term":[{"taxonomy":"product_brand","embeddable":true,"href":"https:\/\/footballthrift.shop\/de\/wp-json\/wp\/v2\/product_brand?post=121750"},{"taxonomy":"product_cat","embeddable":true,"href":"https:\/\/footballthrift.shop\/de\/wp-json\/wp\/v2\/product_cat?post=121750"},{"taxonomy":"product_tag","embeddable":true,"href":"https:\/\/footballthrift.shop\/de\/wp-json\/wp\/v2\/product_tag?post=121750"}],"curies":[{"name":"wp","href":"https:\/\/api.w.org\/{rel}","templated":true}]}}