{"id":121749,"date":"2026-03-29T17:59:44","date_gmt":"2026-03-29T15:59:44","guid":{"rendered":"https:\/\/footballthrift.shop\/?post_type=product&#038;p=121749"},"modified":"2026-03-29T17:59:44","modified_gmt":"2026-03-29T15:59:44","slug":"koszulka-pilkarska-manchester-united-2003-05-away-7-ronaldo-xxl","status":"publish","type":"product","link":"https:\/\/footballthrift.shop\/de\/koszulka-pilkarska-manchester-united-2003-05-away-7-ronaldo-xxl\/","title":{"rendered":"Koszulka pi\u0142karska Manchester United 2003\/05 Away 7 Ronaldo [XXL]"},"content":{"rendered":"<p><strong>Verein:<\/strong> Manchester United<\/p>\n<p><strong>Saison:<\/strong> 2003\/05 Ausw\u00e4rts<\/p>\n<p><strong>Gr\u00f6\u00dfe: <\/strong>XXL<\/p>\n<p><strong>Zustand:<\/strong> Dobry &#8211; nieznacznie uszkodzony nadruk sponsora na froncie oraz zszarza\u0142e nadruki na plecach i nieznacznie odklejaj\u0105ca si\u0119 literka 'D&#8217; na plecach.<\/p>\n<p><strong>Ma\u00dfe (Achselbreite\/L\u00e4nge) in cm: <\/strong>63\/83<\/p>","protected":false},"excerpt":{"rendered":"<p><strong>Original Manchester United Ausw\u00e4rtstrikot aus der Saison 2003\/05 von Nike mit Cristiano Ronaldo-Aufdruck.\u00a0<\/strong><\/p>\n<p>Ausw\u00e4rtsmodell <strong>Manchester United<\/strong> im Laufe der Jahre <strong>2003\/05<\/strong>hergestellt von <strong>Nike<\/strong> in XXL-Gr\u00f6\u00dfe, stammt aus einer Zeit, in der Sir Alex Ferguson sein Team umbaute und eine neue Generation von Spielern einf\u00fchrte. Es war eine Zeit des allm\u00e4hlichen \u00dcbergangs von der Mannschaft der sp\u00e4ten 1990er Jahre zu einer j\u00fcngeren, dynamischeren Mannschaft.<\/p>\n<p>Das T-Shirt ist auf einem schwarzen Grundgewebe gefertigt und wird durch wei\u00dfe Bes\u00e4tze am Kragen und an den \u00c4rmeln erg\u00e4nzt, was dem Design einen eleganten und kontrastreichen Charakter verleiht. Auf der Vorderseite befindet sich ein zentraler Sponsorenaufdruck. <strong>Vodafone<\/strong>, Die \u00c4rmel sind mit Premier-League-Aufn\u00e4hern verziert, die die Teilnahme der Mannschaft an der h\u00f6chsten Spielklasse unterstreichen.<\/p>\n<p>Auf der R\u00fcckseite befindet sich ein origineller Aufdruck. <strong>Cristiano Ronaldo<\/strong>, der zu dieser Zeit seine ersten Schritte in der <strong>Manchester United<\/strong> Nach seinem Wechsel von Sporting. Der Portugiese fiel schnell durch seine Technik, seine Dynamik und seine Dribblings auf und wurde zu einem der aufregendsten jungen Spieler in Europa. Zum Kader geh\u00f6rten au\u00dferdem <strong>Ryan Giggs<\/strong>, <strong>Paul Scholes<\/strong>, <strong>Roy Keane<\/strong> oder <strong>Ruud van Nistelrooy<\/strong>, die den Kern der Mannschaft bildeten und die Entwicklung der j\u00fcngeren Spieler f\u00f6rderten.<\/p>\n<p>Das T-Shirt ist aus einem leichten und luftigen Material gefertigt und der XXL-Schnitt entspricht den Standards der <strong>Nike<\/strong>, und bietet die klassische Passform, die f\u00fcr die Designs der Marke charakteristisch ist.<\/p>\n<p>Dies ist f\u00fcr Sammler und Fans, die ein originales Ausw\u00e4rtstrikot suchen <strong>Manchester United<\/strong> im Laufe der Jahre <strong>2003\/05<\/strong>, Ein klarer Beleg f\u00fcr den Beginn einer neuen \u00c4ra, die von Cristiano Ronaldo angef\u00fchrt wird.<\/p>","protected":false},"featured_media":122015,"template":"","meta":{"_kad_blocks_custom_css":"","_kad_blocks_head_custom_js":"","_kad_blocks_body_custom_js":"","_kad_blocks_footer_custom_js":"","_kad_post_transparent":"default","_kad_post_title":"","_kad_post_layout":"default","_kad_post_sidebar_id":"","_kad_post_content_style":"default","_kad_post_vertical_padding":"default","_kad_post_feature":"","_kad_post_feature_position":"","_kad_post_header":false,"_kad_post_footer":false,"_kad_post_classname":""},"product_brand":[1284],"product_cat":[15,1478],"product_tag":[],"class_list":{"0":"post-121749","1":"product","2":"type-product","3":"status-publish","4":"has-post-thumbnail","6":"product_brand-nike","7":"product_cat-bez-kategorii","8":"product_cat-manchester-united","9":"pa_homeawaythird-away","10":"pa_rozmiar-xxl","12":"first","13":"instock","14":"taxable","15":"shipping-taxable","16":"purchasable","17":"product-type-simple","18":"entry","19":"content-bg","20":"loop-entry"},"taxonomy_info":{"product_brand":[{"value":1284,"label":"Nike"}],"product_cat":[{"value":15,"label":"Bez kategorii"},{"value":1478,"label":"Manchester United"}],"pa_homeawaythird":[{"value":1598,"label":"Away"}],"pa_rozmiar":[{"value":1819,"label":"XXL"}]},"featured_image_src_large":["https:\/\/footballthrift.shop\/wp-content\/uploads\/2026\/03\/Photoroom_20260326_105346-1024x1024.jpg",1024,1024,true],"author_info":[],"comment_info":"","_links":{"self":[{"href":"https:\/\/footballthrift.shop\/de\/wp-json\/wp\/v2\/product\/121749","targetHints":{"allow":["GET"]}}],"collection":[{"href":"https:\/\/footballthrift.shop\/de\/wp-json\/wp\/v2\/product"}],"about":[{"href":"https:\/\/footballthrift.shop\/de\/wp-json\/wp\/v2\/types\/product"}],"wp:featuredmedia":[{"embeddable":true,"href":"https:\/\/footballthrift.shop\/de\/wp-json\/wp\/v2\/media\/122015"}],"wp:attachment":[{"href":"https:\/\/footballthrift.shop\/de\/wp-json\/wp\/v2\/media?parent=121749"}],"wp:term":[{"taxonomy":"product_brand","embeddable":true,"href":"https:\/\/footballthrift.shop\/de\/wp-json\/wp\/v2\/product_brand?post=121749"},{"taxonomy":"product_cat","embeddable":true,"href":"https:\/\/footballthrift.shop\/de\/wp-json\/wp\/v2\/product_cat?post=121749"},{"taxonomy":"product_tag","embeddable":true,"href":"https:\/\/footballthrift.shop\/de\/wp-json\/wp\/v2\/product_tag?post=121749"}],"curies":[{"name":"wp","href":"https:\/\/api.w.org\/{rel}","templated":true}]}}