{"id":121748,"date":"2026-03-29T17:59:45","date_gmt":"2026-03-29T15:59:45","guid":{"rendered":"https:\/\/footballthrift.shop\/?post_type=product&#038;p=121748"},"modified":"2026-03-29T17:59:45","modified_gmt":"2026-03-29T15:59:45","slug":"koszulka-pilkarska-leeds-united-fc-2002-03-home-xl","status":"publish","type":"product","link":"https:\/\/footballthrift.shop\/de\/koszulka-pilkarska-leeds-united-fc-2002-03-home-xl\/","title":{"rendered":"Koszulka pi\u0142karska Leeds United FC 2002\/03 Home [XL]"},"content":{"rendered":"<p><strong>Verein:<\/strong> Leeds United FC<\/p>\n<p><strong>Saison:<\/strong> 2002\/03 Heim<\/p>\n<p><strong>Gr\u00f6\u00dfe: <\/strong>XL<\/p>\n<p><strong>Zustand:<\/strong> Sehr gut - zwei leichte Verschmutzungen.<\/p>\n<p><strong>Ma\u00dfe (Achselbreite\/L\u00e4nge) in cm: <\/strong>57\/72<\/p>","protected":false},"excerpt":{"rendered":"<p><strong>Original Leeds United FC Heimtrikot aus der Saison 2002\/03 von Nike.\u00a0<\/strong><\/p>\n<p>Heimmodell <strong>Leeds United FC<\/strong> aus der Saison <strong>2002\/03<\/strong>hergestellt von <strong>Nike<\/strong> in XL-Gr\u00f6\u00dfe, stammt aus einer der schwierigsten Phasen der Vereinsgeschichte. Die Mannschaft, die bis vor kurzem noch in der Champions League spielte, k\u00e4mpfte mit sportlichen und organisatorischen Problemen und musste am Ende der Saison um den Verbleib in der Premier League k\u00e4mpfen.<\/p>\n<p>Das T-Shirt wurde auf einem klassischen wei\u00dfen Untergrund hergestellt, einem Markenzeichen der <strong>Leeds United FC<\/strong>, Dazu kommen blaue \u00c4rmelabschl\u00fcsse und ein Polokragen, die dem Design einen traditionellen Look verleihen. Auf der Vorderseite befindet sich ein zentraler Sponsorenaufdruck. <strong>Strongbow<\/strong>, und hebt sich deutlich von dem hellen Hintergrund ab.<\/p>\n<p>In der Saison 2002\/03 wurden die Farben <strong>Leeds United FC<\/strong> vertreten u.a. durch. <strong>Mark Viduka<\/strong>, die Hauptfigur der Offensive, <strong>Alan Smith<\/strong>, der f\u00fcr seine Tapferkeit und sein Engagement bekannt ist, und ein junger <strong>James Milner<\/strong>, die ihre ersten Schritte im Seniorenfu\u00dfball machten. Es gab auch einige erfahrene Spieler im Kader, aber die Mannschaft konnte nicht an ihre fr\u00fcheren Erfolge ankn\u00fcpfen.<\/p>\n<p>Das T-Shirt ist aus leichtem und atmungsaktivem Material gefertigt und der Schnitt in Gr\u00f6\u00dfe XL entspricht den Standards der <strong>Nike<\/strong>, und bietet die klassische Passform, die f\u00fcr die Designs der Marke charakteristisch ist.<\/p>\n<p>F\u00fcr Sammler und Fans, die ein originales Heimtrikot suchen <strong>Leeds United FC<\/strong> aus der Saison <strong>2002\/03<\/strong>, eine klare Aufzeichnung einer der schwierigsten Perioden in der Geschichte des Vereins.<\/p>","protected":false},"featured_media":122006,"template":"","meta":{"_kad_blocks_custom_css":"","_kad_blocks_head_custom_js":"","_kad_blocks_body_custom_js":"","_kad_blocks_footer_custom_js":"","_kad_post_transparent":"default","_kad_post_title":"","_kad_post_layout":"default","_kad_post_sidebar_id":"","_kad_post_content_style":"default","_kad_post_vertical_padding":"default","_kad_post_feature":"","_kad_post_feature_position":"","_kad_post_header":false,"_kad_post_footer":false,"_kad_post_classname":""},"product_brand":[1284],"product_cat":[15,2032],"product_tag":[],"class_list":{"0":"post-121748","1":"product","2":"type-product","3":"status-publish","4":"has-post-thumbnail","6":"product_brand-nike","7":"product_cat-bez-kategorii","8":"product_cat-leeds-united-fc","9":"pa_homeawaythird-home","10":"pa_rozmiar-xl","12":"first","13":"instock","14":"taxable","15":"shipping-taxable","16":"purchasable","17":"product-type-simple","18":"entry","19":"content-bg","20":"loop-entry"},"taxonomy_info":{"product_brand":[{"value":1284,"label":"Nike"}],"product_cat":[{"value":15,"label":"Bez kategorii"},{"value":2032,"label":"Leeds United FC"}],"pa_homeawaythird":[{"value":1597,"label":"Home"}],"pa_rozmiar":[{"value":1818,"label":"XL"}]},"featured_image_src_large":["https:\/\/footballthrift.shop\/wp-content\/uploads\/2026\/03\/Photoroom_20260326_105643-1024x1024.jpg",1024,1024,true],"author_info":[],"comment_info":"","_links":{"self":[{"href":"https:\/\/footballthrift.shop\/de\/wp-json\/wp\/v2\/product\/121748","targetHints":{"allow":["GET"]}}],"collection":[{"href":"https:\/\/footballthrift.shop\/de\/wp-json\/wp\/v2\/product"}],"about":[{"href":"https:\/\/footballthrift.shop\/de\/wp-json\/wp\/v2\/types\/product"}],"wp:featuredmedia":[{"embeddable":true,"href":"https:\/\/footballthrift.shop\/de\/wp-json\/wp\/v2\/media\/122006"}],"wp:attachment":[{"href":"https:\/\/footballthrift.shop\/de\/wp-json\/wp\/v2\/media?parent=121748"}],"wp:term":[{"taxonomy":"product_brand","embeddable":true,"href":"https:\/\/footballthrift.shop\/de\/wp-json\/wp\/v2\/product_brand?post=121748"},{"taxonomy":"product_cat","embeddable":true,"href":"https:\/\/footballthrift.shop\/de\/wp-json\/wp\/v2\/product_cat?post=121748"},{"taxonomy":"product_tag","embeddable":true,"href":"https:\/\/footballthrift.shop\/de\/wp-json\/wp\/v2\/product_tag?post=121748"}],"curies":[{"name":"wp","href":"https:\/\/api.w.org\/{rel}","templated":true}]}}