{"id":121747,"date":"2026-03-29T17:59:46","date_gmt":"2026-03-29T15:59:46","guid":{"rendered":"https:\/\/footballthrift.shop\/?post_type=product&#038;p=121747"},"modified":"2026-03-29T17:59:46","modified_gmt":"2026-03-29T15:59:46","slug":"koszulka-pilkarska-juventus-fc-2023-24-away-m","status":"publish","type":"product","link":"https:\/\/footballthrift.shop\/de\/koszulka-pilkarska-juventus-fc-2023-24-away-m\/","title":{"rendered":"Koszulka pi\u0142karska Juventus FC 2023\/24 Away [M]"},"content":{"rendered":"<p><strong>Verein:<\/strong> Juventus FC<\/p>\n<p><strong>Saison:<\/strong> 2023\/24 Ausw\u00e4rts<\/p>\n<p><strong>Gr\u00f6\u00dfe: <\/strong>M<\/p>\n<p><strong>Zustand:<\/strong> Ausgezeichnet<\/p>\n<p><strong>Ma\u00dfe (Achselbreite\/L\u00e4nge) in cm: <\/strong>52\/74<\/p>","protected":false},"excerpt":{"rendered":"<p><strong>Original Juventus FC Ausw\u00e4rtstrikot aus der Saison 2023\/24 von Adidas.\u00a0<\/strong><\/p>\n<p>Ausw\u00e4rtsmodell <strong>Juventus FC<\/strong> aus der Saison <strong>2023\/24<\/strong>hergestellt von <strong>Adidas<\/strong> in Gr\u00f6\u00dfe M, kommt aus einer Phase des Wiederaufbaus der Mannschaft und k\u00e4mpft um die R\u00fcckkehr an die Spitze der Serie A. Die Mannschaft unter Massimiliano Allegri k\u00e4mpfte um die Spitzenpl\u00e4tze in der Liga und st\u00fctzte sich dabei auf eine solide Defensivleistung und einen pragmatischen Ansatz.<\/p>\n<p>Das Trikot ist mit einem horizontalen Streifenmuster in Wei\u00df, Grau und Rosa versehen, das ein modernes und unverwechselbares Design schafft. Auf der Vorderseite befindet sich ein zentraler Sponsorenaufdruck <strong>Jeep<\/strong>, das in starkem Kontrast zu den hellen Farben des T-Shirts steht und ein Schl\u00fcsselelement der Komposition ist. Das Ganze steht im Einklang mit dem unverwechselbaren Stil der Entw\u00fcrfe <strong>Adidas<\/strong>.<\/p>\n<p>In der Saison 2023\/24 werden die Farben <strong>Juventus FC<\/strong> vertreten u.a. durch. <strong>Du\u0161an Vlahovi\u0107<\/strong>, die Hauptfigur der Offensive, <strong>Federico Chiesa<\/strong>, die f\u00fcr Dynamik und Kreativit\u00e4t auf den Fl\u00fcgeln verantwortlich sind, und <strong>Adrien Rabiot<\/strong> oder <strong>Danilo<\/strong>, die sowohl im Mittelfeld als auch in der Defensive ein wichtiges Bindeglied in der Mannschaft waren.<\/p>\n<p>Das T-Shirt ist aus einem leichten und luftigen Material gefertigt und der Schnitt in Gr\u00f6\u00dfe M entspricht den Standards der <strong>Adidas<\/strong>, und sorgt f\u00fcr eine Passform, die dem Design der Marke entspricht.<\/p>\n<p>Dies ist f\u00fcr Sammler und Fans, die ein originales Ausw\u00e4rtstrikot suchen <strong>Juventus FC<\/strong> aus der Saison <strong>2023\/24<\/strong>, Die Zeit des Wiederaufbaus und der Kampf um den Wiederaufstieg in die Spitze des italienischen Fu\u00dfballs werden hier anschaulich dokumentiert.<\/p>","protected":false},"featured_media":121999,"template":"","meta":{"_kad_blocks_custom_css":"","_kad_blocks_head_custom_js":"","_kad_blocks_body_custom_js":"","_kad_blocks_footer_custom_js":"","_kad_post_transparent":"default","_kad_post_title":"","_kad_post_layout":"default","_kad_post_sidebar_id":"","_kad_post_content_style":"default","_kad_post_vertical_padding":"default","_kad_post_feature":"","_kad_post_feature_position":"","_kad_post_header":false,"_kad_post_footer":false,"_kad_post_classname":""},"product_brand":[1283],"product_cat":[15,1462],"product_tag":[],"class_list":{"0":"post-121747","1":"product","2":"type-product","3":"status-publish","4":"has-post-thumbnail","6":"product_brand-adidas","7":"product_cat-bez-kategorii","8":"product_cat-kluby-wloskie-juventusfc","9":"pa_homeawaythird-away","10":"pa_rozmiar-m","12":"first","13":"instock","14":"taxable","15":"shipping-taxable","16":"purchasable","17":"product-type-simple","18":"entry","19":"content-bg","20":"loop-entry"},"taxonomy_info":{"product_brand":[{"value":1283,"label":"Adidas"}],"product_cat":[{"value":15,"label":"Bez kategorii"},{"value":1462,"label":"Juventus FC"}],"pa_homeawaythird":[{"value":1598,"label":"Away"}],"pa_rozmiar":[{"value":1816,"label":"M"}]},"featured_image_src_large":["https:\/\/footballthrift.shop\/wp-content\/uploads\/2026\/03\/Photoroom_20260326_104530-1024x1024.jpg",1024,1024,true],"author_info":[],"comment_info":"","_links":{"self":[{"href":"https:\/\/footballthrift.shop\/de\/wp-json\/wp\/v2\/product\/121747","targetHints":{"allow":["GET"]}}],"collection":[{"href":"https:\/\/footballthrift.shop\/de\/wp-json\/wp\/v2\/product"}],"about":[{"href":"https:\/\/footballthrift.shop\/de\/wp-json\/wp\/v2\/types\/product"}],"wp:featuredmedia":[{"embeddable":true,"href":"https:\/\/footballthrift.shop\/de\/wp-json\/wp\/v2\/media\/121999"}],"wp:attachment":[{"href":"https:\/\/footballthrift.shop\/de\/wp-json\/wp\/v2\/media?parent=121747"}],"wp:term":[{"taxonomy":"product_brand","embeddable":true,"href":"https:\/\/footballthrift.shop\/de\/wp-json\/wp\/v2\/product_brand?post=121747"},{"taxonomy":"product_cat","embeddable":true,"href":"https:\/\/footballthrift.shop\/de\/wp-json\/wp\/v2\/product_cat?post=121747"},{"taxonomy":"product_tag","embeddable":true,"href":"https:\/\/footballthrift.shop\/de\/wp-json\/wp\/v2\/product_tag?post=121747"}],"curies":[{"name":"wp","href":"https:\/\/api.w.org\/{rel}","templated":true}]}}