{"id":121746,"date":"2026-03-29T17:59:46","date_gmt":"2026-03-29T15:59:46","guid":{"rendered":"https:\/\/footballthrift.shop\/?post_type=product&#038;p=121746"},"modified":"2026-03-29T17:59:46","modified_gmt":"2026-03-29T15:59:46","slug":"fusballtrikot-galatasaray-sk-1996-97-nach-hause-5-xl","status":"publish","type":"product","link":"https:\/\/footballthrift.shop\/de\/koszulka-pilkarska-galatasaray-sk-1996-97-home-5-xl\/","title":{"rendered":"Koszulka pi\u0142karska Galatasaray SK 1996\/97 Home 5 [XL]"},"content":{"rendered":"<p><strong>Verein:<\/strong> Galatasaray SK<\/p>\n<p><strong>Saison:<\/strong> 1996\/97 Heimat<\/p>\n<p><strong>Gr\u00f6\u00dfe: <\/strong>XL<\/p>\n<p><strong>Zustand:<\/strong> Befriedigend - erhebliche Anzahl von Abrissen und besch\u00e4digte Nummer auf der R\u00fcckseite.<\/p>\n<p><strong>Ma\u00dfe (Achselbreite\/L\u00e4nge) in cm: <\/strong>62\/77<\/p>","protected":false},"excerpt":{"rendered":"<p><strong>Original Galatasaray SK Heimtrikot aus der Saison 1996\/97 von Adidas.\u00a0<\/strong><\/p>\n<p>Heimmodell <strong>Galatasaray SK<\/strong> aus der Saison <strong>1996\/97<\/strong>hergestellt von <strong>Adidas<\/strong> in XL-Gr\u00f6\u00dfe, stammt aus einer Zeit, als der Verein zu den Spitzenmannschaften des t\u00fcrkischen Fu\u00dfballs geh\u00f6rte und regelm\u00e4\u00dfig um die h\u00f6chsten nationalen Ziele k\u00e4mpfte. Es waren die Jahre, in denen eine starke Mannschaft aufgebaut wurde, die in den folgenden Spielzeiten auch auf der internationalen B\u00fchne erfolgreich war.<\/p>\n<p>Das T-Shirt wurde in einem Klassiker f\u00fcr die <strong>Galatasaray SK<\/strong> Farbgebung, die in zwei H\u00e4lften unterteilt ist - die rechte H\u00e4lfte in Gelb, die linke in Rot. Ein Polokragen vervollst\u00e4ndigt den Look und verleiht dem Design eine traditionelle Note, mit einem zentralen Sponsorenaufdruck auf der Vorderseite. <strong>Vakif Bank<\/strong>. Auf der R\u00fcckseite sind die Nummer 5 und ein sichtbares Autogramm zu sehen, was dem Trikot eine einzigartige und sammelbare Note verleiht.<\/p>\n<p>Zu dieser Zeit waren die Farben <strong>Galatasaray SK<\/strong> vertreten u.a. durch. <strong>Hakan \u015e\u00fck\u00fcr<\/strong>, einer der legend\u00e4rsten St\u00fcrmer in der Geschichte des Vereins und der t\u00fcrkischen Nationalmannschaft, sowie <strong>Gheorghe Hagi<\/strong>, der der Mannschaft beitrat und in den folgenden Jahren ihr Anf\u00fchrer wurde. Zum Kader geh\u00f6rten auch erfahrene Spieler, die das Fundament der Mannschaft bildeten und zum Aufbau der sp\u00e4teren Erfolge beitrugen.<\/p>\n<p>Das T-Shirt ist aus leichtem und atmungsaktivem Material gefertigt und der Schnitt in Gr\u00f6\u00dfe XL entspricht den Standards der <strong>Adidas<\/strong>, und bietet die klassische Passform, die f\u00fcr die Designs der Marke charakteristisch ist.<\/p>\n<p>F\u00fcr Sammler und Fans, die ein originales Heimtrikot suchen <strong>Galatasaray SK<\/strong> aus der Saison <strong>1996\/97<\/strong>, Ein klarer Beleg f\u00fcr eine Periode des Aufbaus einer der st\u00e4rksten Mannschaften in der Geschichte des Vereins.<\/p>","protected":false},"featured_media":121986,"template":"","meta":{"_kad_blocks_custom_css":"","_kad_blocks_head_custom_js":"","_kad_blocks_body_custom_js":"","_kad_blocks_footer_custom_js":"","_kad_post_transparent":"default","_kad_post_title":"","_kad_post_layout":"default","_kad_post_sidebar_id":"","_kad_post_content_style":"default","_kad_post_vertical_padding":"default","_kad_post_feature":"","_kad_post_feature_position":"","_kad_post_header":false,"_kad_post_footer":false,"_kad_post_classname":""},"product_brand":[1283],"product_cat":[15,1492],"product_tag":[],"class_list":{"0":"post-121746","1":"product","2":"type-product","3":"status-publish","4":"has-post-thumbnail","6":"product_brand-adidas","7":"product_cat-bez-kategorii","8":"product_cat-kluby-tureckie","9":"pa_homeawaythird-home","10":"pa_rozmiar-xl","12":"first","13":"instock","14":"taxable","15":"shipping-taxable","16":"purchasable","17":"product-type-simple","18":"entry","19":"content-bg","20":"loop-entry"},"taxonomy_info":{"product_brand":[{"value":1283,"label":"Adidas"}],"product_cat":[{"value":15,"label":"Bez kategorii"},{"value":1492,"label":"Turcja"}],"pa_homeawaythird":[{"value":1597,"label":"Home"}],"pa_rozmiar":[{"value":1818,"label":"XL"}]},"featured_image_src_large":["https:\/\/footballthrift.shop\/wp-content\/uploads\/2026\/03\/Photoroom_20260326_104244-1024x1024.jpg",1024,1024,true],"author_info":[],"comment_info":"","_links":{"self":[{"href":"https:\/\/footballthrift.shop\/de\/wp-json\/wp\/v2\/product\/121746","targetHints":{"allow":["GET"]}}],"collection":[{"href":"https:\/\/footballthrift.shop\/de\/wp-json\/wp\/v2\/product"}],"about":[{"href":"https:\/\/footballthrift.shop\/de\/wp-json\/wp\/v2\/types\/product"}],"wp:featuredmedia":[{"embeddable":true,"href":"https:\/\/footballthrift.shop\/de\/wp-json\/wp\/v2\/media\/121986"}],"wp:attachment":[{"href":"https:\/\/footballthrift.shop\/de\/wp-json\/wp\/v2\/media?parent=121746"}],"wp:term":[{"taxonomy":"product_brand","embeddable":true,"href":"https:\/\/footballthrift.shop\/de\/wp-json\/wp\/v2\/product_brand?post=121746"},{"taxonomy":"product_cat","embeddable":true,"href":"https:\/\/footballthrift.shop\/de\/wp-json\/wp\/v2\/product_cat?post=121746"},{"taxonomy":"product_tag","embeddable":true,"href":"https:\/\/footballthrift.shop\/de\/wp-json\/wp\/v2\/product_tag?post=121746"}],"curies":[{"name":"wp","href":"https:\/\/api.w.org\/{rel}","templated":true}]}}