{"id":121744,"date":"2026-03-29T17:59:47","date_gmt":"2026-03-29T15:59:47","guid":{"rendered":"https:\/\/footballthrift.shop\/?post_type=product&#038;p=121744"},"modified":"2026-03-29T17:59:47","modified_gmt":"2026-03-29T15:59:47","slug":"koszulka-bramkarska-match-issue-fc-luzern-2011-12-1-zibung-l","status":"publish","type":"product","link":"https:\/\/footballthrift.shop\/de\/koszulka-bramkarska-match-issue-fc-luzern-2011-12-1-zibung-l\/","title":{"rendered":"Koszulka bramkarska MATCH ISSUE FC Luzern 2011\/12 1 Zibung [L]"},"content":{"rendered":"<p><strong>Verein:<\/strong> FC Luzern<\/p>\n<p><strong>Saison:<\/strong> 2011\/12<\/p>\n<p><strong>Gr\u00f6\u00dfe: <\/strong>L<\/p>\n<p><strong>Zustand:<\/strong> Bardzo dobry &#8211; nieznacznie odklejaj\u0105cy si\u0119 emblemat Schweizer Cup na froncie.<\/p>\n<p><strong>Ma\u00dfe (Achselbreite\/L\u00e4nge) in cm: <\/strong>56\/76(vorne), 85(hinten)<\/p>","protected":false},"excerpt":{"rendered":"<p><strong>Original FC Luzern Torwart Trikot aus der Saison 2011\/12 von Adidas, bedruckt von David Zibung.\u00a0<\/strong><\/p>\n<p>Modell Torwart <strong>FC Luzern<\/strong> aus der Saison <strong>2011\/12<\/strong>hergestellt von <strong>Adidas<\/strong> in der Gr\u00f6sse L, geht auf die stabilen Leistungen des Vereins in der ersten Schweizer Liga zur\u00fcck. Damals geh\u00f6rte das Team zu den soliden Mannschaften der Liga, die regelm\u00e4\u00dfig auf hohem Niveau spielten und ihren Platz in der nationalen Spitzengruppe behaupteten.<\/p>\n<p>Das Trikot ist in einem intensiven Violett gehalten und hebt sich damit von den \u00fcblichen Torwarttrikots ab. Auf der Vorderseite ist das Emblem des Schweizer Cups abgebildet, was den Spieltagscharakter unterstreicht. Die gesamte Design\u00e4sthetik steht im Einklang mit der <strong>Adidas<\/strong> aus den fr\u00fchen 2010er Jahren. Das T-Shirt wurde unter Verwendung des <strong>Formotion<\/strong>, Die Spitzenmodelle der Marke.<\/p>\n<p>Auf der R\u00fcckseite befindet sich ein origineller Aufdruck. <strong>David Zibung<\/strong>, ein langj\u00e4hriger Torwart und eine der gr\u00f6\u00dften Legenden <strong>FC Luzern<\/strong>, Er war ein Symbol f\u00fcr Stabilit\u00e4t zwischen den Pfosten, und seine Loyalit\u00e4t und Regelm\u00e4\u00dfigkeit machten ihn zu einer der bekanntesten Figuren in der Geschichte der Mannschaft.<\/p>\n<p>Das T-Shirt ist aus einem leichten und luftigen Material gefertigt und der Schnitt in Gr\u00f6\u00dfe L entspricht den Standards der <strong>Adidas<\/strong>, und sorgt f\u00fcr eine Passform, die dem Design der Marke entspricht.<\/p>\n<p>Dies ist f\u00fcr Sammler und Fans, die ein originales Torwarttrikot suchen <strong>FC Luzern<\/strong> aus der Saison <strong>2011\/12<\/strong>, die eine der l\u00e4ngsten und stabilsten Perioden in der Geschichte des Vereins widerspiegelt.<\/p>","protected":false},"featured_media":121968,"template":"","meta":{"_kad_blocks_custom_css":"","_kad_blocks_head_custom_js":"","_kad_blocks_body_custom_js":"","_kad_blocks_footer_custom_js":"","_kad_post_transparent":"default","_kad_post_title":"","_kad_post_layout":"default","_kad_post_sidebar_id":"","_kad_post_content_style":"default","_kad_post_vertical_padding":"default","_kad_post_feature":"","_kad_post_feature_position":"","_kad_post_header":false,"_kad_post_footer":false,"_kad_post_classname":""},"product_brand":[1283],"product_cat":[15,1441,1409],"product_tag":[],"class_list":{"0":"post-121744","1":"product","2":"type-product","3":"status-publish","4":"has-post-thumbnail","6":"product_brand-adidas","7":"product_cat-bez-kategorii","8":"product_cat-austria-i-szwajcaria","9":"product_cat-match-worn-issue","10":"pa_rozmiar-l","12":"first","13":"instock","14":"taxable","15":"shipping-taxable","16":"purchasable","17":"product-type-simple","18":"entry","19":"content-bg","20":"loop-entry"},"taxonomy_info":{"product_brand":[{"value":1283,"label":"Adidas"}],"product_cat":[{"value":15,"label":"Bez kategorii"},{"value":1441,"label":"Austria i Szwajcaria"},{"value":1409,"label":"MATCH WORN &amp; ISSUE"}],"pa_rozmiar":[{"value":1817,"label":"L"}]},"featured_image_src_large":["https:\/\/footballthrift.shop\/wp-content\/uploads\/2026\/03\/Photoroom_20260326_104916-1024x1024.jpg",1024,1024,true],"author_info":[],"comment_info":"","_links":{"self":[{"href":"https:\/\/footballthrift.shop\/de\/wp-json\/wp\/v2\/product\/121744","targetHints":{"allow":["GET"]}}],"collection":[{"href":"https:\/\/footballthrift.shop\/de\/wp-json\/wp\/v2\/product"}],"about":[{"href":"https:\/\/footballthrift.shop\/de\/wp-json\/wp\/v2\/types\/product"}],"wp:featuredmedia":[{"embeddable":true,"href":"https:\/\/footballthrift.shop\/de\/wp-json\/wp\/v2\/media\/121968"}],"wp:attachment":[{"href":"https:\/\/footballthrift.shop\/de\/wp-json\/wp\/v2\/media?parent=121744"}],"wp:term":[{"taxonomy":"product_brand","embeddable":true,"href":"https:\/\/footballthrift.shop\/de\/wp-json\/wp\/v2\/product_brand?post=121744"},{"taxonomy":"product_cat","embeddable":true,"href":"https:\/\/footballthrift.shop\/de\/wp-json\/wp\/v2\/product_cat?post=121744"},{"taxonomy":"product_tag","embeddable":true,"href":"https:\/\/footballthrift.shop\/de\/wp-json\/wp\/v2\/product_tag?post=121744"}],"curies":[{"name":"wp","href":"https:\/\/api.w.org\/{rel}","templated":true}]}}