{"id":121742,"date":"2026-03-29T17:59:48","date_gmt":"2026-03-29T15:59:48","guid":{"rendered":"https:\/\/footballthrift.shop\/?post_type=product&#038;p=121742"},"modified":"2026-03-29T17:59:48","modified_gmt":"2026-03-29T15:59:48","slug":"koszulka-pilkarska-fc-kaiserslautern-2018-19-home-m","status":"publish","type":"product","link":"https:\/\/footballthrift.shop\/de\/koszulka-pilkarska-fc-kaiserslautern-2018-19-home-m\/","title":{"rendered":"Koszulka pi\u0142karska FC Kaiserslautern 2018\/19 Home [M]"},"content":{"rendered":"<p><strong>Verein:<\/strong> FC Kaiserslautern<\/p>\n<p><strong>Saison:<\/strong> 2018\/19 Heim<\/p>\n<p><strong>Gr\u00f6\u00dfe: <\/strong>M<\/p>\n<p><strong>Zustand:<\/strong> Ausgezeichnet<\/p>\n<p><strong>Ma\u00dfe (Achselbreite\/L\u00e4nge) in cm: <\/strong>51\/71<\/p>","protected":false},"excerpt":{"rendered":"<p><strong>Original Heimtrikot des 1. FC Kaiserslautern aus der Saison 2018\/19 von Uhlsport.\u00a0<\/strong><\/p>\n<p>Heimmodell <strong>1. FC Kaiserslautern<\/strong> aus der Saison <strong>2018\/19<\/strong>hergestellt von <strong>Uhlsport<\/strong> in der Gr\u00f6\u00dfe M, stammt aus der Zeit der 3. Liga, einer der schwierigsten Phasen in der Vereinsgeschichte. Die Mannschaft, die bereits eine deutsche Meisterschaft und 1998 einen denkw\u00fcrdigen Titel als Absteiger errungen hatte, k\u00e4mpfte damals nach dem Abstieg aus den h\u00f6heren Ligen um den Wiederaufstieg.<\/p>\n<p>Das T-Shirt wurde mit dem Muster der dicken roten und wei\u00dfen L\u00e4ngsstreifen hergestellt, die seit Jahrzehnten ein Markenzeichen sind. <strong>1. FC Kaiserslautern<\/strong>. Auf der Vorderseite befindet sich ein zentraler Sponsoraufdruck, der der klassischen Komposition des Designs entspricht, und das Ganze beh\u00e4lt den traditionellen Charakter, der f\u00fcr Vereinstrikots typisch ist.<\/p>\n<p><strong>1. FC Kaiserslautern<\/strong> ist einer der erfolgreichsten Vereine in der Geschichte des deutschen Fu\u00dfballs, ein vierfacher nationaler Meister, der den Fans vor allem durch den Erfolg in der Saison 1997\/98 in Erinnerung geblieben ist. Der Verein aus dem Fritz-Walter-Stadion ist seit Jahren f\u00fcr seine starke Identit\u00e4t, seine treuen Fans und seine F\u00e4higkeit, sich mit den gr\u00f6\u00dften Mannschaften Deutschlands zu messen, bekannt.<\/p>\n<p>Das T-Shirt ist aus einem leichten und luftigen Material gefertigt und der Schnitt in Gr\u00f6\u00dfe M entspricht den Standards der <strong>Uhlsport<\/strong>, und bietet die klassische Passform, die f\u00fcr die Designs der Marke charakteristisch ist.<\/p>\n<p>F\u00fcr Sammler und Fans, die ein originales Heimtrikot suchen <strong>1. FC Kaiserslautern<\/strong> aus der Saison <strong>2018\/19<\/strong>, eine klare Aufzeichnung einer der schwierigsten Perioden in der Geschichte des Vereins.<\/p>","protected":false},"featured_media":121952,"template":"","meta":{"_kad_blocks_custom_css":"","_kad_blocks_head_custom_js":"","_kad_blocks_body_custom_js":"","_kad_blocks_footer_custom_js":"","_kad_post_transparent":"default","_kad_post_title":"","_kad_post_layout":"default","_kad_post_sidebar_id":"","_kad_post_content_style":"default","_kad_post_vertical_padding":"default","_kad_post_feature":"","_kad_post_feature_position":"","_kad_post_header":false,"_kad_post_footer":false,"_kad_post_classname":""},"product_brand":[1316],"product_cat":[15,1490],"product_tag":[],"class_list":{"0":"post-121742","1":"product","2":"type-product","3":"status-publish","4":"has-post-thumbnail","6":"product_brand-uhlsport","7":"product_cat-bez-kategorii","8":"product_cat-pozostale-kluby-niemieckie","9":"pa_homeawaythird-home","10":"pa_rozmiar-m","12":"first","13":"instock","14":"taxable","15":"shipping-taxable","16":"purchasable","17":"product-type-simple","18":"entry","19":"content-bg","20":"loop-entry"},"taxonomy_info":{"product_brand":[{"value":1316,"label":"Uhlsport"}],"product_cat":[{"value":15,"label":"Bez kategorii"},{"value":1490,"label":"Pozosta\u0142e kluby niemieckie"}],"pa_homeawaythird":[{"value":1597,"label":"Home"}],"pa_rozmiar":[{"value":1816,"label":"M"}]},"featured_image_src_large":["https:\/\/footballthrift.shop\/wp-content\/uploads\/2026\/03\/Photoroom_20260326_104313-1024x1024.jpg",1024,1024,true],"author_info":[],"comment_info":"","_links":{"self":[{"href":"https:\/\/footballthrift.shop\/de\/wp-json\/wp\/v2\/product\/121742","targetHints":{"allow":["GET"]}}],"collection":[{"href":"https:\/\/footballthrift.shop\/de\/wp-json\/wp\/v2\/product"}],"about":[{"href":"https:\/\/footballthrift.shop\/de\/wp-json\/wp\/v2\/types\/product"}],"wp:featuredmedia":[{"embeddable":true,"href":"https:\/\/footballthrift.shop\/de\/wp-json\/wp\/v2\/media\/121952"}],"wp:attachment":[{"href":"https:\/\/footballthrift.shop\/de\/wp-json\/wp\/v2\/media?parent=121742"}],"wp:term":[{"taxonomy":"product_brand","embeddable":true,"href":"https:\/\/footballthrift.shop\/de\/wp-json\/wp\/v2\/product_brand?post=121742"},{"taxonomy":"product_cat","embeddable":true,"href":"https:\/\/footballthrift.shop\/de\/wp-json\/wp\/v2\/product_cat?post=121742"},{"taxonomy":"product_tag","embeddable":true,"href":"https:\/\/footballthrift.shop\/de\/wp-json\/wp\/v2\/product_tag?post=121742"}],"curies":[{"name":"wp","href":"https:\/\/api.w.org\/{rel}","templated":true}]}}