{"id":121741,"date":"2026-03-29T17:59:49","date_gmt":"2026-03-29T15:59:49","guid":{"rendered":"https:\/\/footballthrift.shop\/?post_type=product&#038;p=121741"},"modified":"2026-03-29T17:59:49","modified_gmt":"2026-03-29T15:59:49","slug":"koszulka-pilkarska-fc-bayern-monachium-2009-10-away-m","status":"publish","type":"product","link":"https:\/\/footballthrift.shop\/de\/koszulka-pilkarska-fc-bayern-monachium-2009-10-away-m\/","title":{"rendered":"Koszulka pi\u0142karska FC Bayern Monachium 2009\/10 Away [M]"},"content":{"rendered":"<p><strong>Verein:<\/strong> FC Bayern M\u00fcnchen<\/p>\n<p><strong>Saison:<\/strong> 2009\/10 Ausw\u00e4rts<\/p>\n<p><strong>Gr\u00f6\u00dfe: <\/strong>M<\/p>\n<p><strong>Zustand:<\/strong> Ausgezeichnet<\/p>\n<p><strong>Ma\u00dfe (Achselbreite\/L\u00e4nge) in cm: <\/strong>52\/72<\/p>","protected":false},"excerpt":{"rendered":"<p><strong>Original Bayern M\u00fcnchen Ausw\u00e4rts-Fu\u00dfballtrikot aus der Saison 2009\/10 von Adidas.\u00a0<\/strong><\/p>\n<p>Ausw\u00e4rtsmodell <strong>Bayern M\u00fcnchen<\/strong> aus der Saison <strong>2009\/10<\/strong>hergestellt von <strong>Adidas<\/strong> in Gr\u00f6\u00dfe M, blickt auf eine der erfolgreichsten Saisons in der Vereinsgeschichte zur\u00fcck. Die von Louis van Gaal gef\u00fchrte Mannschaft erreichte die deutsche Meisterschaft und den nationalen Pokal sowie das Finale der Champions League.<\/p>\n<p>Das T-Shirt ist auf einem marineblauen Grundgewebe gefertigt und wird durch die f\u00fcr Adidas charakteristischen wei\u00dfen Streifen an den \u00c4rmeln und einem Polokragen erg\u00e4nzt, die f\u00fcr einen klassischen Look sorgen. Auf der Vorderseite befindet sich ein zentraler Sponsorenaufdruck. <strong>T-Home<\/strong>, die in starkem Kontrast zum dunklen Hintergrund steht.<\/p>\n<p>In der Saison 2009\/10 wurden die Farben <strong>Bayern M\u00fcnchen<\/strong> vertreten u.a. durch. <strong>Arjen Robben<\/strong> i <strong>Franck Rib\u00e9ry<\/strong>, die eines der dynamischsten Fl\u00fcgelduos in Europa bilden, und <strong>Thomas M\u00fcller<\/strong>, f\u00fcr die dies eine bahnbrechende Saison war, und <strong>Bastian Schweinsteiger<\/strong>, der das Mittelfeld anf\u00fchrte. Die Mannschaft beeindruckte durch ihr offensives Spiel und ihre Effizienz und erreichte das Finale der Champions League.<\/p>\n<p>Das T-Shirt ist aus einem leichten und luftigen Material gefertigt und der Schnitt in Gr\u00f6\u00dfe M entspricht den Standards der <strong>Adidas<\/strong>, und bietet die klassische Passform, die f\u00fcr die Designs der Marke charakteristisch ist.<\/p>\n<p>Dies ist f\u00fcr Sammler und Fans, die ein originales Ausw\u00e4rtstrikot suchen <strong>Bayern M\u00fcnchen<\/strong> aus der Saison <strong>2009\/10<\/strong>, eine der erfolgreichsten Saisons in der Geschichte des Vereins.<\/p>","protected":false},"featured_media":121945,"template":"","meta":{"_kad_blocks_custom_css":"","_kad_blocks_head_custom_js":"","_kad_blocks_body_custom_js":"","_kad_blocks_footer_custom_js":"","_kad_post_transparent":"default","_kad_post_title":"","_kad_post_layout":"default","_kad_post_sidebar_id":"","_kad_post_content_style":"default","_kad_post_vertical_padding":"default","_kad_post_feature":"","_kad_post_feature_position":"","_kad_post_header":false,"_kad_post_footer":false,"_kad_post_classname":""},"product_brand":[1283],"product_cat":[15,1455],"product_tag":[],"class_list":{"0":"post-121741","1":"product","2":"type-product","3":"status-publish","4":"has-post-thumbnail","6":"product_brand-adidas","7":"product_cat-bez-kategorii","8":"product_cat-kluby-niemieckie-fcbayernmonachium","9":"pa_homeawaythird-away","10":"pa_rozmiar-m","12":"first","13":"instock","14":"taxable","15":"shipping-taxable","16":"purchasable","17":"product-type-simple","18":"entry","19":"content-bg","20":"loop-entry"},"taxonomy_info":{"product_brand":[{"value":1283,"label":"Adidas"}],"product_cat":[{"value":15,"label":"Bez kategorii"},{"value":1455,"label":"FC Bayern Monachium"}],"pa_homeawaythird":[{"value":1598,"label":"Away"}],"pa_rozmiar":[{"value":1816,"label":"M"}]},"featured_image_src_large":["https:\/\/footballthrift.shop\/wp-content\/uploads\/2026\/03\/Photoroom_20260326_104340-1024x1024.jpg",1024,1024,true],"author_info":[],"comment_info":"","_links":{"self":[{"href":"https:\/\/footballthrift.shop\/de\/wp-json\/wp\/v2\/product\/121741","targetHints":{"allow":["GET"]}}],"collection":[{"href":"https:\/\/footballthrift.shop\/de\/wp-json\/wp\/v2\/product"}],"about":[{"href":"https:\/\/footballthrift.shop\/de\/wp-json\/wp\/v2\/types\/product"}],"wp:featuredmedia":[{"embeddable":true,"href":"https:\/\/footballthrift.shop\/de\/wp-json\/wp\/v2\/media\/121945"}],"wp:attachment":[{"href":"https:\/\/footballthrift.shop\/de\/wp-json\/wp\/v2\/media?parent=121741"}],"wp:term":[{"taxonomy":"product_brand","embeddable":true,"href":"https:\/\/footballthrift.shop\/de\/wp-json\/wp\/v2\/product_brand?post=121741"},{"taxonomy":"product_cat","embeddable":true,"href":"https:\/\/footballthrift.shop\/de\/wp-json\/wp\/v2\/product_cat?post=121741"},{"taxonomy":"product_tag","embeddable":true,"href":"https:\/\/footballthrift.shop\/de\/wp-json\/wp\/v2\/product_tag?post=121741"}],"curies":[{"name":"wp","href":"https:\/\/api.w.org\/{rel}","templated":true}]}}