{"id":121740,"date":"2026-03-29T17:59:49","date_gmt":"2026-03-29T15:59:49","guid":{"rendered":"https:\/\/footballthrift.shop\/?post_type=product&#038;p=121740"},"modified":"2026-03-29T17:59:50","modified_gmt":"2026-03-29T15:59:50","slug":"koszulka-pilkarska-fc-bayern-monachium-1996-98-away-xl","status":"publish","type":"product","link":"https:\/\/footballthrift.shop\/de\/koszulka-pilkarska-fc-bayern-monachium-1996-98-away-xl\/","title":{"rendered":"Koszulka pi\u0142karska FC Bayern Monachium 1996\/98 Away [XL]"},"content":{"rendered":"<p><strong>Verein:<\/strong> FC Bayern M\u00fcnchen<\/p>\n<p><strong>Saison:<\/strong> 1996\/98 Ausw\u00e4rts<\/p>\n<p><strong>Gr\u00f6\u00dfe: <\/strong>XL<\/p>\n<p><strong>Zustand:<\/strong> Gut \u2013 eine sp\u00fcrbare Anzahl von Mikro-Einziehungen.<\/p>\n<p><strong>Ma\u00dfe (Achselbreite\/L\u00e4nge) in cm: <\/strong>59\/76<\/p>","protected":false},"excerpt":{"rendered":"<p><strong>Original Bayern M\u00fcnchen Ausw\u00e4rtstrikot von 1995\/97 von Adidas.\u00a0<\/strong><\/p>\n<p>Ausw\u00e4rtsmodell\u00a0<strong>Bayern M\u00fcnchen<\/strong>\u00a0im Laufe der Jahre\u00a0<strong>1995\/97<\/strong>hergestellt von\u00a0<strong>Adidas<\/strong> w rozmiarze XL, pochodzi z okresu, w kt\u00f3rym klub nale\u017ca\u0142 do \u015bcis\u0142ej czo\u0142\u00f3wki niemieckiego i europejskiego futbolu. Dru\u017cyna si\u0119gn\u0119\u0142a w tym czasie po <strong>UEFA-Pokal<\/strong>\u00a0im Jahr 1996 und best\u00e4tigte damit seine starke Position auf der internationalen B\u00fchne.<\/p>\n<p>Das T-Shirt wurde auf wei\u00dfem Grund produziert, mit einem markanten vertikalen Streifen in Blau und Rot auf der Vorderseite, der es zu einem der bekanntesten Designs macht.\u00a0<strong>Bayern M\u00fcnchen<\/strong>\u00a0In der Mitte des Trikots befindet sich ein Aufdruck des Sponsors\u00a0<strong>Opel<\/strong>, und das Ganze ist mit der Kennzeichnung des Herstellers versehen\u00a0<strong>Adidas<\/strong>, was dem Stil der damaligen Zeit entspricht.<\/p>\n<p>In Jahren\u00a0<strong>1995\/97<\/strong>\u00a0Farben\u00a0<strong>Bayern M\u00fcnchen<\/strong>\u00a0vertreten u.a. durch.\u00a0<strong>Mehmet Scholl<\/strong>, einer der talentiertesten offensiven Mittelfeldspieler seiner Generation, der viele Jahre lang eine wichtige Rolle in der Mannschaft spielte. Die Mannschaft umfasste auch\u00a0<strong>J\u00fcrgen Klinsmann<\/strong>,\u00a0<strong>Lothar Matth\u00e4us<\/strong>,\u00a0<strong>Thomas Helmer<\/strong>\u00a0und\u00a0<strong>Oliver Kahn<\/strong>, und eine Mannschaft zu formen, die um die h\u00f6chsten Troph\u00e4en in Deutschland und Europa mitspielen kann.<\/p>\n<p>Das T-Shirt ist aus leichtem und atmungsaktivem Material gefertigt und der Schnitt in Gr\u00f6\u00dfe XL entspricht den Standards der <strong>Adidas<\/strong>, oferuj\u0105c klasyczne, lu\u017ane dopasowanie.<\/p>\n<p>Dies ist ein Angebot f\u00fcr Sammler und Fans, die auf der Suche sind nach\u00a0<strong>ein original Bayern M\u00fcnchen Ausw\u00e4rtstrikot von 1995\/97 von Adidas<\/strong>, ein deutliches Zeugnis f\u00fcr die Zeit der europ\u00e4ischen Erfolge des Vereins.<\/p>","protected":false},"featured_media":121935,"template":"","meta":{"_kad_blocks_custom_css":"","_kad_blocks_head_custom_js":"","_kad_blocks_body_custom_js":"","_kad_blocks_footer_custom_js":"","_kad_post_transparent":"default","_kad_post_title":"","_kad_post_layout":"default","_kad_post_sidebar_id":"","_kad_post_content_style":"default","_kad_post_vertical_padding":"default","_kad_post_feature":"","_kad_post_feature_position":"","_kad_post_header":false,"_kad_post_footer":false,"_kad_post_classname":""},"product_brand":[1283],"product_cat":[15,1455],"product_tag":[],"class_list":{"0":"post-121740","1":"product","2":"type-product","3":"status-publish","4":"has-post-thumbnail","6":"product_brand-adidas","7":"product_cat-bez-kategorii","8":"product_cat-kluby-niemieckie-fcbayernmonachium","9":"pa_homeawaythird-away","10":"pa_rozmiar-xl","12":"first","13":"instock","14":"taxable","15":"shipping-taxable","16":"purchasable","17":"product-type-simple","18":"entry","19":"content-bg","20":"loop-entry"},"taxonomy_info":{"product_brand":[{"value":1283,"label":"Adidas"}],"product_cat":[{"value":15,"label":"Bez kategorii"},{"value":1455,"label":"FC Bayern Monachium"}],"pa_homeawaythird":[{"value":1598,"label":"Away"}],"pa_rozmiar":[{"value":1818,"label":"XL"}]},"featured_image_src_large":["https:\/\/footballthrift.shop\/wp-content\/uploads\/2026\/03\/Photoroom_20260326_105617-1024x1024.jpg",1024,1024,true],"author_info":[],"comment_info":"","_links":{"self":[{"href":"https:\/\/footballthrift.shop\/de\/wp-json\/wp\/v2\/product\/121740","targetHints":{"allow":["GET"]}}],"collection":[{"href":"https:\/\/footballthrift.shop\/de\/wp-json\/wp\/v2\/product"}],"about":[{"href":"https:\/\/footballthrift.shop\/de\/wp-json\/wp\/v2\/types\/product"}],"wp:featuredmedia":[{"embeddable":true,"href":"https:\/\/footballthrift.shop\/de\/wp-json\/wp\/v2\/media\/121935"}],"wp:attachment":[{"href":"https:\/\/footballthrift.shop\/de\/wp-json\/wp\/v2\/media?parent=121740"}],"wp:term":[{"taxonomy":"product_brand","embeddable":true,"href":"https:\/\/footballthrift.shop\/de\/wp-json\/wp\/v2\/product_brand?post=121740"},{"taxonomy":"product_cat","embeddable":true,"href":"https:\/\/footballthrift.shop\/de\/wp-json\/wp\/v2\/product_cat?post=121740"},{"taxonomy":"product_tag","embeddable":true,"href":"https:\/\/footballthrift.shop\/de\/wp-json\/wp\/v2\/product_tag?post=121740"}],"curies":[{"name":"wp","href":"https:\/\/api.w.org\/{rel}","templated":true}]}}