{"id":121739,"date":"2026-03-29T17:59:50","date_gmt":"2026-03-29T15:59:50","guid":{"rendered":"https:\/\/footballthrift.shop\/?post_type=product&#038;p=121739"},"modified":"2026-03-29T17:59:51","modified_gmt":"2026-03-29T15:59:51","slug":"fc-barcelona-fusball-trikot-2018-19-auswarts-xl","status":"publish","type":"product","link":"https:\/\/footballthrift.shop\/de\/koszulka-pilkarska-fc-barcelona-2018-19-away-xl\/","title":{"rendered":"Koszulka pi\u0142karska FC Barcelona 2018\/19 Away [XL]"},"content":{"rendered":"<p><strong>Verein:<\/strong> FC Barcelona<\/p>\n<p><strong>Saison:<\/strong> 2018\/19 Ausw\u00e4rts<\/p>\n<p><strong>Gr\u00f6\u00dfe: <\/strong>XL<\/p>\n<p><strong>Zustand:<\/strong> Schlecht - es gibt Flecken, Verschmutzungen, ein paar Risse, ein Loch am unteren Ende des Hemdes und eine Spur von gen\u00e4hten L\u00f6chern am \u00c4rmel.<\/p>\n<p><strong>Ma\u00dfe (Achselbreite\/L\u00e4nge) in cm: <\/strong>60\/71<\/p>","protected":false},"excerpt":{"rendered":"<p><strong>Original FC Barcelona Ausw\u00e4rtstrikot aus der Saison 2018\/19 von Nike.\u00a0<\/strong><\/p>\n<p>Ausw\u00e4rtsmodell <strong>FC Barcelona<\/strong> aus der Saison <strong>2018\/19<\/strong>hergestellt von <strong>Nike<\/strong> im XL-Format, stammt aus einer Saison, die mit der spanischen Meisterschaft endete, aber gleichzeitig den Fans durch eine schmerzhafte Niederlage in der Champions League in Erinnerung blieb. Die Mannschaft von Ernesto Valverde dominierte La Liga, scheiterte aber im Halbfinale des europ\u00e4ischen Wettbewerbs nach einem R\u00fcckspiel in Anfield, wo sie 0:4 gegen Liverpool verlor und dabei sogar eine Drei-Tore-F\u00fchrung aus dem ersten Spiel verspielte.<\/p>\n<p>Das T-Shirt wurde in einer leuchtenden, neongelben Farbgebung produziert, die es von anderen Designs abhebt <strong>FC Barcelona<\/strong> aus diesen Jahren. Das minimalistische Design wird durch die intensive Farbe akzentuiert, mit einem zentralen Sponsorenaufdruck auf der Vorderseite <strong>Rakuten<\/strong>, und hebt sich deutlich von dem hellen Hintergrund ab.<\/p>\n<p>F\u00fcr die Saison 2018\/19 werden die Farben <strong>FC Barcelona<\/strong> vertreten u.a. durch. <strong>Lionel Messi<\/strong>, Er ist der Anf\u00fchrer der Mannschaft und einer der besten Spieler der Welt, <strong>Luis Su\u00e1rez<\/strong>, verantwortlich f\u00fcr die Effizienz des Angriffs und <strong>Gerard Piqu\u00e9<\/strong> oder <strong>Sergio Busquets<\/strong>, das Fundament der Mannschaft. Die Mannschaft beeindruckte durch ihre Qualit\u00e4t und ihr Offensivpotenzial, aber die europ\u00e4ische Kampagne endete mit einem der denkw\u00fcrdigsten Abstiege der Vereinsgeschichte.<\/p>\n<p>Das T-Shirt ist aus leichtem und atmungsaktivem Material gefertigt und der Schnitt in Gr\u00f6\u00dfe XL entspricht den Standards der <strong>Nike<\/strong>, und bietet die klassische Passform, die f\u00fcr die Designs der Marke charakteristisch ist.<\/p>\n<p>Dies ist f\u00fcr Sammler und Fans, die ein originales Ausw\u00e4rtstrikot suchen <strong>FC Barcelona<\/strong> aus der Saison <strong>2018\/19<\/strong>, und damit einen eindeutigen Beleg f\u00fcr eine erfolgreiche Ligasaison.<\/p>","protected":false},"featured_media":121922,"template":"","meta":{"_kad_blocks_custom_css":"","_kad_blocks_head_custom_js":"","_kad_blocks_body_custom_js":"","_kad_blocks_footer_custom_js":"","_kad_post_transparent":"default","_kad_post_title":"","_kad_post_layout":"default","_kad_post_sidebar_id":"","_kad_post_content_style":"default","_kad_post_vertical_padding":"default","_kad_post_feature":"","_kad_post_feature_position":"","_kad_post_header":false,"_kad_post_footer":false,"_kad_post_classname":""},"product_brand":[1284],"product_cat":[15,1448],"product_tag":[],"class_list":{"0":"post-121739","1":"product","2":"type-product","3":"status-publish","4":"has-post-thumbnail","6":"product_brand-nike","7":"product_cat-bez-kategorii","8":"product_cat-kluby-hiszpanskie-fcbarcelona","9":"pa_homeawaythird-away","10":"pa_rozmiar-xl","12":"first","13":"instock","14":"taxable","15":"shipping-taxable","16":"purchasable","17":"product-type-simple","18":"entry","19":"content-bg","20":"loop-entry"},"taxonomy_info":{"product_brand":[{"value":1284,"label":"Nike"}],"product_cat":[{"value":15,"label":"Bez kategorii"},{"value":1448,"label":"FC Barcelona"}],"pa_homeawaythird":[{"value":1598,"label":"Away"}],"pa_rozmiar":[{"value":1818,"label":"XL"}]},"featured_image_src_large":["https:\/\/footballthrift.shop\/wp-content\/uploads\/2026\/03\/Photoroom_20260326_104804-1024x1024.jpg",1024,1024,true],"author_info":[],"comment_info":"","_links":{"self":[{"href":"https:\/\/footballthrift.shop\/de\/wp-json\/wp\/v2\/product\/121739","targetHints":{"allow":["GET"]}}],"collection":[{"href":"https:\/\/footballthrift.shop\/de\/wp-json\/wp\/v2\/product"}],"about":[{"href":"https:\/\/footballthrift.shop\/de\/wp-json\/wp\/v2\/types\/product"}],"wp:featuredmedia":[{"embeddable":true,"href":"https:\/\/footballthrift.shop\/de\/wp-json\/wp\/v2\/media\/121922"}],"wp:attachment":[{"href":"https:\/\/footballthrift.shop\/de\/wp-json\/wp\/v2\/media?parent=121739"}],"wp:term":[{"taxonomy":"product_brand","embeddable":true,"href":"https:\/\/footballthrift.shop\/de\/wp-json\/wp\/v2\/product_brand?post=121739"},{"taxonomy":"product_cat","embeddable":true,"href":"https:\/\/footballthrift.shop\/de\/wp-json\/wp\/v2\/product_cat?post=121739"},{"taxonomy":"product_tag","embeddable":true,"href":"https:\/\/footballthrift.shop\/de\/wp-json\/wp\/v2\/product_tag?post=121739"}],"curies":[{"name":"wp","href":"https:\/\/api.w.org\/{rel}","templated":true}]}}