{"id":121738,"date":"2026-03-29T17:59:51","date_gmt":"2026-03-29T15:59:51","guid":{"rendered":"https:\/\/footballthrift.shop\/?post_type=product&#038;p=121738"},"modified":"2026-03-29T17:59:51","modified_gmt":"2026-03-29T15:59:51","slug":"fusballtrikot-everton-fc-2016-17-nach-hause-18-barry-xxl","status":"publish","type":"product","link":"https:\/\/footballthrift.shop\/de\/koszulka-pilkarska-everton-fc-2016-17-home-18-barry-xxl\/","title":{"rendered":"Koszulka pi\u0142karska Everton FC 2016\/17 Home 18 Barry [XXL]"},"content":{"rendered":"<p><strong>Verein:<\/strong> Everton FC<\/p>\n<p><strong>Saison:<\/strong> 2016\/17 Startseite<\/p>\n<p><strong>Gr\u00f6\u00dfe: <\/strong>XXL<\/p>\n<p><strong>Zustand:<\/strong> Ausgezeichnet<\/p>\n<p><strong>Ma\u00dfe (Achselbreite\/L\u00e4nge) in cm: <\/strong>56\/77<\/p>","protected":false},"excerpt":{"rendered":"<p><strong>Original Everton FC Heimtrikot aus der Saison 2016\/17 von Umbro mit einem Gareth Barry Aufdruck.&nbsp;<\/strong><\/p>\n<p>Heimmodell <strong>Everton FC<\/strong> aus der Saison <strong>2016\/17<\/strong>hergestellt von <strong>Umbro<\/strong> in XXL, kommt nach einer sehr soliden Periode des Teams, das die Premier League auf einem hohen Platz an der Tabellenspitze beendet hat. Das von Ronald Koeman gef\u00fchrte Team zeigte eine stabile Form und war eines der Top-Teams au\u00dferhalb der engen TOP 6.<\/p>\n<p>Das T-Shirt wurde auf der klassischen blauen Basis hergestellt, einem Markenzeichen der <strong>Everton FC<\/strong>, Hinzu kommen ein wei\u00dfer Kragenbesatz und gelbe \u00c4rmelabschl\u00fcsse, die dem Design eine kontrastreiche Note verleihen. Auf der Vorderseite befindet sich ein zentraler Sponsorenaufdruck. <strong>Chang<\/strong>, Die lang\u00e4rmelige Version ist eine der selteneren Varianten dieses Modells, was seinen Sammlercharakter unterstreicht. Die lang\u00e4rmelige Version ist eine der selteneren Varianten dieses Modells, was seinen Sammlercharakter unterstreicht.<\/p>\n<p>Auf der R\u00fcckseite befindet sich ein origineller Aufdruck. <strong>Gareth Barry<\/strong>, einer der erfahrensten Mittelfeldspieler der Geschichte <strong>Erste Liga<\/strong> und wichtige Pers\u00f6nlichkeit <strong>Everton FC<\/strong> w\u00e4hrend dieser Zeit. Barry war der Anf\u00fchrer des Mittelfelds, verantwortlich f\u00fcr die Ausgewogenheit und die Organisation des Spiels der Mannschaft, und seine Karriere umfasste eine Rekordzahl von Eins\u00e4tzen auf Englands h\u00f6chster Spielstufe.<\/p>\n<p>Das T-Shirt ist aus einem leichten und luftigen Material gefertigt und der XXL-Schnitt entspricht den Standards der <strong>Umbro<\/strong>, und bietet die klassische Passform, die f\u00fcr die Designs der Marke charakteristisch ist.<\/p>\n<p>F\u00fcr Sammler und Fans, die ein originales Heimtrikot suchen <strong>Everton FC<\/strong> aus der Saison <strong>2016\/17<\/strong>, Damit ist eine der stabilsten Phasen des Vereins in der Premier League dokumentiert.<\/p>","protected":false},"featured_media":121914,"template":"","meta":{"_kad_blocks_custom_css":"","_kad_blocks_head_custom_js":"","_kad_blocks_body_custom_js":"","_kad_blocks_footer_custom_js":"","_kad_post_transparent":"default","_kad_post_title":"","_kad_post_layout":"default","_kad_post_sidebar_id":"","_kad_post_content_style":"default","_kad_post_vertical_padding":"default","_kad_post_feature":"","_kad_post_feature_position":"","_kad_post_header":false,"_kad_post_footer":false,"_kad_post_classname":""},"product_brand":[1285],"product_cat":[15,1453],"product_tag":[],"class_list":{"0":"post-121738","1":"product","2":"type-product","3":"status-publish","4":"has-post-thumbnail","6":"product_brand-umbro","7":"product_cat-bez-kategorii","8":"product_cat-everton","9":"pa_homeawaythird-home","10":"pa_rozmiar-xxl","12":"first","13":"instock","14":"taxable","15":"shipping-taxable","16":"purchasable","17":"product-type-simple","18":"entry","19":"content-bg","20":"loop-entry"},"taxonomy_info":{"product_brand":[{"value":1285,"label":"Umbro"}],"product_cat":[{"value":15,"label":"Bez kategorii"},{"value":1453,"label":"Everton FC"}],"pa_homeawaythird":[{"value":1597,"label":"Home"}],"pa_rozmiar":[{"value":1819,"label":"XXL"}]},"featured_image_src_large":["https:\/\/footballthrift.shop\/wp-content\/uploads\/2026\/03\/Photoroom_20260326_105722-1024x1024.jpg",1024,1024,true],"author_info":[],"comment_info":"","_links":{"self":[{"href":"https:\/\/footballthrift.shop\/de\/wp-json\/wp\/v2\/product\/121738","targetHints":{"allow":["GET"]}}],"collection":[{"href":"https:\/\/footballthrift.shop\/de\/wp-json\/wp\/v2\/product"}],"about":[{"href":"https:\/\/footballthrift.shop\/de\/wp-json\/wp\/v2\/types\/product"}],"wp:featuredmedia":[{"embeddable":true,"href":"https:\/\/footballthrift.shop\/de\/wp-json\/wp\/v2\/media\/121914"}],"wp:attachment":[{"href":"https:\/\/footballthrift.shop\/de\/wp-json\/wp\/v2\/media?parent=121738"}],"wp:term":[{"taxonomy":"product_brand","embeddable":true,"href":"https:\/\/footballthrift.shop\/de\/wp-json\/wp\/v2\/product_brand?post=121738"},{"taxonomy":"product_cat","embeddable":true,"href":"https:\/\/footballthrift.shop\/de\/wp-json\/wp\/v2\/product_cat?post=121738"},{"taxonomy":"product_tag","embeddable":true,"href":"https:\/\/footballthrift.shop\/de\/wp-json\/wp\/v2\/product_tag?post=121738"}],"curies":[{"name":"wp","href":"https:\/\/api.w.org\/{rel}","templated":true}]}}