{"id":121737,"date":"2026-03-29T17:59:52","date_gmt":"2026-03-29T15:59:52","guid":{"rendered":"https:\/\/footballthrift.shop\/?post_type=product&#038;p=121737"},"modified":"2026-03-29T17:59:52","modified_gmt":"2026-03-29T15:59:52","slug":"koszulka-pilkarska-dynamo-drezno-2005-06-home-11-neubert-xxl","status":"publish","type":"product","link":"https:\/\/footballthrift.shop\/de\/koszulka-pilkarska-dynamo-drezno-2005-06-home-11-neubert-xxl\/","title":{"rendered":"Koszulka pi\u0142karska Dynamo Drezno 2005\/06 Home 11 Neubert [XXL]"},"content":{"rendered":"<p><strong>Verein:<\/strong> Dynamo Dresden<\/p>\n<p><strong>Saison:<\/strong> 2005\/06 Heim<\/p>\n<p><strong>Gr\u00f6\u00dfe: <\/strong>XXL<\/p>\n<p><strong>Zustand:<\/strong> Sehr gut - ein paar Mikroflecken.<\/p>\n<p><strong>Ma\u00dfe (Achselbreite\/L\u00e4nge) in cm: <\/strong>62\/78<\/p>","protected":false},"excerpt":{"rendered":"<p><strong>Original Dynamo Dresden Heim-Fu\u00dfballtrikot aus der Saison 2005\/06 von Nike, bedruckt von Thomas Neubert.\u00a0<\/strong><\/p>\n<p>Heimmodell <strong>Dynamo Dresden<\/strong> aus der Saison <strong>2005\/06<\/strong>hergestellt von <strong>Nike<\/strong> im XXL-Format, stammt aus der Zeit des Bundesligaabstiegs, als der Verein um den Klassenerhalt k\u00e4mpfte und an seine reiche Geschichte aus DDR-Zeiten ankn\u00fcpfen konnte. Der Verein aus Dresden ist nach wie vor eine der bekanntesten Mannschaften Ostdeutschlands, mit einer starken Fangemeinde und einer langen Tradition.<\/p>\n<p>Das T-Shirt wurde in einem sehr schlichten, klassischen Stil hergestellt, der auf einer einfarbigen gelben Basis basiert, dem Markenzeichen der <strong>Dynamo Dresden<\/strong>. Auf der Vorderseite befindet sich ein Sponsorenaufdruck und der \u00c4rmel wird durch das Bundesliga-Wettbewerbsemblem erg\u00e4nzt. Das minimalistische Design unterstreicht den funktionalen Charakter des Trikots, typisch f\u00fcr die Designs der <strong>Nike<\/strong> aus dieser Zeit.<\/p>\n<p>Auf der R\u00fcckseite befindet sich ein origineller Aufdruck. <strong>Thomas Neubert<\/strong>, ein St\u00fcrmer, der die <strong>Dynamo Dresden<\/strong> Er war zwischen 2001 und 2006 einer der wichtigsten Offensivspieler in dieser Zeit. Er brachte Erfahrung und Engagement mit und war ein wichtiger Teil der Mannschaft in einer schwierigeren Phase ihrer Geschichte.<\/p>\n<p>Das T-Shirt ist aus einem leichten und luftigen Material gefertigt und der XXL-Schnitt entspricht den Standards der <strong>Nike<\/strong>, und bietet die klassische Passform, die f\u00fcr die Designs der Marke charakteristisch ist.<\/p>\n<p>F\u00fcr Sammler und Fans, die ein originales Heimtrikot suchen <strong>Dynamo Dresden<\/strong> aus der Saison <strong>2005\/06<\/strong>, Eine der Etappen des Wiederaufbaus des Klubs nach den gr\u00f6\u00dften Erfolgen aus der DDR-Zeit wird anschaulich dokumentiert.<\/p>","protected":false},"featured_media":121905,"template":"","meta":{"_kad_blocks_custom_css":"","_kad_blocks_head_custom_js":"","_kad_blocks_body_custom_js":"","_kad_blocks_footer_custom_js":"","_kad_post_transparent":"default","_kad_post_title":"","_kad_post_layout":"default","_kad_post_sidebar_id":"","_kad_post_content_style":"default","_kad_post_vertical_padding":"default","_kad_post_feature":"","_kad_post_feature_position":"","_kad_post_header":false,"_kad_post_footer":false,"_kad_post_classname":""},"product_brand":[1284],"product_cat":[15,1490],"product_tag":[],"class_list":{"0":"post-121737","1":"product","2":"type-product","3":"status-publish","4":"has-post-thumbnail","6":"product_brand-nike","7":"product_cat-bez-kategorii","8":"product_cat-pozostale-kluby-niemieckie","9":"pa_homeawaythird-home","10":"pa_rozmiar-xxl","12":"first","13":"instock","14":"taxable","15":"shipping-taxable","16":"purchasable","17":"product-type-simple","18":"entry","19":"content-bg","20":"loop-entry"},"taxonomy_info":{"product_brand":[{"value":1284,"label":"Nike"}],"product_cat":[{"value":15,"label":"Bez kategorii"},{"value":1490,"label":"Pozosta\u0142e kluby niemieckie"}],"pa_homeawaythird":[{"value":1597,"label":"Home"}],"pa_rozmiar":[{"value":1819,"label":"XXL"}]},"featured_image_src_large":["https:\/\/footballthrift.shop\/wp-content\/uploads\/2026\/03\/Photoroom_20260326_105441-1024x1024.jpg",1024,1024,true],"author_info":[],"comment_info":"","_links":{"self":[{"href":"https:\/\/footballthrift.shop\/de\/wp-json\/wp\/v2\/product\/121737","targetHints":{"allow":["GET"]}}],"collection":[{"href":"https:\/\/footballthrift.shop\/de\/wp-json\/wp\/v2\/product"}],"about":[{"href":"https:\/\/footballthrift.shop\/de\/wp-json\/wp\/v2\/types\/product"}],"wp:featuredmedia":[{"embeddable":true,"href":"https:\/\/footballthrift.shop\/de\/wp-json\/wp\/v2\/media\/121905"}],"wp:attachment":[{"href":"https:\/\/footballthrift.shop\/de\/wp-json\/wp\/v2\/media?parent=121737"}],"wp:term":[{"taxonomy":"product_brand","embeddable":true,"href":"https:\/\/footballthrift.shop\/de\/wp-json\/wp\/v2\/product_brand?post=121737"},{"taxonomy":"product_cat","embeddable":true,"href":"https:\/\/footballthrift.shop\/de\/wp-json\/wp\/v2\/product_cat?post=121737"},{"taxonomy":"product_tag","embeddable":true,"href":"https:\/\/footballthrift.shop\/de\/wp-json\/wp\/v2\/product_tag?post=121737"}],"curies":[{"name":"wp","href":"https:\/\/api.w.org\/{rel}","templated":true}]}}