{"id":121736,"date":"2026-03-29T17:59:52","date_gmt":"2026-03-29T15:59:52","guid":{"rendered":"https:\/\/footballthrift.shop\/?post_type=product&#038;p=121736"},"modified":"2026-03-29T17:59:53","modified_gmt":"2026-03-29T15:59:53","slug":"koszulka-pilkarska-borussia-monchengladbach-1999-00-away-xl","status":"publish","type":"product","link":"https:\/\/footballthrift.shop\/de\/koszulka-pilkarska-borussia-monchengladbach-1999-00-away-xl\/","title":{"rendered":"Koszulka pi\u0142karska Borussia Monchengladbach 1999\/00 Away [XL]"},"content":{"rendered":"<p><strong>Verein:<\/strong> Borussia M\u00f6nchengladbach<\/p>\n<p><strong>Saison:<\/strong> 1999\/00 Ausw\u00e4rts<\/p>\n<p><strong>Gr\u00f6\u00dfe: <\/strong>XL<\/p>\n<p><strong>Zustand:<\/strong> Sehr gut - ein Mikrozug auf der R\u00fcckseite.<\/p>\n<p><strong>Ma\u00dfe (Achselbreite\/L\u00e4nge) in cm: <\/strong>67\/77<\/p>","protected":false},"excerpt":{"rendered":"<p><strong>Original Borussia M\u00f6nchengladbach Ausw\u00e4rtstrikot aus der Saison 1999\/00 von Reebok.\u00a0<\/strong><\/p>\n<p>Ausw\u00e4rtsmodell <strong>Borussia M\u00f6nchengladbach<\/strong> aus der Saison <strong>1999\/00<\/strong>hergestellt von <strong>Reebok<\/strong> in der Gr\u00f6\u00dfe XL stammt aus einer schwierigeren Phase der Vereinsgeschichte, als die Mannschaft nach dem Abstieg aus der ersten Liga in der 2. Bundesliga spielte. Es war eine Zeit des Kampfes um die R\u00fcckkehr in die Elite und den Wiederaufbau ihrer Position als einer der erfolgreichsten Vereine in Deutschland.<\/p>\n<p>Das Trikot wurde auf einem dunkelgr\u00fcnen Grundton produziert, mit einem schr\u00e4g verlaufenden schwarz-wei\u00dfen Streifen auf der Vorderseite, der dem Design eine dynamische Note verleiht. In der Mitte befindet sich das Wappen <strong>Borussia M\u00f6nchengladbach<\/strong> und Logo <strong>Reebok<\/strong>, was eine ungew\u00f6hnliche, zentrale Positionierung dieser Elemente darstellt. Ein Polokragen und ein Sponsorenaufdruck vervollst\u00e4ndigen den Look. <strong>Belinea<\/strong>, deutlich sichtbar auf der Vorderseite.<\/p>\n<p>In der Saison 1999\/00 wurden die Farben <strong>Borussia M\u00f6nchengladbach<\/strong> vertreten u.a. durch. <strong>Arie van Lent<\/strong>, einer der wichtigsten Offensivspieler, <strong>Igor Demo<\/strong> oder <strong>Peter Van Houdt<\/strong>, Die Mannschaft hatte einen ehrgeizigen Spielstil, schaffte es aber in dieser Saison nicht, aufzusteigen und belegte Platz 5. Die Mannschaft hatte einen ehrgeizigen Spielstil, verpasste aber in dieser Saison den Aufstieg und belegte den f\u00fcnften Platz.<\/p>\n<p>Das T-Shirt ist aus leichtem und atmungsaktivem Material gefertigt und der Schnitt in Gr\u00f6\u00dfe XL entspricht den Standards der <strong>Reebok<\/strong>, und bietet die klassische Passform, die f\u00fcr die Designs der Marke charakteristisch ist.<\/p>\n<p>Dies ist f\u00fcr Sammler und Fans, die ein originales Ausw\u00e4rtstrikot suchen <strong>Borussia M\u00f6nchengladbach<\/strong> aus der Saison <strong>1999\/00<\/strong>, die die Zeit des Kampfes des Vereins um die R\u00fcckkehr in die erste Liga deutlich dokumentiert.<\/p>","protected":false},"featured_media":121897,"template":"","meta":{"_kad_blocks_custom_css":"","_kad_blocks_head_custom_js":"","_kad_blocks_body_custom_js":"","_kad_blocks_footer_custom_js":"","_kad_post_transparent":"default","_kad_post_title":"","_kad_post_layout":"default","_kad_post_sidebar_id":"","_kad_post_content_style":"default","_kad_post_vertical_padding":"default","_kad_post_feature":"","_kad_post_feature_position":"","_kad_post_header":false,"_kad_post_footer":false,"_kad_post_classname":""},"product_brand":[1286],"product_cat":[15,1449],"product_tag":[],"class_list":{"0":"post-121736","1":"product","2":"type-product","3":"status-publish","4":"has-post-thumbnail","6":"product_brand-reebok","7":"product_cat-bez-kategorii","8":"product_cat-kluby-niemieckie-borussiamonchengladbach","9":"pa_homeawaythird-away","10":"pa_rozmiar-xl","12":"first","13":"instock","14":"taxable","15":"shipping-taxable","16":"purchasable","17":"product-type-simple","18":"entry","19":"content-bg","20":"loop-entry"},"taxonomy_info":{"product_brand":[{"value":1286,"label":"Reebok"}],"product_cat":[{"value":15,"label":"Bez kategorii"},{"value":1449,"label":"Borussia M\u00f6nchengladbach"}],"pa_homeawaythird":[{"value":1598,"label":"Away"}],"pa_rozmiar":[{"value":1818,"label":"XL"}]},"featured_image_src_large":["https:\/\/footballthrift.shop\/wp-content\/uploads\/2026\/03\/Photoroom_20260326_104503-1024x1024.jpg",1024,1024,true],"author_info":[],"comment_info":"","_links":{"self":[{"href":"https:\/\/footballthrift.shop\/de\/wp-json\/wp\/v2\/product\/121736","targetHints":{"allow":["GET"]}}],"collection":[{"href":"https:\/\/footballthrift.shop\/de\/wp-json\/wp\/v2\/product"}],"about":[{"href":"https:\/\/footballthrift.shop\/de\/wp-json\/wp\/v2\/types\/product"}],"wp:featuredmedia":[{"embeddable":true,"href":"https:\/\/footballthrift.shop\/de\/wp-json\/wp\/v2\/media\/121897"}],"wp:attachment":[{"href":"https:\/\/footballthrift.shop\/de\/wp-json\/wp\/v2\/media?parent=121736"}],"wp:term":[{"taxonomy":"product_brand","embeddable":true,"href":"https:\/\/footballthrift.shop\/de\/wp-json\/wp\/v2\/product_brand?post=121736"},{"taxonomy":"product_cat","embeddable":true,"href":"https:\/\/footballthrift.shop\/de\/wp-json\/wp\/v2\/product_cat?post=121736"},{"taxonomy":"product_tag","embeddable":true,"href":"https:\/\/footballthrift.shop\/de\/wp-json\/wp\/v2\/product_tag?post=121736"}],"curies":[{"name":"wp","href":"https:\/\/api.w.org\/{rel}","templated":true}]}}