{"id":121735,"date":"2026-03-29T17:59:53","date_gmt":"2026-03-29T15:59:53","guid":{"rendered":"https:\/\/footballthrift.shop\/?post_type=product&#038;p=121735"},"modified":"2026-03-29T17:59:53","modified_gmt":"2026-03-29T15:59:53","slug":"koszulka-pilkarska-borussia-dortmund-2010-11-home-m","status":"publish","type":"product","link":"https:\/\/footballthrift.shop\/de\/koszulka-pilkarska-borussia-dortmund-2010-11-home-m\/","title":{"rendered":"Koszulka pi\u0142karska Borussia Dortmund 2010\/11 Home [M]"},"content":{"rendered":"<p><strong>Verein:<\/strong> Borussia Dortmund<\/p>\n<p><strong>Saison:<\/strong> 2010\/11 Startseite<\/p>\n<p><strong>Gr\u00f6\u00dfe: <\/strong>M<\/p>\n<p><strong>Zustand:<\/strong> Ausgezeichnet<\/p>\n<p><strong>Ma\u00dfe (Achselbreite\/L\u00e4nge) in cm: <\/strong>54\/69(prz\u00f3d), 75(ty\u0142)<\/p>","protected":false},"excerpt":{"rendered":"<p><strong>Original Borussia Dortmund Heimspieltrikot aus der Saison 2010\/11 von Kappa.\u00a0<\/strong><\/p>\n<p>Heimmodell <strong>Borussia Dortmund<\/strong> aus der Saison <strong>2010\/11<\/strong>hergestellt von <strong>Kappa<\/strong> in der Gr\u00f6\u00dfe M, geht auf einen Meilenstein in der Geschichte des Vereins zur\u00fcck, als die Mannschaft unter J\u00fcrgen Klopp die deutsche Meisterschaft errang. Es war der Beginn einer der aufregendsten Epochen in der Bundesliga, die auf dem intensiven Spiel, der Jugend und der enormen Energie der Mannschaft beruhte.<\/p>\n<p>Das Shirt ist auf einem gelben Grundton mit d\u00fcnnen schwarzen Querstreifen gefertigt, die ihm einen unverwechselbaren, dynamischen Look verleihen. Der Gesamtlook wird durch einen schwarzen Polokragen erg\u00e4nzt, und die \u00c4rmel sind mit Emblemen versehen <strong>Kappy<\/strong>. Auf der Vorderseite befindet sich ein zentraler Sponsorenaufdruck. <strong>Evonik<\/strong>, die in starkem Kontrast zu den Vereinsfarben steht.<\/p>\n<p>In der Saison 2010\/11 werden die Farben <strong>Borussia Dortmund<\/strong> vertreten u.a. durch. <strong>Jakub Blaszczykowski<\/strong>, <strong>Lukasz Piszczek<\/strong> und <strong>Robert Lewandowski<\/strong>, f\u00fcr den es die erste Saison im Verein war. Der Kern der Mannschaft war auch <strong>Mario G\u00f6tze<\/strong>, <strong>Nuri \u015eahin<\/strong> oder <strong>Mats Hummels<\/strong>, und Klopps Team beeindruckte mit Spieltempo, Pressing und Offensivspiel, das sich souver\u00e4n die Bundesliga-Meisterschaft sicherte.<\/p>\n<p>Das T-Shirt ist aus einem leichten und luftigen Material gefertigt und der Schnitt in Gr\u00f6\u00dfe M entspricht den Standards der <strong>Kappy<\/strong>, und bietet die klassische Passform, die f\u00fcr die Designs der Marke charakteristisch ist.<\/p>\n<p>F\u00fcr Sammler und Fans, die ein originales Heimtrikot suchen <strong>Borussia Dortmund<\/strong> aus der Saison <strong>2010\/11<\/strong>, Damit ist der Beginn der \u00c4ra von J\u00fcrgen Klopp eindeutig dokumentiert.<\/p>","protected":false},"featured_media":121888,"template":"","meta":{"_kad_blocks_custom_css":"","_kad_blocks_head_custom_js":"","_kad_blocks_body_custom_js":"","_kad_blocks_footer_custom_js":"","_kad_post_transparent":"default","_kad_post_title":"","_kad_post_layout":"default","_kad_post_sidebar_id":"","_kad_post_content_style":"default","_kad_post_vertical_padding":"default","_kad_post_feature":"","_kad_post_feature_position":"","_kad_post_header":false,"_kad_post_footer":false,"_kad_post_classname":""},"product_brand":[1290],"product_cat":[15,1438],"product_tag":[],"class_list":{"0":"post-121735","1":"product","2":"type-product","3":"status-publish","4":"has-post-thumbnail","6":"product_brand-kappa","7":"product_cat-bez-kategorii","8":"product_cat-kluby-niemieckie-borussiadortmund","9":"pa_homeawaythird-home","10":"pa_rozmiar-m","12":"first","13":"instock","14":"taxable","15":"shipping-taxable","16":"purchasable","17":"product-type-simple","18":"entry","19":"content-bg","20":"loop-entry"},"taxonomy_info":{"product_brand":[{"value":1290,"label":"Kappa"}],"product_cat":[{"value":15,"label":"Bez kategorii"},{"value":1438,"label":"Borussia Dortmund"}],"pa_homeawaythird":[{"value":1597,"label":"Home"}],"pa_rozmiar":[{"value":1816,"label":"M"}]},"featured_image_src_large":["https:\/\/footballthrift.shop\/wp-content\/uploads\/2026\/03\/Photoroom_20260326_104957-1024x1024.jpg",1024,1024,true],"author_info":[],"comment_info":"","_links":{"self":[{"href":"https:\/\/footballthrift.shop\/de\/wp-json\/wp\/v2\/product\/121735","targetHints":{"allow":["GET"]}}],"collection":[{"href":"https:\/\/footballthrift.shop\/de\/wp-json\/wp\/v2\/product"}],"about":[{"href":"https:\/\/footballthrift.shop\/de\/wp-json\/wp\/v2\/types\/product"}],"wp:featuredmedia":[{"embeddable":true,"href":"https:\/\/footballthrift.shop\/de\/wp-json\/wp\/v2\/media\/121888"}],"wp:attachment":[{"href":"https:\/\/footballthrift.shop\/de\/wp-json\/wp\/v2\/media?parent=121735"}],"wp:term":[{"taxonomy":"product_brand","embeddable":true,"href":"https:\/\/footballthrift.shop\/de\/wp-json\/wp\/v2\/product_brand?post=121735"},{"taxonomy":"product_cat","embeddable":true,"href":"https:\/\/footballthrift.shop\/de\/wp-json\/wp\/v2\/product_cat?post=121735"},{"taxonomy":"product_tag","embeddable":true,"href":"https:\/\/footballthrift.shop\/de\/wp-json\/wp\/v2\/product_tag?post=121735"}],"curies":[{"name":"wp","href":"https:\/\/api.w.org\/{rel}","templated":true}]}}