{"id":121733,"date":"2026-03-29T17:59:54","date_gmt":"2026-03-29T15:59:54","guid":{"rendered":"https:\/\/footballthrift.shop\/?post_type=product&#038;p=121733"},"modified":"2026-03-29T17:59:54","modified_gmt":"2026-03-29T15:59:54","slug":"koszulka-pilkarska-besiktas-jk-2015-16-home-xl","status":"publish","type":"product","link":"https:\/\/footballthrift.shop\/de\/koszulka-pilkarska-besiktas-jk-2015-16-home-xl\/","title":{"rendered":"Koszulka pi\u0142karska Besiktas JK 2015\/16 Home [XL]"},"content":{"rendered":"<p><strong>Verein:<\/strong> Besiktas JK<\/p>\n<p><strong>Saison:<\/strong> 2015\/16 Startseite<\/p>\n<p><strong>Gr\u00f6\u00dfe: <\/strong>XL<\/p>\n<p><strong>Zustand:<\/strong> Ausgezeichnet<\/p>\n<p><strong>Ma\u00dfe (Achselbreite\/L\u00e4nge) in cm: <\/strong>56\/78<\/p>","protected":false},"excerpt":{"rendered":"<p><strong>Original Be\u015fikta\u015f JK Heim-Fu\u00dfballtrikot aus der Saison 2015\/16 von Adidas.\u00a0<\/strong><\/p>\n<p>Heimmodell <strong>Be\u015fikta\u015f JK<\/strong> aus der Saison <strong>2015\/16<\/strong>hergestellt von <strong>Adidas<\/strong> in XL-Gr\u00f6\u00dfe, geht auf eine der wichtigsten Perioden in der modernen Geschichte des Vereins zur\u00fcck. Damals erreichte die Mannschaft die t\u00fcrkische Meisterschaft mit einem offensiven und effektiven Spielstil, der ihr die Vorherrschaft im nationalen Wettbewerb sicherte.<\/p>\n<p>Das Trikot wurde auf wei\u00dfem Grund hergestellt und das Ganze wird durch einen schwarzen Kragenbesatz und die charakteristischen Adidas-Designstreifen an den \u00c4rmeln erg\u00e4nzt. Auf der Vorderseite befindet sich ein zentraler Sponsorenaufdruck. <strong>Vodafone<\/strong>, Sie hebt sich deutlich von dem hellen Hintergrund ab und bildet eines der Hauptelemente der Komposition.<\/p>\n<p>In der Saison 2015\/16 werden die Farben <strong>Be\u015fikta\u015f JK<\/strong> vertreten u.a. durch. <strong>Mario G\u00f3mez<\/strong>, der der effektivste Spieler der Mannschaft und einer der besten Torsch\u00fctzen der Liga war, <strong>Ricardo Quaresma<\/strong>, der f\u00fcr Kreativit\u00e4t und Qualit\u00e4t in der Offensive verantwortlich ist, und <strong>O\u011fuzhan \u00d6zyakup<\/strong>, und spielte eine Schl\u00fcsselrolle im Mittelfeld. Das von \u015eenol G\u00fcne\u015f gef\u00fchrte Team zeichnete sich durch sein fl\u00fcssiges Spiel und seine Effizienz aus, was zum Gewinn des Meistertitels f\u00fchrte.<\/p>\n<p>Das T-Shirt ist aus leichtem und atmungsaktivem Material gefertigt und der Schnitt in Gr\u00f6\u00dfe XL entspricht den Standards der <strong>Adidas<\/strong>, und bietet die klassische Passform, die f\u00fcr die Designs der Marke charakteristisch ist.<\/p>\n<p>F\u00fcr Sammler und Fans, die ein originales Heimtrikot suchen <strong>Be\u015fikta\u015f JK<\/strong> aus der Saison <strong>2015\/16<\/strong>, die die Meisterschaftssaison des Vereins deutlich dokumentiert.<\/p>","protected":false},"featured_media":121871,"template":"","meta":{"_kad_blocks_custom_css":"","_kad_blocks_head_custom_js":"","_kad_blocks_body_custom_js":"","_kad_blocks_footer_custom_js":"","_kad_post_transparent":"default","_kad_post_title":"","_kad_post_layout":"default","_kad_post_sidebar_id":"","_kad_post_content_style":"default","_kad_post_vertical_padding":"default","_kad_post_feature":"","_kad_post_feature_position":"","_kad_post_header":false,"_kad_post_footer":false,"_kad_post_classname":""},"product_brand":[1283],"product_cat":[15,1492],"product_tag":[],"class_list":{"0":"post-121733","1":"product","2":"type-product","3":"status-publish","4":"has-post-thumbnail","6":"product_brand-adidas","7":"product_cat-bez-kategorii","8":"product_cat-kluby-tureckie","9":"pa_homeawaythird-home","10":"pa_rozmiar-xl","12":"first","13":"instock","14":"taxable","15":"shipping-taxable","16":"purchasable","17":"product-type-simple","18":"entry","19":"content-bg","20":"loop-entry"},"taxonomy_info":{"product_brand":[{"value":1283,"label":"Adidas"}],"product_cat":[{"value":15,"label":"Bez kategorii"},{"value":1492,"label":"Turcja"}],"pa_homeawaythird":[{"value":1597,"label":"Home"}],"pa_rozmiar":[{"value":1818,"label":"XL"}]},"featured_image_src_large":["https:\/\/footballthrift.shop\/wp-content\/uploads\/2026\/03\/Photoroom_20260326_105525-1024x1024.jpg",1024,1024,true],"author_info":[],"comment_info":"","_links":{"self":[{"href":"https:\/\/footballthrift.shop\/de\/wp-json\/wp\/v2\/product\/121733","targetHints":{"allow":["GET"]}}],"collection":[{"href":"https:\/\/footballthrift.shop\/de\/wp-json\/wp\/v2\/product"}],"about":[{"href":"https:\/\/footballthrift.shop\/de\/wp-json\/wp\/v2\/types\/product"}],"wp:featuredmedia":[{"embeddable":true,"href":"https:\/\/footballthrift.shop\/de\/wp-json\/wp\/v2\/media\/121871"}],"wp:attachment":[{"href":"https:\/\/footballthrift.shop\/de\/wp-json\/wp\/v2\/media?parent=121733"}],"wp:term":[{"taxonomy":"product_brand","embeddable":true,"href":"https:\/\/footballthrift.shop\/de\/wp-json\/wp\/v2\/product_brand?post=121733"},{"taxonomy":"product_cat","embeddable":true,"href":"https:\/\/footballthrift.shop\/de\/wp-json\/wp\/v2\/product_cat?post=121733"},{"taxonomy":"product_tag","embeddable":true,"href":"https:\/\/footballthrift.shop\/de\/wp-json\/wp\/v2\/product_tag?post=121733"}],"curies":[{"name":"wp","href":"https:\/\/api.w.org\/{rel}","templated":true}]}}