{"id":121732,"date":"2026-03-29T17:59:54","date_gmt":"2026-03-29T15:59:54","guid":{"rendered":"https:\/\/footballthrift.shop\/?post_type=product&#038;p=121732"},"modified":"2026-03-29T17:59:54","modified_gmt":"2026-03-29T15:59:54","slug":"koszulka-pilkarska-authentic-atletico-madryt-2016-17-away-9-torres-xl","status":"publish","type":"product","link":"https:\/\/footballthrift.shop\/de\/koszulka-pilkarska-authentic-atletico-madryt-2016-17-away-9-torres-xl\/","title":{"rendered":"Koszulka pi\u0142karska AUTHENTIC Atletico Madryt 2016\/17 Away 9 Torres [XL]"},"content":{"rendered":"<p><strong>Verein:<\/strong> Atletico Madrid<\/p>\n<p><strong>Saison:<\/strong> 2016\/17 Ausw\u00e4rts<\/p>\n<p><strong>Gr\u00f6\u00dfe: <\/strong>XL<\/p>\n<p><strong>Zustand:<\/strong> Dobry &#8211; brak nalepki producenta na froncie oraz zszyte \u0142\u0105czenie na karku.<\/p>\n<p><strong>Ma\u00dfe (Achselbreite\/L\u00e4nge) in cm: <\/strong>58\/73<\/p>","protected":false},"excerpt":{"rendered":"<p><strong>Original Atl\u00e9tico Madrid Ausw\u00e4rtstrikot aus der Saison 2016\/17 von Nike mit Fernando Torres-Aufdruck.\u00a0<\/strong><\/p>\n<p>Ausw\u00e4rtsmodell <strong>Atl\u00e9tico Madrid<\/strong> aus der Saison <strong>2016\/17<\/strong>hergestellt von <strong>Nike<\/strong> in XL-Gr\u00f6\u00dfe, stammt aus einer Zeit, in der das Team von Diego Simeone zu den besten Mannschaften Europas geh\u00f6rte. Das Team beendete die La Liga ganz oben und erreichte das Halbfinale der Champions League, was seine starke Position sowohl in Spanien als auch international best\u00e4tigte.<\/p>\n<p>Das T-Shirt ist ganz in Schwarz gehalten, was ihm einen eleganten und entschiedenen Charakter verleiht, w\u00e4hrend die kontrastierenden gelben Elemente in Form des Wappens <strong>Atl\u00e9tico Madrid<\/strong>, Logo <strong>Nike<\/strong> und Impressum des Sponsors <strong>Plus 500<\/strong> auf der Vorderseite heben sich deutlich von den anderen ab. Das Design ist minimalistisch gehalten und unterstreicht die moderne Designrichtung der Marke. Das T-Shirt ist als eine Version des <strong>AUTHENTISCH<\/strong>, Sie zeichnet sich durch Details wie ein geb\u00fcgeltes Innenetikett, Netzgewebe auf der R\u00fcckseite und Gummiembleme aus.<\/p>\n<p>Auf der R\u00fcckseite befindet sich ein origineller Aufdruck. <strong>Fernando Torres<\/strong>, St\u00fcrmer und Alumni <strong>Atl\u00e9tico Madrid<\/strong>, der in dieser Zeit sein Comeback im Verein fortsetzte. Torres war ein Symbol f\u00fcr die Identit\u00e4t der Mannschaft und seine Anwesenheit vereinte Generationen von Fans, denn er brachte Erfahrung und wichtige Tore in den entscheidenden Momenten der Saison.<\/p>\n<p>Das T-Shirt ist aus leichtem und atmungsaktivem Material gefertigt und der Schnitt in Gr\u00f6\u00dfe XL entspricht den Standards der <strong>Nike<\/strong>, und sorgt f\u00fcr eine Passform, die dem Design der Marke entspricht.<\/p>\n<p>Dies ist f\u00fcr Sammler und Fans, die ein originales Ausw\u00e4rtstrikot suchen <strong>Atl\u00e9tico Madrid<\/strong> aus der Saison <strong>2016\/17<\/strong>, Damit wird eine der st\u00e4rksten Perioden in der Geschichte des Vereins und die R\u00fcckkehr der Ehemaligen deutlich dokumentiert.<\/p>","protected":false},"featured_media":121861,"template":"","meta":{"_kad_blocks_custom_css":"","_kad_blocks_head_custom_js":"","_kad_blocks_body_custom_js":"","_kad_blocks_footer_custom_js":"","_kad_post_transparent":"default","_kad_post_title":"","_kad_post_layout":"default","_kad_post_sidebar_id":"","_kad_post_content_style":"default","_kad_post_vertical_padding":"default","_kad_post_feature":"","_kad_post_feature_position":"","_kad_post_header":false,"_kad_post_footer":false,"_kad_post_classname":""},"product_brand":[1284],"product_cat":[1443,15],"product_tag":[],"class_list":{"0":"post-121732","1":"product","2":"type-product","3":"status-publish","4":"has-post-thumbnail","6":"product_brand-nike","7":"product_cat-kluby-hiszpanskie-atleticomadryt","8":"product_cat-bez-kategorii","9":"pa_homeawaythird-away","10":"pa_rozmiar-xl","12":"first","13":"instock","14":"taxable","15":"shipping-taxable","16":"purchasable","17":"product-type-simple","18":"entry","19":"content-bg","20":"loop-entry"},"taxonomy_info":{"product_brand":[{"value":1284,"label":"Nike"}],"product_cat":[{"value":1443,"label":"Atletico Madryt"},{"value":15,"label":"Bez kategorii"}],"pa_homeawaythird":[{"value":1598,"label":"Away"}],"pa_rozmiar":[{"value":1818,"label":"XL"}]},"featured_image_src_large":["https:\/\/footballthrift.shop\/wp-content\/uploads\/2026\/03\/Photoroom_20260326_104616-1024x1024.jpg",1024,1024,true],"author_info":[],"comment_info":"","_links":{"self":[{"href":"https:\/\/footballthrift.shop\/de\/wp-json\/wp\/v2\/product\/121732","targetHints":{"allow":["GET"]}}],"collection":[{"href":"https:\/\/footballthrift.shop\/de\/wp-json\/wp\/v2\/product"}],"about":[{"href":"https:\/\/footballthrift.shop\/de\/wp-json\/wp\/v2\/types\/product"}],"wp:featuredmedia":[{"embeddable":true,"href":"https:\/\/footballthrift.shop\/de\/wp-json\/wp\/v2\/media\/121861"}],"wp:attachment":[{"href":"https:\/\/footballthrift.shop\/de\/wp-json\/wp\/v2\/media?parent=121732"}],"wp:term":[{"taxonomy":"product_brand","embeddable":true,"href":"https:\/\/footballthrift.shop\/de\/wp-json\/wp\/v2\/product_brand?post=121732"},{"taxonomy":"product_cat","embeddable":true,"href":"https:\/\/footballthrift.shop\/de\/wp-json\/wp\/v2\/product_cat?post=121732"},{"taxonomy":"product_tag","embeddable":true,"href":"https:\/\/footballthrift.shop\/de\/wp-json\/wp\/v2\/product_tag?post=121732"}],"curies":[{"name":"wp","href":"https:\/\/api.w.org\/{rel}","templated":true}]}}