{"id":121731,"date":"2026-03-29T17:59:55","date_gmt":"2026-03-29T15:59:55","guid":{"rendered":"https:\/\/footballthrift.shop\/?post_type=product&#038;p=121731"},"modified":"2026-03-29T17:59:55","modified_gmt":"2026-03-29T15:59:55","slug":"arsenal-fc-torwart-trikot-2019-20-l","status":"publish","type":"product","link":"https:\/\/footballthrift.shop\/de\/koszulka-bramkarska-arsenal-fc-2019-20-l\/","title":{"rendered":"Koszulka bramkarska Arsenal FC 2019\/20 [L]"},"content":{"rendered":"<p><strong>Verein:<\/strong> Arsenal FC<\/p>\n<p><strong>Saison:<\/strong> 2019\/20<\/p>\n<p><strong>Gr\u00f6\u00dfe: <\/strong>L<\/p>\n<p><strong>Zustand:<\/strong> Zufriedenstellend - zwei gro\u00dfe Risse und eine Spur eines gen\u00e4hten Lochs am \u00c4rmel.<\/p>\n<p><strong>Ma\u00dfe (Achselbreite\/L\u00e4nge) in cm: <\/strong>53\/77<\/p>","protected":false},"excerpt":{"rendered":"<p><strong>Original Torwart-Fu\u00dfballtrikot von Arsenal FC aus der Saison 2019\/20 von Adidas.&nbsp;<\/strong><\/p>\n<p>Modell Torwart <strong>Arsenal FC<\/strong> aus der Saison <strong>2019\/20<\/strong>hergestellt von <strong>Adidas<\/strong> Gr\u00f6\u00dfe L, kommt nach einer schwierigen Zeit des Wiederaufbaus f\u00fcr das Team, das die Ligaspiele im Mittelfeld der Premier League-Tabelle beendete. Gleichzeitig war es eine Saison, die mit dem Gewinn des FA-Cups endete, ein gro\u00dfer Erfolg f\u00fcr das von Mikel Arteta gef\u00fchrte Team.<\/p>\n<p>Das T-Shirt ist auf einem dunkelgr\u00fcnen Untergrund gefertigt und mit einem von einem Moros-Motiv inspirierten Muster \u00fcberzogen, das dem Ganzen einen modernen und dynamischen Look verleiht. Kontrastierende gelbe Elemente in Form des Wappens <strong>Arsenal FC<\/strong>, Logo <strong>Adidas<\/strong> und Impressum des Sponsors <strong>Fliegen Sie Emirates<\/strong> auf der Vorderseite heben sich deutlich vom Hintergrund ab und unterstreichen den Charakter des Designs.<\/p>\n<p>Die Ziele f\u00fcr die Saison 2019\/20 <strong>Arsenal FC<\/strong> prim\u00e4r bewacht <strong>Bernd Leno<\/strong>, der erste Wahl und einer der wichtigsten Spieler der Mannschaft war, sowie <strong>Emiliano Mart\u00ednez<\/strong>, die vor allem gegen Ende der Saison eine Schl\u00fcsselrolle auf dem Weg zum FA-Cup-Sieg spielten. Zur Mannschaft geh\u00f6rten auch Spieler wie. <strong>Pierre-Emerick Aubameyang<\/strong>, Held des Pokalfinales, <strong>Granit Xhaka<\/strong> oder <strong>Bukayo Saka<\/strong>, und ist eine der Entdeckungen der Saison.<\/p>\n<p>Das T-Shirt ist aus einem leichten und luftigen Material gefertigt und der Schnitt in Gr\u00f6\u00dfe L entspricht den Standards der <strong>Adidas<\/strong>, und sorgt f\u00fcr eine Passform, die dem Design der Marke entspricht.<\/p>\n<p>Dies ist f\u00fcr Sammler und Fans, die ein originales Torwarttrikot suchen <strong>Arsenal FC<\/strong> aus der Saison <strong>2019\/20<\/strong>, die eine eindeutige Bilanz der mit dem Gewinn des nationalen Pokals abgeschlossenen Saison liefert.<\/p>","protected":false},"featured_media":121853,"template":"","meta":{"_kad_blocks_custom_css":"","_kad_blocks_head_custom_js":"","_kad_blocks_body_custom_js":"","_kad_blocks_footer_custom_js":"","_kad_post_transparent":"default","_kad_post_title":"","_kad_post_layout":"default","_kad_post_sidebar_id":"","_kad_post_content_style":"default","_kad_post_vertical_padding":"default","_kad_post_feature":"","_kad_post_feature_position":"","_kad_post_header":false,"_kad_post_footer":false,"_kad_post_classname":""},"product_brand":[1283],"product_cat":[1435,15],"product_tag":[],"class_list":{"0":"post-121731","1":"product","2":"type-product","3":"status-publish","4":"has-post-thumbnail","6":"product_brand-adidas","7":"product_cat-arsenal","8":"product_cat-bez-kategorii","9":"pa_rozmiar-l","11":"first","12":"instock","13":"taxable","14":"shipping-taxable","15":"purchasable","16":"product-type-simple","17":"entry","18":"content-bg","19":"loop-entry"},"taxonomy_info":{"product_brand":[{"value":1283,"label":"Adidas"}],"product_cat":[{"value":1435,"label":"Arsenal FC"},{"value":15,"label":"Bez kategorii"}],"pa_rozmiar":[{"value":1817,"label":"L"}]},"featured_image_src_large":["https:\/\/footballthrift.shop\/wp-content\/uploads\/2026\/03\/Photoroom_20260326_104700-1024x1024.jpg",1024,1024,true],"author_info":[],"comment_info":"","_links":{"self":[{"href":"https:\/\/footballthrift.shop\/de\/wp-json\/wp\/v2\/product\/121731","targetHints":{"allow":["GET"]}}],"collection":[{"href":"https:\/\/footballthrift.shop\/de\/wp-json\/wp\/v2\/product"}],"about":[{"href":"https:\/\/footballthrift.shop\/de\/wp-json\/wp\/v2\/types\/product"}],"wp:featuredmedia":[{"embeddable":true,"href":"https:\/\/footballthrift.shop\/de\/wp-json\/wp\/v2\/media\/121853"}],"wp:attachment":[{"href":"https:\/\/footballthrift.shop\/de\/wp-json\/wp\/v2\/media?parent=121731"}],"wp:term":[{"taxonomy":"product_brand","embeddable":true,"href":"https:\/\/footballthrift.shop\/de\/wp-json\/wp\/v2\/product_brand?post=121731"},{"taxonomy":"product_cat","embeddable":true,"href":"https:\/\/footballthrift.shop\/de\/wp-json\/wp\/v2\/product_cat?post=121731"},{"taxonomy":"product_tag","embeddable":true,"href":"https:\/\/footballthrift.shop\/de\/wp-json\/wp\/v2\/product_tag?post=121731"}],"curies":[{"name":"wp","href":"https:\/\/api.w.org\/{rel}","templated":true}]}}