{"id":121354,"date":"2026-03-22T17:59:13","date_gmt":"2026-03-22T16:59:13","guid":{"rendered":"https:\/\/footballthrift.shop\/?post_type=product&#038;p=121354"},"modified":"2026-03-22T17:59:13","modified_gmt":"2026-03-22T16:59:13","slug":"koszulka-pilkarska-bnwt-arka-gdynia-2016-17-home-s","status":"publish","type":"product","link":"https:\/\/footballthrift.shop\/de\/koszulka-pilkarska-bnwt-arka-gdynia-2016-17-home-s\/","title":{"rendered":"Koszulka pi\u0142karska BNWT Arka Gdynia 2016\/17 Home [S]"},"content":{"rendered":"<p><strong>Verein:<\/strong> Arka Gdynia<\/p>\n<p><strong>Saison:<\/strong> 2016\/17 Startseite<\/p>\n<p><strong>Gr\u00f6\u00dfe: <\/strong>S<\/p>\n<p><strong>Zustand:<\/strong> BNWT - T-shirt neu, mit Etiketten.<\/p>\n<p><strong>Ma\u00dfe (Achselbreite\/L\u00e4nge) in cm: <\/strong>49\/70<\/p>","protected":false},"excerpt":{"rendered":"<p><strong>Original Arka Gdynia Heimtrikot aus der Saison 2016\/17 von Adidas.\u00a0<\/strong><\/p>\n<p>Heimmodell <strong>Arki Gdynia<\/strong> aus der Saison <strong>2016\/17<\/strong>hergestellt von <strong>Adidas<\/strong> in Gr\u00f6\u00dfe S, stammt aus einer der denkw\u00fcrdigsten Spielzeiten der Vereinsgeschichte. Die von Grzegorz Nici\u0144ski und sp\u00e4ter Leszek Ojrzy\u0144ski gef\u00fchrte Mannschaft erreichte den <strong>Polnischer Pokal<\/strong>, die in die Geschichte des polnischen Fu\u00dfballs eingehen werden.<\/p>\n<p>Das T-Shirt wurde auf einer gelben Basis mit kontrastierenden blauen Elementen hergestellt, die seit Jahren ein Markenzeichen sind. <strong>Arki Gdynia<\/strong>. Die Vorderseite enth\u00e4lt Sponsorenaufdrucke <strong>Gdynia<\/strong> und <strong>Polnord<\/strong>, und Spielaufn\u00e4her auf den \u00c4rmeln <strong>Polnischer Pokal<\/strong>, Das Design ist einfach und klassisch gehalten und unterstreicht die Teilnahme des Teams an diesen Wettbewerben. Das Design ist einfach und klassisch gehalten, charakteristisch f\u00fcr die Sets, die von der <strong>Adidas<\/strong>.<\/p>\n<p>Saison <strong>2016\/17<\/strong> war f\u00fcr <strong>Arki Gdynia<\/strong> einzigartig, vor allem wegen des Siegeszuges der <strong>Polnischer Pokal<\/strong>. Im Finale, das im Nationalstadion ausgetragen wurde, schlug das Team die <strong>Lecha Posen<\/strong> 2:1 nach Verl\u00e4ngerung und gewann damit zum zweiten Mal den Pokal. Zu den Schl\u00fcsselfiguren der Mannschaft geh\u00f6rten damals. <strong>Marcus da Silva<\/strong>, Torsch\u00fctzen im Finale, <strong>Rafa\u0142 Siemaszko <\/strong>i<strong> Luka Zarandia,<\/strong>\u00a0<strong>Dominik Hofbauer<\/strong>, <strong>Michal Nalepa<\/strong> und <strong>Krzysztof Sobieraj<\/strong>, die den Kern der Mannschaft auf ihrem Weg zum Pokal bildeten.<\/p>\n<p>Das T-Shirt ist aus einem leichten und luftigen Material gefertigt und der Schnitt in Gr\u00f6\u00dfe S entspricht den Standards der <strong>Adidas<\/strong>, und bietet eine klassische Passform. Das Exemplar ist neu, mit Shop-Tags erhalten.<\/p>\n<p>Dies ist ein Angebot f\u00fcr Sammler und Fans, die auf der Suche sind nach <strong>das Original Arka Gdynia Heimtrikot aus der Saison 2016\/17 von Adidas<\/strong>, die den historischen Triumph der <strong>Polnischer Pokal<\/strong>.<\/p>","protected":false},"featured_media":121457,"template":"","meta":{"_kad_blocks_custom_css":"","_kad_blocks_head_custom_js":"","_kad_blocks_body_custom_js":"","_kad_blocks_footer_custom_js":"","_kad_post_transparent":"default","_kad_post_title":"","_kad_post_layout":"default","_kad_post_sidebar_id":"","_kad_post_content_style":"default","_kad_post_vertical_padding":"default","_kad_post_feature":"","_kad_post_feature_position":"","_kad_post_header":false,"_kad_post_footer":false,"_kad_post_classname":""},"product_brand":[1283],"product_cat":[15,1468],"product_tag":[],"class_list":{"0":"post-121354","1":"product","2":"type-product","3":"status-publish","4":"has-post-thumbnail","6":"product_brand-adidas","7":"product_cat-bez-kategorii","8":"product_cat-pozostale-kluby-polskie","9":"pa_homeawaythird-home","10":"pa_rozmiar-s","12":"first","13":"instock","14":"taxable","15":"shipping-taxable","16":"purchasable","17":"product-type-simple","18":"entry","19":"content-bg","20":"loop-entry"},"taxonomy_info":{"product_brand":[{"value":1283,"label":"Adidas"}],"product_cat":[{"value":15,"label":"Bez kategorii"},{"value":1468,"label":"Pozosta\u0142e kluby polskie"}],"pa_homeawaythird":[{"value":1597,"label":"Home"}],"pa_rozmiar":[{"value":1815,"label":"S"}]},"featured_image_src_large":["https:\/\/footballthrift.shop\/wp-content\/uploads\/2026\/03\/Photoroom_20260318_112348-1024x1024.jpg",1024,1024,true],"author_info":[],"comment_info":"","_links":{"self":[{"href":"https:\/\/footballthrift.shop\/de\/wp-json\/wp\/v2\/product\/121354","targetHints":{"allow":["GET"]}}],"collection":[{"href":"https:\/\/footballthrift.shop\/de\/wp-json\/wp\/v2\/product"}],"about":[{"href":"https:\/\/footballthrift.shop\/de\/wp-json\/wp\/v2\/types\/product"}],"wp:featuredmedia":[{"embeddable":true,"href":"https:\/\/footballthrift.shop\/de\/wp-json\/wp\/v2\/media\/121457"}],"wp:attachment":[{"href":"https:\/\/footballthrift.shop\/de\/wp-json\/wp\/v2\/media?parent=121354"}],"wp:term":[{"taxonomy":"product_brand","embeddable":true,"href":"https:\/\/footballthrift.shop\/de\/wp-json\/wp\/v2\/product_brand?post=121354"},{"taxonomy":"product_cat","embeddable":true,"href":"https:\/\/footballthrift.shop\/de\/wp-json\/wp\/v2\/product_cat?post=121354"},{"taxonomy":"product_tag","embeddable":true,"href":"https:\/\/footballthrift.shop\/de\/wp-json\/wp\/v2\/product_tag?post=121354"}],"curies":[{"name":"wp","href":"https:\/\/api.w.org\/{rel}","templated":true}]}}