{"id":121353,"date":"2026-03-22T17:59:14","date_gmt":"2026-03-22T16:59:14","guid":{"rendered":"https:\/\/footballthrift.shop\/?post_type=product&#038;p=121353"},"modified":"2026-03-22T17:59:15","modified_gmt":"2026-03-22T16:59:15","slug":"polo-bawelniane-atletico-madryt-2013-14-s","status":"publish","type":"product","link":"https:\/\/footballthrift.shop\/de\/polo-bawelniane-atletico-madryt-2013-14-s\/","title":{"rendered":"Polo bawe\u0142niane Atletico Madryt 2013\/14 [S]"},"content":{"rendered":"<p><strong>Verein:<\/strong> Atletico Madrid<\/p>\n<p><strong>Saison:<\/strong> 2013\/14<\/p>\n<p><strong>Gr\u00f6\u00dfe: <\/strong>S<\/p>\n<p><strong>Zustand:<\/strong> Bardzo dobry &#8211; nieco wyblak\u0142y materia\u0142.<\/p>\n<p><strong>Ma\u00dfe (Achselbreite\/L\u00e4nge) in cm: <\/strong>46\/71<\/p>","protected":false},"excerpt":{"rendered":"<p><strong>Original Atl\u00e9tico Madrid Poloshirt aus der Saison 2013\/14 von Nike.\u00a0<\/strong><\/p>\n<p>Polo-Modell <strong>Atl\u00e9tico Madrid<\/strong> aus der Saison <strong>2013\/14<\/strong>hergestellt von <strong>Nike<\/strong> in Gr\u00f6\u00dfe S, stammt aus einer der wichtigsten Perioden in der Geschichte des Vereins. In dieser Saison wurde das von Diego Simeone gef\u00fchrte Team spanischer Meister, konkurrierte auf Augenh\u00f6he mit den gr\u00f6\u00dften Vereinen der Liga und erreichte auch das Finale der Champions League.<\/p>\n<p>Das Trikot ist in Lila gehalten und hat kontrastierende rote Abschl\u00fcsse an den \u00c4rmeln, um das Farbschema des Vereins zu unterstreichen. <strong>Atl\u00e9tico Madrid<\/strong>. Das Design ist in einem einfachen, trainingsrepr\u00e4sentativen Stil gehalten, der f\u00fcr die von der Gruppe hergestellte Kleidung charakteristisch ist. <strong>Nike<\/strong> f\u00fcr Personal und Spieler.<\/p>\n<p>Das Modell ist aus Baumwolle gefertigt und der Schnitt in Gr\u00f6\u00dfe S entspricht den Normen der <strong>Nike<\/strong>, und bietet eine klassische Passform und t\u00e4glichen Komfort.<\/p>\n<p>Dies ist ein Angebot f\u00fcr Sammler und Fans, die auf der Suche sind nach <strong>das Original Atl\u00e9tico Madrid Polo-Shirt aus der Saison 2013\/14 von Nike<\/strong>, eine klare Aufzeichnung einer der historischsten Spielzeiten in der Geschichte des Vereins.<\/p>","protected":false},"featured_media":121450,"template":"","meta":{"_kad_blocks_custom_css":"","_kad_blocks_head_custom_js":"","_kad_blocks_body_custom_js":"","_kad_blocks_footer_custom_js":"","_kad_post_transparent":"default","_kad_post_title":"","_kad_post_layout":"default","_kad_post_sidebar_id":"","_kad_post_content_style":"default","_kad_post_vertical_padding":"default","_kad_post_feature":"","_kad_post_feature_position":"","_kad_post_header":false,"_kad_post_footer":false,"_kad_post_classname":""},"product_brand":[1284],"product_cat":[1443,15,1423],"product_tag":[],"class_list":{"0":"post-121353","1":"product","2":"type-product","3":"status-publish","4":"has-post-thumbnail","6":"product_brand-nike","7":"product_cat-kluby-hiszpanskie-atleticomadryt","8":"product_cat-bez-kategorii","9":"product_cat-kurtkibluzytrening","10":"pa_rozmiar-s","12":"first","13":"instock","14":"taxable","15":"shipping-taxable","16":"purchasable","17":"product-type-simple","18":"entry","19":"content-bg","20":"loop-entry"},"taxonomy_info":{"product_brand":[{"value":1284,"label":"Nike"}],"product_cat":[{"value":1443,"label":"Atletico Madryt"},{"value":15,"label":"Bez kategorii"},{"value":1423,"label":"Kurtki\/bluzy\/trening"}],"pa_rozmiar":[{"value":1815,"label":"S"}]},"featured_image_src_large":["https:\/\/footballthrift.shop\/wp-content\/uploads\/2026\/03\/Photoroom_20260318_112805-1024x1024.jpg",1024,1024,true],"author_info":[],"comment_info":"","_links":{"self":[{"href":"https:\/\/footballthrift.shop\/de\/wp-json\/wp\/v2\/product\/121353","targetHints":{"allow":["GET"]}}],"collection":[{"href":"https:\/\/footballthrift.shop\/de\/wp-json\/wp\/v2\/product"}],"about":[{"href":"https:\/\/footballthrift.shop\/de\/wp-json\/wp\/v2\/types\/product"}],"wp:featuredmedia":[{"embeddable":true,"href":"https:\/\/footballthrift.shop\/de\/wp-json\/wp\/v2\/media\/121450"}],"wp:attachment":[{"href":"https:\/\/footballthrift.shop\/de\/wp-json\/wp\/v2\/media?parent=121353"}],"wp:term":[{"taxonomy":"product_brand","embeddable":true,"href":"https:\/\/footballthrift.shop\/de\/wp-json\/wp\/v2\/product_brand?post=121353"},{"taxonomy":"product_cat","embeddable":true,"href":"https:\/\/footballthrift.shop\/de\/wp-json\/wp\/v2\/product_cat?post=121353"},{"taxonomy":"product_tag","embeddable":true,"href":"https:\/\/footballthrift.shop\/de\/wp-json\/wp\/v2\/product_tag?post=121353"}],"curies":[{"name":"wp","href":"https:\/\/api.w.org\/{rel}","templated":true}]}}