{"id":121352,"date":"2026-03-22T17:59:15","date_gmt":"2026-03-22T16:59:15","guid":{"rendered":"https:\/\/footballthrift.shop\/?post_type=product&#038;p=121352"},"modified":"2026-03-22T17:59:15","modified_gmt":"2026-03-22T16:59:15","slug":"koszulka-pilkarska-authentic-atletico-madryt-2021-22-home-s","status":"publish","type":"product","link":"https:\/\/footballthrift.shop\/de\/koszulka-pilkarska-authentic-atletico-madryt-2021-22-home-s\/","title":{"rendered":"Koszulka pi\u0142karska AUTHENTIC Atletico Madryt 2021\/22 Home [S]"},"content":{"rendered":"<p><strong>Verein:<\/strong> Atletico Madrid<\/p>\n<p><strong>Saison:<\/strong> 2021\/22 Heim<\/p>\n<p><strong>Gr\u00f6\u00dfe: <\/strong>S<\/p>\n<p><strong>Zustand:<\/strong> Ausgezeichnet<\/p>\n<p><strong>Ma\u00dfe (Achselbreite\/L\u00e4nge) in cm: <\/strong>46\/68<\/p>","protected":false},"excerpt":{"rendered":"<p><strong>Original Atl\u00e9tico Madrid Heimtrikot der Saison 2021\/22 von Nike.\u00a0<\/strong><\/p>\n<p>Heimmodell <strong>Atl\u00e9tico Madrid<\/strong> aus der Saison <strong>2021\/22<\/strong>hergestellt von <strong>Nike<\/strong> in der Gr\u00f6\u00dfe S, geht auf die Verteidigung des spanischen Meistertitels im Vorjahr zur\u00fcck. Das von Diego Simeone geleitete Team k\u00e4mpfte an der Spitze der <strong>La Liga<\/strong>, Sie beendeten die Saison auf dem Podium und zeigten einmal mehr einen unverwechselbaren, intensiven Spielstil.<\/p>\n<p>Das T-Shirt ist im klassischen rot-wei\u00dfen L\u00e4ngsstreifen-Layout gehalten, das durch ein Motiv aus unregelm\u00e4\u00dfigen roten Flecken aufgewertet wird, die dem Design seinen einzigartigen Charakter verleihen. Auf der Vorderseite steht ein Sponsorenaufdruck im Mittelpunkt <strong>Plus500<\/strong>, und die Kennzeichnung des Herstellers <strong>Nike<\/strong> stehen im Einklang mit dem modernen Design von Haushaltsger\u00e4ten <strong>Atl\u00e9tico Madrid<\/strong> aus dieser Zeit.<\/p>\n<p>Saison <strong>2021\/22<\/strong> in der Ausf\u00fchrung <strong>Atl\u00e9tico Madrid<\/strong> war eine Periode anspruchsvoller Wettk\u00e4mpfe sowohl im heimischen Umfeld als auch in den Europapokalen. Zu den Schl\u00fcsselrollen in der Mannschaft geh\u00f6rten. <strong>Jan Oblak<\/strong>, <strong>Koke<\/strong>, <strong>Marcos Llorente<\/strong>, <strong>Antoine Griezmann<\/strong> und <strong>Luis Su\u00e1rez<\/strong>, die das R\u00fcckgrat einer Mannschaft bildeten, die um die h\u00f6chsten Ziele k\u00e4mpfte.<\/p>\n<p>Das T-Shirt wird hergestellt aus <strong>Dri-FIT ADV<\/strong>, Version <strong>AUTHENTISCH<\/strong>, die den hochwertigsten Optionen entsprechen, die von der <strong>Nike<\/strong>, und sein Schnitt in Gr\u00f6\u00dfe S gew\u00e4hrleistet eine Passform, die den Normen des Herstellers entspricht.<\/p>\n<p>Dies ist ein Angebot f\u00fcr Sammler und Fans, die auf der Suche sind nach <strong>das Original Atl\u00e9tico Madrid Heimtrikot der Saison 2021\/22 von Nike<\/strong>, Damit ist der Kampf um die Verteidigung des Meistertitels in dieser Saison klar dokumentiert.<\/p>","protected":false},"featured_media":121441,"template":"","meta":{"_kad_blocks_custom_css":"","_kad_blocks_head_custom_js":"","_kad_blocks_body_custom_js":"","_kad_blocks_footer_custom_js":"","_kad_post_transparent":"default","_kad_post_title":"","_kad_post_layout":"default","_kad_post_sidebar_id":"","_kad_post_content_style":"default","_kad_post_vertical_padding":"default","_kad_post_feature":"","_kad_post_feature_position":"","_kad_post_header":false,"_kad_post_footer":false,"_kad_post_classname":""},"product_brand":[1284],"product_cat":[1443,15],"product_tag":[],"class_list":{"0":"post-121352","1":"product","2":"type-product","3":"status-publish","4":"has-post-thumbnail","6":"product_brand-nike","7":"product_cat-kluby-hiszpanskie-atleticomadryt","8":"product_cat-bez-kategorii","9":"pa_homeawaythird-home","10":"pa_rozmiar-s","12":"first","13":"instock","14":"taxable","15":"shipping-taxable","16":"purchasable","17":"product-type-simple","18":"entry","19":"content-bg","20":"loop-entry"},"taxonomy_info":{"product_brand":[{"value":1284,"label":"Nike"}],"product_cat":[{"value":1443,"label":"Atletico Madryt"},{"value":15,"label":"Bez kategorii"}],"pa_homeawaythird":[{"value":1597,"label":"Home"}],"pa_rozmiar":[{"value":1815,"label":"S"}]},"featured_image_src_large":["https:\/\/footballthrift.shop\/wp-content\/uploads\/2026\/03\/Photoroom_20260318_112248-1-1024x1024.jpg",1024,1024,true],"author_info":[],"comment_info":"","_links":{"self":[{"href":"https:\/\/footballthrift.shop\/de\/wp-json\/wp\/v2\/product\/121352","targetHints":{"allow":["GET"]}}],"collection":[{"href":"https:\/\/footballthrift.shop\/de\/wp-json\/wp\/v2\/product"}],"about":[{"href":"https:\/\/footballthrift.shop\/de\/wp-json\/wp\/v2\/types\/product"}],"wp:featuredmedia":[{"embeddable":true,"href":"https:\/\/footballthrift.shop\/de\/wp-json\/wp\/v2\/media\/121441"}],"wp:attachment":[{"href":"https:\/\/footballthrift.shop\/de\/wp-json\/wp\/v2\/media?parent=121352"}],"wp:term":[{"taxonomy":"product_brand","embeddable":true,"href":"https:\/\/footballthrift.shop\/de\/wp-json\/wp\/v2\/product_brand?post=121352"},{"taxonomy":"product_cat","embeddable":true,"href":"https:\/\/footballthrift.shop\/de\/wp-json\/wp\/v2\/product_cat?post=121352"},{"taxonomy":"product_tag","embeddable":true,"href":"https:\/\/footballthrift.shop\/de\/wp-json\/wp\/v2\/product_tag?post=121352"}],"curies":[{"name":"wp","href":"https:\/\/api.w.org\/{rel}","templated":true}]}}