{"id":121351,"date":"2026-03-22T17:59:16","date_gmt":"2026-03-22T16:59:16","guid":{"rendered":"https:\/\/footballthrift.shop\/?post_type=product&#038;p=121351"},"modified":"2026-03-22T17:59:17","modified_gmt":"2026-03-22T16:59:17","slug":"fusball-trikot-brasilien-2006-08-home-10-ronaldinho-l","status":"publish","type":"product","link":"https:\/\/footballthrift.shop\/de\/koszulka-pilkarska-brazylia-2006-08-home-10-ronaldinho-l\/","title":{"rendered":"Koszulka pi\u0142karska Brazylia 2006\/08 Home 10 Ronaldinho [L]"},"content":{"rendered":"<p><strong>Verein:<\/strong> Brasilien<\/p>\n<p><strong>Saison:<\/strong> 2006\/08 Zuhause<\/p>\n<p><strong>Gr\u00f6\u00dfe: <\/strong>L<\/p>\n<p><strong>Zustand:<\/strong> Gut - Zerrung am \u00c4rmel, besch\u00e4digter Aufkleber am unteren Rand des Shirts und leicht eingerissene Buchstaben im Druck auf dem R\u00fccken.<\/p>\n<p><strong>Ma\u00dfe (Achselbreite\/L\u00e4nge) in cm: <\/strong>59\/73<\/p>","protected":false},"excerpt":{"rendered":"<p data-start=\"0\" data-end=\"116\"><strong data-start=\"0\" data-end=\"116\">Original 2006\/08 Heim-Fu\u00dfballtrikot der brasilianischen Nationalmannschaft von Nike mit Ronaldinho-Aufdruck.\u00a0<\/strong><\/p>\n<p data-start=\"118\" data-end=\"509\">Heimmodell\u00a0<strong data-start=\"131\" data-end=\"172\"><span class=\"hover:entity-accent entity-underline inline cursor-pointer align-baseline\"><span class=\"whitespace-normal\">Brasilianische Nationalmannschaft<\/span><\/span><\/strong>\u00a0im Laufe der Jahre\u00a0<strong data-start=\"179\" data-end=\"190\">2006\/08<\/strong>hergestellt von\u00a0<strong data-start=\"212\" data-end=\"220\">Nike<\/strong> in Gr\u00f6\u00dfe L, stammt aus einer der bekanntesten Perioden in der Geschichte der brasilianischen Mannschaft. Es war die Zeit, als Brasilien als Titelverteidiger in die Weltmeisterschaft 2006 ging, mit einer Mannschaft voller Weltstars und gro\u00dfen sportlichen Erwartungen.<\/p>\n<p data-start=\"511\" data-end=\"897\">Das T-Shirt wurde auf dem klassischen\u00a0<strong data-start=\"556\" data-end=\"572\">gelber Sockel<\/strong>, das seit Jahrzehnten ein Symbol f\u00fcr die\u00a0<strong data-start=\"600\" data-end=\"626\">die brasilianische Nationalmannschaft<\/strong>. Das Projekt wird erg\u00e4nzt durch\u00a0<strong data-start=\"648\" data-end=\"695\">gr\u00fcne Borte an Kragen und \u00c4rmeln<\/strong>, die den nationalen Charakter des Sets unterstreichen. Die Vorderseite zeigt\u00a0<strong data-start=\"766\" data-end=\"778\">Nummer 10<\/strong>, und das Ganze beh\u00e4lt ein zeitloses, repr\u00e4sentatives Aussehen, das unverkennbar mit den Turnierauftritten der Canarinhos verbunden ist.<\/p>\n<p data-start=\"899\" data-end=\"1395\">Auf der R\u00fcckseite befindet sich ein origineller Aufdruck.\u00a0<strong data-start=\"941\" data-end=\"982\"><span class=\"hover:entity-accent entity-underline inline cursor-pointer align-baseline\"><span class=\"whitespace-normal\">Ronaldinho<\/span><\/span><\/strong>\u00a0einschlie\u00dflich\u00a0<strong data-start=\"990\" data-end=\"1004\">Nummer 10<\/strong>, mit dem der Spieler in den Nationalfarben gespielt hat.\u00a0<strong data-start=\"1057\" data-end=\"1071\">Ronaldinho<\/strong>\u00a0war die zentrale Figur der Mannschaft und einer der gr\u00f6\u00dften Stars des Weltfu\u00dfballs in dieser Zeit. Er verk\u00f6rperte den auf Kreativit\u00e4t, Technik und Freiheit basierenden brasilianischen Spielstil. Sein Einfluss auf den Fu\u00dfball ging weit \u00fcber Statistiken hinaus - er wurde zu einer Ikone des Spektakels und zu einer Inspiration f\u00fcr eine ganze Generation von Fu\u00dfballern auf der ganzen Welt.<\/p>\n<p data-start=\"1397\" data-end=\"1727\">Jahre\u00a0<strong data-start=\"1402\" data-end=\"1413\">2006\/08<\/strong>\u00a0es ist f\u00fcr\u00a0<strong data-start=\"1421\" data-end=\"1447\">die brasilianische Nationalmannschaft<\/strong>\u00a0Zeit der so genannten \u201eGal\u00e1cticos\u201d, mit Spielern wie\u00a0<strong data-start=\"1520\" data-end=\"1531\">Ronaldo<\/strong>,\u00a0<strong data-start=\"1533\" data-end=\"1541\">Kak\u00e1<\/strong>,\u00a0<strong data-start=\"1543\" data-end=\"1554\">Adriano<\/strong>,\u00a0<strong data-start=\"1556\" data-end=\"1564\">Cafu<\/strong>\u00a0oder\u00a0<strong data-start=\"1569\" data-end=\"1587\">Roberto Carlos<\/strong>, und die Weltmeisterschaft in Deutschland ging als ein Turnier der gro\u00dfen Ambitionen und gleichzeitig der sportlichen Unzul\u00e4nglichkeiten in die Geschichte ein, trotz der individuellen Klasse der Spieler.<\/p>\n<p data-start=\"1729\" data-end=\"1938\">Das T-Shirt ist aus leichtem und atmungsaktivem Material gefertigt und der Schnitt in Gr\u00f6\u00dfe\u00a0<strong>L<\/strong> bleibt konform mit den Normen <strong data-start=\"1849\" data-end=\"1857\">Nike<\/strong>, in repr\u00e4sentativen Projekten aus der Mitte des ersten Jahrzehnts des 21. Jahrhunderts verwendet.<\/p>\n<p data-start=\"1940\" data-end=\"2204\" data-is-last-node=\"\" data-is-only-node=\"\">F\u00fcr Sammler und Fans, die ein originales Heimtrikot suchen\u00a0<strong data-start=\"2040\" data-end=\"2066\">die brasilianische Nationalmannschaft<\/strong>\u00a0im Laufe der Jahre\u00a0<strong data-start=\"2073\" data-end=\"2084\">2006\/08<\/strong>, der die Weltcup-Phase der Mannschaft und die einzigartige Rolle des Teams deutlich macht.\u00a0<strong data-start=\"2159\" data-end=\"2173\">Ronaldinho<\/strong>\u00a0in der Geschichte des Weltfu\u00dfballs.<\/p>","protected":false},"featured_media":121431,"template":"","meta":{"_kad_blocks_custom_css":"","_kad_blocks_head_custom_js":"","_kad_blocks_body_custom_js":"","_kad_blocks_footer_custom_js":"","_kad_post_transparent":"default","_kad_post_title":"","_kad_post_layout":"default","_kad_post_sidebar_id":"","_kad_post_content_style":"default","_kad_post_vertical_padding":"default","_kad_post_feature":"","_kad_post_feature_position":"","_kad_post_header":false,"_kad_post_footer":false,"_kad_post_classname":""},"product_brand":[1284],"product_cat":[1421,15,1445],"product_tag":[],"class_list":{"0":"post-121351","1":"product","2":"type-product","3":"status-publish","4":"has-post-thumbnail","6":"product_brand-nike","7":"product_cat-ameryka-poludniowa-reprezentacje","8":"product_cat-bez-kategorii","9":"product_cat-brazylia","10":"pa_homeawaythird-home","11":"pa_rozmiar-l","13":"first","14":"instock","15":"taxable","16":"shipping-taxable","17":"purchasable","18":"product-type-simple","19":"entry","20":"content-bg","21":"loop-entry"},"taxonomy_info":{"product_brand":[{"value":1284,"label":"Nike"}],"product_cat":[{"value":1421,"label":"Ameryka Po\u0142udniowa"},{"value":15,"label":"Bez kategorii"},{"value":1445,"label":"Brazylia"}],"pa_homeawaythird":[{"value":1597,"label":"Home"}],"pa_rozmiar":[{"value":1817,"label":"L"}]},"featured_image_src_large":["https:\/\/footballthrift.shop\/wp-content\/uploads\/2026\/03\/Photoroom_20260318_113244-1024x1024.jpg",1024,1024,true],"author_info":[],"comment_info":"","_links":{"self":[{"href":"https:\/\/footballthrift.shop\/de\/wp-json\/wp\/v2\/product\/121351","targetHints":{"allow":["GET"]}}],"collection":[{"href":"https:\/\/footballthrift.shop\/de\/wp-json\/wp\/v2\/product"}],"about":[{"href":"https:\/\/footballthrift.shop\/de\/wp-json\/wp\/v2\/types\/product"}],"wp:featuredmedia":[{"embeddable":true,"href":"https:\/\/footballthrift.shop\/de\/wp-json\/wp\/v2\/media\/121431"}],"wp:attachment":[{"href":"https:\/\/footballthrift.shop\/de\/wp-json\/wp\/v2\/media?parent=121351"}],"wp:term":[{"taxonomy":"product_brand","embeddable":true,"href":"https:\/\/footballthrift.shop\/de\/wp-json\/wp\/v2\/product_brand?post=121351"},{"taxonomy":"product_cat","embeddable":true,"href":"https:\/\/footballthrift.shop\/de\/wp-json\/wp\/v2\/product_cat?post=121351"},{"taxonomy":"product_tag","embeddable":true,"href":"https:\/\/footballthrift.shop\/de\/wp-json\/wp\/v2\/product_tag?post=121351"}],"curies":[{"name":"wp","href":"https:\/\/api.w.org\/{rel}","templated":true}]}}