{"id":121350,"date":"2026-03-22T17:59:17","date_gmt":"2026-03-22T16:59:17","guid":{"rendered":"https:\/\/footballthrift.shop\/?post_type=product&#038;p=121350"},"modified":"2026-03-22T17:59:17","modified_gmt":"2026-03-22T16:59:17","slug":"koszulka-pilkarska-brazylia-1998-00-home-s","status":"publish","type":"product","link":"https:\/\/footballthrift.shop\/de\/koszulka-pilkarska-brazylia-1998-00-home-s\/","title":{"rendered":"Koszulka pi\u0142karska Brazylia 1998\/00 Home [S]"},"content":{"rendered":"<p><strong>Verein:<\/strong> Brasilien<\/p>\n<p><strong>Saison:<\/strong> 1998\/00 Heimat<\/p>\n<p><strong>Gr\u00f6\u00dfe: <\/strong>S<\/p>\n<p><strong>Zustand:<\/strong> Sehr gut - ein paar Mikrostiche.<\/p>\n<p><strong>Ma\u00dfe (Achselbreite\/L\u00e4nge) in cm: <\/strong>53\/68<\/p>","protected":false},"excerpt":{"rendered":"<p><strong>Original 1998\/00 Heim-Fu\u00dfballtrikot der brasilianischen Nationalmannschaft von Nike.\u00a0<\/strong><\/p>\n<p>Heimmodell\u00a0<strong>der brasilianischen Nationalmannschaft 1998\/00<\/strong>hergestellt von\u00a0<strong>Nike<\/strong> in Gr\u00f6\u00dfe S, stammt aus einer Zeit, in der das Team von Canarinhos zur absoluten Weltspitze geh\u00f6rte. <strong>Brasilianische Nationalmannschaft<\/strong>\u00a0in diesem Outfit w\u00e4hrend\u00a0<strong>Weltmeisterschaft 1998<\/strong>\u00a0in Frankreich, wo es als Titelverteidiger eines vier Jahre zuvor gewonnenen Titels in das Turnier ging.<\/p>\n<p>Das T-Shirt wurde hergestellt auf\u00a0<strong>gelber Sockel<\/strong>, welches das am besten erkennbare Farbelement ist\u00a0<strong>die brasilianische Nationalmannschaft<\/strong>. Das Projekt wird erg\u00e4nzt durch\u00a0<strong>gr\u00fcne Borte an \u00c4rmeln und Kragen<\/strong>, die mit den dominierenden Farben des Trikots kontrastiert. Auf der Brust befindet sich das klassische Wappen der\u00a0<strong>die brasilianische Nationalmannschaft<\/strong>\u00a0und Logo\u00a0<strong>Nike<\/strong>, w\u00e4hrend der untere Teil der Vorderseite mit\u00a0<strong>Aufn\u00e4her in unverwechselbarer Gr\u00f6\u00dfe<\/strong>, typisch f\u00fcr Produktionsprojekte\u00a0<strong>Nike<\/strong>\u00a0aus den sp\u00e4ten 1990er Jahren.<\/p>\n<p>W\u00e4hrend\u00a0<strong>Weltmeisterschaft 1998<\/strong>\u00a0<strong>Brasilianische Nationalmannschaft<\/strong>\u00a0bis ins Finale des Turniers vorstie\u00df. Zum Team geh\u00f6rten einige der gr\u00f6\u00dften Stars des Weltfu\u00dfballs, darunter.\u00a0<strong>Ronaldo<\/strong>,\u00a0<strong>Rivaldo<\/strong>,\u00a0<strong>Bebeto<\/strong>,\u00a0<strong>Roberto Carlos<\/strong>,\u00a0<strong>Cafu<\/strong>,\u00a0<strong>Dunga<\/strong>\u00a0und\u00a0<strong>Taffarel<\/strong>. Die Brasilianer beeindruckten mit ihrem Offensivspiel und ihrem gro\u00dfen individuellen Potenzial, mussten sich aber im Finale geschlagen geben.\u00a0<strong>die franz\u00f6sische Nationalmannschaft<\/strong>, und gewann schlie\u00dflich eine Silbermedaille bei der Weltmeisterschaft.<\/p>\n<p>Das T-Shirt ist aus schwerem und robustem Material gefertigt und der Schnitt in Gr\u00f6\u00dfe S entspricht den Standards der <strong>Nike<\/strong>, mit klassischer Passform, die f\u00fcr das Produktionsdesign charakteristisch ist\u00a0<strong>Nike<\/strong>\u00a0aus den sp\u00e4ten 1990er Jahren.<\/p>\n<p>F\u00fcr Sammler und Fans, die ein originales Heimtrikot suchen\u00a0<strong>die brasilianische Nationalmannschaft<\/strong>\u00a0z\u00a0<strong>1998\/00<\/strong>, der eine lesbare Aufzeichnung der Leistungen des Teams w\u00e4hrend des Wettbewerbs ist\u00a0<strong>Weltmeisterschaft 1998<\/strong>.<\/p>","protected":false},"featured_media":121421,"template":"","meta":{"_kad_blocks_custom_css":"","_kad_blocks_head_custom_js":"","_kad_blocks_body_custom_js":"","_kad_blocks_footer_custom_js":"","_kad_post_transparent":"default","_kad_post_title":"","_kad_post_layout":"default","_kad_post_sidebar_id":"","_kad_post_content_style":"default","_kad_post_vertical_padding":"default","_kad_post_feature":"","_kad_post_feature_position":"","_kad_post_header":false,"_kad_post_footer":false,"_kad_post_classname":""},"product_brand":[1284],"product_cat":[15,1445],"product_tag":[],"class_list":{"0":"post-121350","1":"product","2":"type-product","3":"status-publish","4":"has-post-thumbnail","6":"product_brand-nike","7":"product_cat-bez-kategorii","8":"product_cat-brazylia","9":"pa_homeawaythird-home","10":"pa_rozmiar-s","12":"first","13":"instock","14":"taxable","15":"shipping-taxable","16":"purchasable","17":"product-type-simple","18":"entry","19":"content-bg","20":"loop-entry"},"taxonomy_info":{"product_brand":[{"value":1284,"label":"Nike"}],"product_cat":[{"value":15,"label":"Bez kategorii"},{"value":1445,"label":"Brazylia"}],"pa_homeawaythird":[{"value":1597,"label":"Home"}],"pa_rozmiar":[{"value":1815,"label":"S"}]},"featured_image_src_large":["https:\/\/footballthrift.shop\/wp-content\/uploads\/2026\/03\/Photoroom_20260318_113123-1024x1024.jpg",1024,1024,true],"author_info":[],"comment_info":"","_links":{"self":[{"href":"https:\/\/footballthrift.shop\/de\/wp-json\/wp\/v2\/product\/121350","targetHints":{"allow":["GET"]}}],"collection":[{"href":"https:\/\/footballthrift.shop\/de\/wp-json\/wp\/v2\/product"}],"about":[{"href":"https:\/\/footballthrift.shop\/de\/wp-json\/wp\/v2\/types\/product"}],"wp:featuredmedia":[{"embeddable":true,"href":"https:\/\/footballthrift.shop\/de\/wp-json\/wp\/v2\/media\/121421"}],"wp:attachment":[{"href":"https:\/\/footballthrift.shop\/de\/wp-json\/wp\/v2\/media?parent=121350"}],"wp:term":[{"taxonomy":"product_brand","embeddable":true,"href":"https:\/\/footballthrift.shop\/de\/wp-json\/wp\/v2\/product_brand?post=121350"},{"taxonomy":"product_cat","embeddable":true,"href":"https:\/\/footballthrift.shop\/de\/wp-json\/wp\/v2\/product_cat?post=121350"},{"taxonomy":"product_tag","embeddable":true,"href":"https:\/\/footballthrift.shop\/de\/wp-json\/wp\/v2\/product_tag?post=121350"}],"curies":[{"name":"wp","href":"https:\/\/api.w.org\/{rel}","templated":true}]}}