{"id":121349,"date":"2026-03-22T17:59:18","date_gmt":"2026-03-22T16:59:18","guid":{"rendered":"https:\/\/footballthrift.shop\/?post_type=product&#038;p=121349"},"modified":"2026-03-22T17:59:18","modified_gmt":"2026-03-22T16:59:18","slug":"koszulka-pilkarska-ceara-2000-away-14-l","status":"publish","type":"product","link":"https:\/\/footballthrift.shop\/de\/koszulka-pilkarska-ceara-2000-away-14-l\/","title":{"rendered":"Koszulka pi\u0142karska Ceara 2000 Away 14 [L]"},"content":{"rendered":"<p><strong>Verein:<\/strong> Ceara<\/p>\n<p><strong>Saison:<\/strong> 2000 Ausw\u00e4rts<\/p>\n<p><strong>Gr\u00f6\u00dfe: <\/strong>L<\/p>\n<p><strong>Zustand:<\/strong> Gut \u2013 eine sp\u00fcrbare Anzahl von Mikro-Einziehungen.<\/p>\n<p><strong>Ma\u00dfe (Achselbreite\/L\u00e4nge) in cm: <\/strong>56\/73<\/p>","protected":false},"excerpt":{"rendered":"<p><strong>Original Cear\u00e1 SC Heimtrikot aus dem Jahr 2000 von Penalty.\u00a0<\/strong><\/p>\n<p>Heimmodell <strong>Cear\u00e1 SC<\/strong> z <strong>2000<\/strong>hergestellt von <strong>Strafe<\/strong> Gr\u00f6\u00dfe L, stammt aus der Zeit, in der der Verein auf nationaler Ebene und in brasilianischen Landeswettbewerben konkurrenzf\u00e4hig war. Die Mannschaft aus Fortaleza ist einer der bekanntesten Vereine in der Region Cear\u00e1 und hat sich vor allem in der Region einen Namen gemacht.<\/p>\n<p>Das T-Shirt ist auf wei\u00dfem Grund gefertigt, mit markanten schwarzen Streifen an den Schultern und \u00c4rmeln, die dem Design einen schlichten und klassischen Look verleihen. Hersteller Kennzeichnungen <strong>Strafe<\/strong> stehen im Einklang mit dem Stil der brasilianischen Clubwear der sp\u00e4ten 1990er und fr\u00fchen 2000er Jahre, allesamt mit einem minimalistischen Touch.<\/p>\n<p>Auf der R\u00fcckseite steht die Nummer <strong>14<\/strong>, ohne Namenszug, wie es f\u00fcr viele Vereinstrikots aus dieser Zeit in Brasilien typisch war.<\/p>\n<p><strong>Cear\u00e1 SC<\/strong> ist einer der erfolgreichsten Vereine im Bundesstaat Cear\u00e1 und mehrfacher Gewinner des Campeonato Cearense. Der Verein tritt regelm\u00e4\u00dfig gegen lokale Rivalen an <strong>Fortaleza EG<\/strong>, und ihre direkten Begegnungen geh\u00f6ren zu den prestigetr\u00e4chtigsten Derbys im Nordosten Brasiliens. Der Erfolg auf Landesebene und die zahlreichen Auftritte in den nationalen Ligawettbewerben haben die <strong>Cear\u00e1 SC<\/strong> ein wichtiges Fu\u00dfballzentrum in der Region.<\/p>\n<p>Das T-Shirt ist aus einem leichten und luftigen Material gefertigt und der Schnitt in Gr\u00f6\u00dfe L entspricht den Standards der <strong>Strafe<\/strong>, und bieten eine klassische Passform.<\/p>\n<p>Dies ist ein Angebot f\u00fcr Sammler und Fans, die auf der Suche sind nach <strong>das Original 2000 Cear\u00e1 SC Heimtrikot von Penalty<\/strong>, Damit sind die lokalen Erfolge des in Fortaleza ans\u00e4ssigen Vereins eindeutig belegt.<\/p>","protected":false},"featured_media":121409,"template":"","meta":{"_kad_blocks_custom_css":"","_kad_blocks_head_custom_js":"","_kad_blocks_body_custom_js":"","_kad_blocks_footer_custom_js":"","_kad_post_transparent":"default","_kad_post_title":"","_kad_post_layout":"default","_kad_post_sidebar_id":"","_kad_post_content_style":"default","_kad_post_vertical_padding":"default","_kad_post_feature":"","_kad_post_feature_position":"","_kad_post_header":false,"_kad_post_footer":false,"_kad_post_classname":""},"product_brand":[1305],"product_cat":[1419,15],"product_tag":[],"class_list":{"0":"post-121349","1":"product","2":"type-product","3":"status-publish","4":"has-post-thumbnail","6":"product_brand-penalty","7":"product_cat-ameryka-poludniowa","8":"product_cat-bez-kategorii","9":"pa_homeawaythird-away","10":"pa_rozmiar-l","12":"first","13":"instock","14":"taxable","15":"shipping-taxable","16":"purchasable","17":"product-type-simple","18":"entry","19":"content-bg","20":"loop-entry"},"taxonomy_info":{"product_brand":[{"value":1305,"label":"Penalty"}],"product_cat":[{"value":1419,"label":"Ameryka Po\u0142udniowa"},{"value":15,"label":"Bez kategorii"}],"pa_homeawaythird":[{"value":1598,"label":"Away"}],"pa_rozmiar":[{"value":1817,"label":"L"}]},"featured_image_src_large":["https:\/\/footballthrift.shop\/wp-content\/uploads\/2026\/03\/IMG_3920-Photoroom-1024x1024.jpg",1024,1024,true],"author_info":[],"comment_info":"","_links":{"self":[{"href":"https:\/\/footballthrift.shop\/de\/wp-json\/wp\/v2\/product\/121349","targetHints":{"allow":["GET"]}}],"collection":[{"href":"https:\/\/footballthrift.shop\/de\/wp-json\/wp\/v2\/product"}],"about":[{"href":"https:\/\/footballthrift.shop\/de\/wp-json\/wp\/v2\/types\/product"}],"wp:featuredmedia":[{"embeddable":true,"href":"https:\/\/footballthrift.shop\/de\/wp-json\/wp\/v2\/media\/121409"}],"wp:attachment":[{"href":"https:\/\/footballthrift.shop\/de\/wp-json\/wp\/v2\/media?parent=121349"}],"wp:term":[{"taxonomy":"product_brand","embeddable":true,"href":"https:\/\/footballthrift.shop\/de\/wp-json\/wp\/v2\/product_brand?post=121349"},{"taxonomy":"product_cat","embeddable":true,"href":"https:\/\/footballthrift.shop\/de\/wp-json\/wp\/v2\/product_cat?post=121349"},{"taxonomy":"product_tag","embeddable":true,"href":"https:\/\/footballthrift.shop\/de\/wp-json\/wp\/v2\/product_tag?post=121349"}],"curies":[{"name":"wp","href":"https:\/\/api.w.org\/{rel}","templated":true}]}}