{"id":121346,"date":"2026-03-22T17:59:21","date_gmt":"2026-03-22T16:59:21","guid":{"rendered":"https:\/\/footballthrift.shop\/?post_type=product&#038;p=121346"},"modified":"2026-03-22T17:59:22","modified_gmt":"2026-03-22T16:59:22","slug":"fusballtrikot-fc-bayern-monachium-2013-14-auswarts-31-schweinsteiger-164-cm","status":"publish","type":"product","link":"https:\/\/footballthrift.shop\/de\/koszulka-pilkarska-fc-bayern-monachium-2013-14-away-31-schweinsteiger-164-cm\/","title":{"rendered":"Koszulka pi\u0142karska FC Bayern Monachium 2013\/14 Away 31 Schweinsteiger [164 cm]"},"content":{"rendered":"<p><strong>Verein:<\/strong> FC Bayern M\u00fcnchen<\/p>\n<p><strong>Saison:<\/strong> 2013\/14 Ausw\u00e4rts<\/p>\n<p><strong>Gr\u00f6\u00dfe: <\/strong>164 cm<\/p>\n<p><strong>Zustand:<\/strong> Gut - ein paar kleine Flecken<\/p>\n<p><strong>Ma\u00dfe (Achselbreite\/L\u00e4nge) in cm: <\/strong>49\/62<\/p>","protected":false},"excerpt":{"rendered":"<p><strong>Original Bayern M\u00fcnchen Ausw\u00e4rts-Fu\u00dfballtrikot aus der Saison 2013\/14 von Adidas mit Bastian Schweinsteiger Aufdruck.\u00a0<\/strong><\/p>\n<p>Ausw\u00e4rtsmodell <strong>Bayern M\u00fcnchen<\/strong> aus der Saison <strong>2013\/14<\/strong>hergestellt von <strong>Adidas<\/strong> mit einer K\u00f6rpergr\u00f6\u00dfe von 164 cm, stammt aus einer der dominantesten Perioden der Vereinsgeschichte. Das von Pep Guardiola gef\u00fchrte Team dominierte den Wettbewerb <strong>Bundesliga<\/strong>, Er gewann die deutsche Meisterschaft mit gro\u00dfem Vorsprung vor seinen Konkurrenten und setzte damit seine Erfolgsserie aus der Vorsaison fort.<\/p>\n<p>Das T-Shirt wurde auf einer cremefarbenen Basis hergestellt, die sich durch ein elegantes und f\u00fcr die Jahreszeit ungew\u00f6hnliches <strong>Bayern M\u00fcnchen<\/strong> Farbe. Erg\u00e4nzt wird das Design durch einen Polokragen und braune Bes\u00e4tze, die auf die Farben und Traditionen Bayerns verweisen. Das Trikot ist au\u00dferdem mit den Aufschriften des Herstellers versehen <strong>Adidas<\/strong>, Die Trikots sind an den Stil der Ausw\u00e4rtstrikots angelehnt, die in dieser Saison f\u00fcr den M\u00fcnchner Verein hergestellt werden.<\/p>\n<p>Auf der R\u00fcckseite befindet sich ein origineller Aufdruck. <strong>Bastian Schweinsteiger<\/strong>, einer der bedeutendsten Fu\u00dfballspieler der Geschichte <strong>Bayern M\u00fcnchen<\/strong>. Der deutsche Mittelfeldspieler war ein ehemaliger Spieler des Vereins und war \u00fcber die Jahre hinweg eine wichtige St\u00fctze im Mittelfeld der Mannschaft, wo er sich durch seine Spielintelligenz, seine F\u00e4higkeiten am Ball und seine F\u00fchrungsqualit\u00e4ten auszeichnete. W\u00e4hrend der Saison <strong>2013\/14<\/strong> Er war Teil eines Ensembles, in dem unter anderem auch folgende K\u00fcnstler mitwirkten. <strong>Philipp Lahm<\/strong>, <strong>Arjen Robben<\/strong>, <strong>Franck Rib\u00e9ry<\/strong>, <strong>Thomas M\u00fcller<\/strong> oder <strong>Mario Mand\u017euki\u0107<\/strong>.<\/p>\n<p>Das T-Shirt ist aus leichtem und luftigem Material gefertigt und der jugendliche Schnitt entspricht den Standards der <strong>Adidas<\/strong>, und bietet eine Passform, die f\u00fcr Modelle f\u00fcr j\u00fcngere Fans charakteristisch ist.<\/p>\n<p>Dies ist ein Angebot f\u00fcr Sammler und Fans, die auf der Suche sind nach <strong>das Original Bayern M\u00fcnchen Ausw\u00e4rtstrikot aus der Saison 2013\/14 von Adidas<\/strong>, eine klare Aufzeichnung einer der dominierenden Saisons des Vereins in der <strong>Bundesliga<\/strong>.<\/p>","protected":false},"featured_media":121371,"template":"","meta":{"_kad_blocks_custom_css":"","_kad_blocks_head_custom_js":"","_kad_blocks_body_custom_js":"","_kad_blocks_footer_custom_js":"","_kad_post_transparent":"default","_kad_post_title":"","_kad_post_layout":"default","_kad_post_sidebar_id":"","_kad_post_content_style":"default","_kad_post_vertical_padding":"default","_kad_post_feature":"","_kad_post_feature_position":"","_kad_post_header":false,"_kad_post_footer":false,"_kad_post_classname":""},"product_brand":[1283],"product_cat":[15,1455,2017],"product_tag":[],"class_list":{"0":"post-121346","1":"product","2":"type-product","3":"status-publish","4":"has-post-thumbnail","6":"product_brand-adidas","7":"product_cat-bez-kategorii","8":"product_cat-kluby-niemieckie-fcbayernmonachium","9":"product_cat-koszulki-mlodziezowe","10":"pa_homeawaythird-away","11":"pa_rozmiar-164-cm","13":"first","14":"instock","15":"taxable","16":"shipping-taxable","17":"purchasable","18":"product-type-simple","19":"entry","20":"content-bg","21":"loop-entry"},"taxonomy_info":{"product_brand":[{"value":1283,"label":"Adidas"}],"product_cat":[{"value":15,"label":"Bez kategorii"},{"value":1455,"label":"FC Bayern Monachium"},{"value":2017,"label":"KOSZULKI M\u0141ODZIE\u017bOWE"}],"pa_homeawaythird":[{"value":1598,"label":"Away"}],"pa_rozmiar":[{"value":2018,"label":"164 cm"}]},"featured_image_src_large":["https:\/\/footballthrift.shop\/wp-content\/uploads\/2026\/03\/Photoroom_20260318_112224-1024x1024.jpg",1024,1024,true],"author_info":[],"comment_info":"","_links":{"self":[{"href":"https:\/\/footballthrift.shop\/de\/wp-json\/wp\/v2\/product\/121346","targetHints":{"allow":["GET"]}}],"collection":[{"href":"https:\/\/footballthrift.shop\/de\/wp-json\/wp\/v2\/product"}],"about":[{"href":"https:\/\/footballthrift.shop\/de\/wp-json\/wp\/v2\/types\/product"}],"wp:featuredmedia":[{"embeddable":true,"href":"https:\/\/footballthrift.shop\/de\/wp-json\/wp\/v2\/media\/121371"}],"wp:attachment":[{"href":"https:\/\/footballthrift.shop\/de\/wp-json\/wp\/v2\/media?parent=121346"}],"wp:term":[{"taxonomy":"product_brand","embeddable":true,"href":"https:\/\/footballthrift.shop\/de\/wp-json\/wp\/v2\/product_brand?post=121346"},{"taxonomy":"product_cat","embeddable":true,"href":"https:\/\/footballthrift.shop\/de\/wp-json\/wp\/v2\/product_cat?post=121346"},{"taxonomy":"product_tag","embeddable":true,"href":"https:\/\/footballthrift.shop\/de\/wp-json\/wp\/v2\/product_tag?post=121346"}],"curies":[{"name":"wp","href":"https:\/\/api.w.org\/{rel}","templated":true}]}}