{"id":121345,"date":"2026-03-22T17:59:22","date_gmt":"2026-03-22T16:59:22","guid":{"rendered":"https:\/\/footballthrift.shop\/?post_type=product&#038;p=121345"},"modified":"2026-03-22T17:59:22","modified_gmt":"2026-03-22T16:59:22","slug":"fusballtrikot-fc-bayern-monachium-2008-09-dritte-xxl","status":"publish","type":"product","link":"https:\/\/footballthrift.shop\/de\/koszulka-pilkarska-fc-bayern-monachium-2008-09-third-xxl\/","title":{"rendered":"Koszulka pi\u0142karska FC Bayern Monachium 2008\/09 Third [XXL]"},"content":{"rendered":"<p><strong>Verein:<\/strong> FC Bayern M\u00fcnchen<\/p>\n<p><strong>Saison:<\/strong> 2008\/09 Dritter<\/p>\n<p><strong>Gr\u00f6\u00dfe: <\/strong>XXL<\/p>\n<p><strong>Zustand:<\/strong> Gut - leichte Verschmutzung am \u00c4rmel und leicht besch\u00e4digter Sponsorenaufdruck auf der Vorderseite.<\/p>\n<p><strong>Ma\u00dfe (Achselbreite\/L\u00e4nge) in cm: <\/strong>57\/79<\/p>","protected":false},"excerpt":{"rendered":"<p><strong>Das originale dritte Bayern M\u00fcnchen Fu\u00dfballtrikot aus der Saison 2009\/10 von Adidas.\u00a0<\/strong><\/p>\n<p>Dritter Satz <strong>Bayern M\u00fcnchen<\/strong> aus der Saison <strong>2009\/10<\/strong>hergestellt von <strong>Adidas<\/strong> im XXL-Format, stammt aus einer der erfolgreichsten Spielzeiten der Vereinsgeschichte im ersten Jahrzehnt des 21. Jahrhunderts. Jahrhunderts. Die von Louis van Gaal gef\u00fchrte Mannschaft erreichte die Meisterschaft und den deutschen Pokal sowie das Finale der Champions League.<\/p>\n<p>Das T-Shirt wurde auf wei\u00dfem Grund mit kontrastierenden roten Elementen hergestellt. An den \u00c4rmeln befinden sich die f\u00fcr die Designs charakteristischen drei Streifen <strong>Adidas<\/strong>, mit dem Wappen auf der Vorderseite <strong>Bayern M\u00fcnchen<\/strong> und Impressum des Sponsors <strong>T-Home<\/strong>. Es gibt auch Embleme auf den \u00c4rmeln <strong>Champions League<\/strong>, unter besonderer Ber\u00fccksichtigung der Beteiligung von <strong>Bayern M\u00fcnchen<\/strong> in Europas prestigetr\u00e4chtigstem Vereinswettbewerb.<\/p>\n<p>Saison <strong>2009\/10<\/strong> war f\u00fcr <strong>Bayern M\u00fcnchen<\/strong> au\u00dfergew\u00f6hnlich erfolgreich. Die Mannschaft dominierte den nationalen Wettbewerb, gewann das Double und schlug auf dem Weg ins Champions-League-Finale Mannschaften wie Manchester United und Olympique Lyon. In der Mannschaft spielten damals u. a.. <strong>Arjen Robben<\/strong>, <strong>Franck Rib\u00e9ry<\/strong>, <strong>Bastian Schweinsteiger<\/strong>, <strong>Thomas M\u00fcller<\/strong> und <strong>Miroslav Klose<\/strong>, die das R\u00fcckgrat einer Mannschaft bildeten, die um die wichtigsten Troph\u00e4en in Europa k\u00e4mpfte.<\/p>\n<p>Das T-Shirt ist aus einem leichten und luftigen Material gefertigt und der XXL-Schnitt entspricht den Standards der <strong>Adidas<\/strong>, und bieten eine klassische Passform.<\/p>\n<p>Dies ist ein Angebot f\u00fcr Sammler und Fans, die auf der Suche sind nach <strong>das originale dritte Bayern M\u00fcnchen Fu\u00dfballtrikot aus der Saison 2009\/10 von Adidas<\/strong>, eine der erfolgreichsten Saisons in der Geschichte des Vereins.<\/p>","protected":false},"featured_media":121362,"template":"","meta":{"_kad_blocks_custom_css":"","_kad_blocks_head_custom_js":"","_kad_blocks_body_custom_js":"","_kad_blocks_footer_custom_js":"","_kad_post_transparent":"default","_kad_post_title":"","_kad_post_layout":"default","_kad_post_sidebar_id":"","_kad_post_content_style":"default","_kad_post_vertical_padding":"default","_kad_post_feature":"","_kad_post_feature_position":"","_kad_post_header":false,"_kad_post_footer":false,"_kad_post_classname":""},"product_brand":[1283],"product_cat":[15,1455],"product_tag":[],"class_list":{"0":"post-121345","1":"product","2":"type-product","3":"status-publish","4":"has-post-thumbnail","6":"product_brand-adidas","7":"product_cat-bez-kategorii","8":"product_cat-kluby-niemieckie-fcbayernmonachium","9":"pa_homeawaythird-third","10":"pa_rozmiar-xxl","12":"first","13":"instock","14":"taxable","15":"shipping-taxable","16":"purchasable","17":"product-type-simple","18":"entry","19":"content-bg","20":"loop-entry"},"taxonomy_info":{"product_brand":[{"value":1283,"label":"Adidas"}],"product_cat":[{"value":15,"label":"Bez kategorii"},{"value":1455,"label":"FC Bayern Monachium"}],"pa_homeawaythird":[{"value":1599,"label":"Third"}],"pa_rozmiar":[{"value":1819,"label":"XXL"}]},"featured_image_src_large":["https:\/\/footballthrift.shop\/wp-content\/uploads\/2026\/03\/Photoroom_20260318_112945-1024x1024.jpg",1024,1024,true],"author_info":[],"comment_info":"","_links":{"self":[{"href":"https:\/\/footballthrift.shop\/de\/wp-json\/wp\/v2\/product\/121345","targetHints":{"allow":["GET"]}}],"collection":[{"href":"https:\/\/footballthrift.shop\/de\/wp-json\/wp\/v2\/product"}],"about":[{"href":"https:\/\/footballthrift.shop\/de\/wp-json\/wp\/v2\/types\/product"}],"wp:featuredmedia":[{"embeddable":true,"href":"https:\/\/footballthrift.shop\/de\/wp-json\/wp\/v2\/media\/121362"}],"wp:attachment":[{"href":"https:\/\/footballthrift.shop\/de\/wp-json\/wp\/v2\/media?parent=121345"}],"wp:term":[{"taxonomy":"product_brand","embeddable":true,"href":"https:\/\/footballthrift.shop\/de\/wp-json\/wp\/v2\/product_brand?post=121345"},{"taxonomy":"product_cat","embeddable":true,"href":"https:\/\/footballthrift.shop\/de\/wp-json\/wp\/v2\/product_cat?post=121345"},{"taxonomy":"product_tag","embeddable":true,"href":"https:\/\/footballthrift.shop\/de\/wp-json\/wp\/v2\/product_tag?post=121345"}],"curies":[{"name":"wp","href":"https:\/\/api.w.org\/{rel}","templated":true}]}}