{"id":121344,"date":"2026-03-22T17:58:51","date_gmt":"2026-03-22T16:58:51","guid":{"rendered":"https:\/\/footballthrift.shop\/?post_type=product&#038;p=121344"},"modified":"2026-03-22T17:58:51","modified_gmt":"2026-03-22T16:58:51","slug":"koszulka-pilkarska-match-issue-autograf-fc-st-gallen-2005-06-away-26-cicone-l","status":"publish","type":"product","link":"https:\/\/footballthrift.shop\/de\/koszulka-pilkarska-match-issue-autograf-fc-st-gallen-2005-06-away-26-cicone-l\/","title":{"rendered":"Koszulka pi\u0142karska MATCH ISSUE + AUTOGRAF FC ST. Gallen 2005\/06 Away 26 Cicone [L]"},"content":{"rendered":"<p><strong>Verein:<\/strong> FC ST. Gallen<\/p>\n<p><strong>Saison:<\/strong> 2005\/06 Ausw\u00e4rts<\/p>\n<p><strong>Gr\u00f6\u00dfe: <\/strong>L<\/p>\n<p><strong>Zustand:<\/strong> Sehr gut - leicht besch\u00e4digter Sponsorenaufdruck auf der Vorderseite.<\/p>\n<p><strong>Ma\u00dfe (Achselbreite\/L\u00e4nge) in cm: <\/strong>56\/71<\/p>","protected":false},"excerpt":{"rendered":"<p><strong>Original FC St. Gallen Ausw\u00e4rtstrikot aus der Saison 2005\/06 von Adidas, bedruckt von Diego Ciccone.\u00a0<\/strong><\/p>\n<p>Ausw\u00e4rtsmodell <strong>FC St. Gallen<\/strong> aus der Saison <strong>2005\/06<\/strong>hergestellt von <strong>Adidas<\/strong> in Gr\u00f6\u00dfe L, stammt aus der Zeit, als der Verein regelm\u00e4\u00dfig in der Schweizer Meisterschaft vertreten war. <strong>Super League<\/strong>. Das Team aus Sankt Gallen ist einer der \u00e4ltesten Fu\u00dfballvereine des Landes und seit Jahren ein wichtiger Teil der Struktur des Schweizer Fu\u00dfballs, der Tradition mit seiner Rolle als Zentrum f\u00fcr die Spielerentwicklung verbindet.<\/p>\n<p>Das Trikot wurde auf wei\u00dfem Grund mit schwarzen Kontrastelementen hergestellt, die dem Design eine klassische Note verleihen. Auf der Vorderseite befinden sich mehrere Sponsorenaufdrucke, die typisch f\u00fcr die Spieltrikots der Vereine sind. <strong>Super League<\/strong>, und auf dem \u00c4rmel befindet sich ein Liga-Aufn\u00e4her. Das hier gezeigte Exemplar kommt in einer lang\u00e4rmeligen Version und entspricht den Entw\u00fcrfen, die von der <strong>Adidas<\/strong> f\u00fcr die erste Mannschaft.<\/p>\n<p>Auf der R\u00fcckseite befindet sich ein origineller Aufdruck. <strong>Diego Ciccone<\/strong> zusammen mit seinem Autogramm. Der Schweizer Spieler vertrat die Farben von <strong>FC St. Gallen<\/strong> bis 2010 und war mehrere Saisons lang Teil des Teams, bevor er zu den <strong>FC Vaduz<\/strong>, wo er die letzten Jahre seiner Karriere verbrachte. Das Trikot entspricht der Spielkonfiguration und ist gekennzeichnet als <strong>MATCH-AUSGABE<\/strong>, was sich in allen Einzelheiten zeigt.<\/p>\n<p><strong>FC St. Gallen<\/strong> spielte in der Geschichte des Schweizer Fussballs eine wichtige Rolle als einer der \u00e4ltesten Vereine Europas und als wichtiger Teilnehmer am nationalen Wettbewerb. Der Verein spielte regelm\u00e4\u00dfig in der h\u00f6chsten Spielklasse und f\u00f6rderte mit seinen Strukturen die Entwicklung von Spielern, die sp\u00e4ter den Weg zu st\u00e4rkeren Teams in der Schweiz und im Ausland fanden.<\/p>\n<p>Das T-Shirt ist aus einem leichten und luftigen Material gefertigt und der Schnitt in Gr\u00f6\u00dfe L entspricht den Standards der <strong>Adidas<\/strong>, und bieten eine klassische Passform.<\/p>\n<p>Dies ist ein Angebot f\u00fcr Sammler und Fans, die auf der Suche sind nach <strong>ein original FC St. Gallen Ausw\u00e4rtstrikot aus der Saison 2005\/06 von Adidas<\/strong>, die eine der Leistungsperioden des Vereins in der <strong>Super League<\/strong>.<\/p>","protected":false},"featured_media":121642,"template":"","meta":{"_kad_blocks_custom_css":"","_kad_blocks_head_custom_js":"","_kad_blocks_body_custom_js":"","_kad_blocks_footer_custom_js":"","_kad_post_transparent":"default","_kad_post_title":"","_kad_post_layout":"default","_kad_post_sidebar_id":"","_kad_post_content_style":"default","_kad_post_vertical_padding":"default","_kad_post_feature":"","_kad_post_feature_position":"","_kad_post_header":false,"_kad_post_footer":false,"_kad_post_classname":""},"product_brand":[1283],"product_cat":[1441,15,1409],"product_tag":[],"class_list":{"0":"post-121344","1":"product","2":"type-product","3":"status-publish","4":"has-post-thumbnail","6":"product_brand-adidas","7":"product_cat-austria-i-szwajcaria","8":"product_cat-bez-kategorii","9":"product_cat-match-worn-issue","10":"pa_homeawaythird-away","11":"pa_rozmiar-l","13":"first","14":"instock","15":"taxable","16":"shipping-taxable","17":"purchasable","18":"product-type-simple","19":"entry","20":"content-bg","21":"loop-entry"},"taxonomy_info":{"product_brand":[{"value":1283,"label":"Adidas"}],"product_cat":[{"value":1441,"label":"Austria i Szwajcaria"},{"value":15,"label":"Bez kategorii"},{"value":1409,"label":"MATCH WORN &amp; ISSUE"}],"pa_homeawaythird":[{"value":1598,"label":"Away"}],"pa_rozmiar":[{"value":1817,"label":"L"}]},"featured_image_src_large":["https:\/\/footballthrift.shop\/wp-content\/uploads\/2026\/03\/Photoroom_20260318_112541-1024x1024.jpg",1024,1024,true],"author_info":[],"comment_info":"","_links":{"self":[{"href":"https:\/\/footballthrift.shop\/de\/wp-json\/wp\/v2\/product\/121344","targetHints":{"allow":["GET"]}}],"collection":[{"href":"https:\/\/footballthrift.shop\/de\/wp-json\/wp\/v2\/product"}],"about":[{"href":"https:\/\/footballthrift.shop\/de\/wp-json\/wp\/v2\/types\/product"}],"wp:featuredmedia":[{"embeddable":true,"href":"https:\/\/footballthrift.shop\/de\/wp-json\/wp\/v2\/media\/121642"}],"wp:attachment":[{"href":"https:\/\/footballthrift.shop\/de\/wp-json\/wp\/v2\/media?parent=121344"}],"wp:term":[{"taxonomy":"product_brand","embeddable":true,"href":"https:\/\/footballthrift.shop\/de\/wp-json\/wp\/v2\/product_brand?post=121344"},{"taxonomy":"product_cat","embeddable":true,"href":"https:\/\/footballthrift.shop\/de\/wp-json\/wp\/v2\/product_cat?post=121344"},{"taxonomy":"product_tag","embeddable":true,"href":"https:\/\/footballthrift.shop\/de\/wp-json\/wp\/v2\/product_tag?post=121344"}],"curies":[{"name":"wp","href":"https:\/\/api.w.org\/{rel}","templated":true}]}}