{"id":121343,"date":"2026-03-22T17:58:52","date_gmt":"2026-03-22T16:58:52","guid":{"rendered":"https:\/\/footballthrift.shop\/?post_type=product&#038;p=121343"},"modified":"2026-03-22T17:58:52","modified_gmt":"2026-03-22T16:58:52","slug":"koszulka-pilkarska-grecja-2004-06-home-s","status":"publish","type":"product","link":"https:\/\/footballthrift.shop\/de\/koszulka-pilkarska-grecja-2004-06-home-s\/","title":{"rendered":"Koszulka pi\u0142karska Grecja 2004\/06 Home [S]"},"content":{"rendered":"<p><strong>Verein:<\/strong> Griechenland<\/p>\n<p><strong>Saison:<\/strong> 2004\/06 Heim<\/p>\n<p><strong>Gr\u00f6\u00dfe: <\/strong>S<\/p>\n<p><strong>Zustand:<\/strong> Ausgezeichnet<\/p>\n<p><strong>Ma\u00dfe (Achselbreite\/L\u00e4nge) in cm: <\/strong>51\/70<\/p>","protected":false},"excerpt":{"rendered":"<p><strong>Das Original 2004\/06 Heimtrikot der griechischen Nationalmannschaft von Adidas.\u00a0<\/strong><\/p>\n<p>Heimmodell <strong>die griechische Nationalmannschaft<\/strong> im Laufe der Jahre <strong>2004\/06<\/strong>hergestellt von <strong>Adidas<\/strong> in Gr\u00f6\u00dfe S, stammt aus einem der sensationellsten Momente in der Geschichte des europ\u00e4ischen Fu\u00dfballs. In diesen Farben gewann die Mannschaft von Otto Rehhagel die Europameisterschaft in der <strong>Euro 2004<\/strong>, und schrieb damit f\u00fcr immer Geschichte beim Turnier.<\/p>\n<p>Das Trikot wurde auf blauem Grund mit kontrastierenden wei\u00dfen Elementen hergestellt, um die nationalen Farben zu unterstreichen. <strong>die griechische Nationalmannschaft<\/strong>. Das Gesamtdesign ist klassisch und minimalistisch, charakteristisch f\u00fcr die Projekte <strong>Adidas<\/strong> aus den fr\u00fchen 2000er Jahren.<\/p>\n<p>W\u00e4hrend <strong>Euro 2004<\/strong> <strong>Vertretung von Griechenland<\/strong> \u00fcberraschten die ganze Fu\u00dfballwelt, indem sie in der Gruppenphase den Gastgeber Portugal schlugen und anschlie\u00dfend andere starke Mannschaften ausschalteten. Im Viertelfinale gewannen die Griechen gegen Frankreich, im Halbfinale gegen die Tschechische Republik nach einem Golden Goal, und im Finale schlugen sie erneut Portugal und gewannen die historische Troph\u00e4e. Die Schl\u00fcsselrollen in der Mannschaft waren. <strong>Theodoros Zagorakis<\/strong>, <strong>Angelos Charisteas<\/strong>, <strong>Traianos Dellas<\/strong>, <strong>Giorgos Karagounis<\/strong> und <strong>Antonis Nikopolidis<\/strong>, und eine Mannschaft zu formen, die auf taktischer Disziplin und effektivem Defensivspiel basiert.<\/p>\n<p>Das T-Shirt ist aus einem leichten und luftigen Material gefertigt und der Schnitt in Gr\u00f6\u00dfe S entspricht den Standards der <strong>Adidas<\/strong>, und bieten eine klassische Passform.<\/p>\n<p>Dies ist ein Angebot f\u00fcr Sammler und Fans, die auf der Suche sind nach <strong>das Original-Heimtrikot der griechischen Fu\u00dfballnationalmannschaft 2004\/06 von Adidas<\/strong>, die einen der aufsehenerregendsten Triumphe in der Geschichte der Luftfahrt dokumentieren. <strong>Euro 2004<\/strong>.<\/p>","protected":false},"featured_media":121633,"template":"","meta":{"_kad_blocks_custom_css":"","_kad_blocks_head_custom_js":"","_kad_blocks_body_custom_js":"","_kad_blocks_footer_custom_js":"","_kad_post_transparent":"default","_kad_post_title":"","_kad_post_layout":"default","_kad_post_sidebar_id":"","_kad_post_content_style":"default","_kad_post_vertical_padding":"default","_kad_post_feature":"","_kad_post_feature_position":"","_kad_post_header":false,"_kad_post_footer":false,"_kad_post_classname":""},"product_brand":[1283],"product_cat":[15,1489],"product_tag":[],"class_list":{"0":"post-121343","1":"product","2":"type-product","3":"status-publish","4":"has-post-thumbnail","6":"product_brand-adidas","7":"product_cat-bez-kategorii","8":"product_cat-pozostale-reprezentacje-europa","9":"pa_homeawaythird-home","10":"pa_rozmiar-s","12":"first","13":"instock","14":"taxable","15":"shipping-taxable","16":"purchasable","17":"product-type-simple","18":"entry","19":"content-bg","20":"loop-entry"},"taxonomy_info":{"product_brand":[{"value":1283,"label":"Adidas"}],"product_cat":[{"value":15,"label":"Bez kategorii"},{"value":1489,"label":"Pozosta\u0142e"}],"pa_homeawaythird":[{"value":1597,"label":"Home"}],"pa_rozmiar":[{"value":1815,"label":"S"}]},"featured_image_src_large":["https:\/\/footballthrift.shop\/wp-content\/uploads\/2026\/03\/Photoroom_20260318_111858-1024x1024.jpg",1024,1024,true],"author_info":[],"comment_info":"","_links":{"self":[{"href":"https:\/\/footballthrift.shop\/de\/wp-json\/wp\/v2\/product\/121343","targetHints":{"allow":["GET"]}}],"collection":[{"href":"https:\/\/footballthrift.shop\/de\/wp-json\/wp\/v2\/product"}],"about":[{"href":"https:\/\/footballthrift.shop\/de\/wp-json\/wp\/v2\/types\/product"}],"wp:featuredmedia":[{"embeddable":true,"href":"https:\/\/footballthrift.shop\/de\/wp-json\/wp\/v2\/media\/121633"}],"wp:attachment":[{"href":"https:\/\/footballthrift.shop\/de\/wp-json\/wp\/v2\/media?parent=121343"}],"wp:term":[{"taxonomy":"product_brand","embeddable":true,"href":"https:\/\/footballthrift.shop\/de\/wp-json\/wp\/v2\/product_brand?post=121343"},{"taxonomy":"product_cat","embeddable":true,"href":"https:\/\/footballthrift.shop\/de\/wp-json\/wp\/v2\/product_cat?post=121343"},{"taxonomy":"product_tag","embeddable":true,"href":"https:\/\/footballthrift.shop\/de\/wp-json\/wp\/v2\/product_tag?post=121343"}],"curies":[{"name":"wp","href":"https:\/\/api.w.org\/{rel}","templated":true}]}}