{"id":121340,"date":"2026-03-22T17:58:54","date_gmt":"2026-03-22T16:58:54","guid":{"rendered":"https:\/\/footballthrift.shop\/?post_type=product&#038;p=121340"},"modified":"2026-03-22T17:58:54","modified_gmt":"2026-03-22T16:58:54","slug":"koszulka-pilkarska-leeds-united-fc-2002-03-away-xxl","status":"publish","type":"product","link":"https:\/\/footballthrift.shop\/de\/koszulka-pilkarska-leeds-united-fc-2002-03-away-xxl\/","title":{"rendered":"Koszulka pi\u0142karska Leeds United FC 2002\/03 Away [XXL]"},"content":{"rendered":"<p><strong>Verein:<\/strong> Leeds United FC<\/p>\n<p><strong>Saison:<\/strong> 2002\/03 Ausw\u00e4rts<\/p>\n<p><strong>Gr\u00f6\u00dfe: <\/strong>XXL<\/p>\n<p><strong>Zustand:<\/strong> Ausgezeichnet<\/p>\n<p><strong>Ma\u00dfe (Achselbreite\/L\u00e4nge) in cm: <\/strong>60\/76<\/p>","protected":false},"excerpt":{"rendered":"<p><strong>Original Leeds United FC Ausw\u00e4rtstrikot aus der Saison 2002\/03 von Nike.\u00a0<\/strong><\/p>\n<p>Ausw\u00e4rtsmodell <strong>Leeds United FC<\/strong> aus der Saison <strong>2002\/03<\/strong>hergestellt von <strong>Nike<\/strong> im XXL-Format, stammt aus einer der schwierigsten Perioden in der modernen Geschichte des Vereins. Die Mannschaft, die vor nicht allzu langer Zeit noch im Halbfinale der Champions League stand, hatte damals finanziell und sportlich zu k\u00e4mpfen, was sich direkt auf die Ergebnisse in der <strong>Erste Liga<\/strong>.<\/p>\n<p>Das Trikot wurde auf einem gelben Untergrund mit kontrastierenden blauen Abschl\u00fcssen am Kragen und an den \u00c4rmeln hergestellt, um die Vereinsfarben zu unterstreichen. <strong>Leeds United FC<\/strong>. Der Aufdruck des Sponsors steht auf der Vorderseite im Mittelpunkt. <strong>Strongbow<\/strong>, und die Kennzeichnung des Herstellers <strong>Nike<\/strong> entsprechen dem Stil der Ausw\u00e4rtsspiele des Teams von der Elland Road in den fr\u00fchen 2000er Jahren.<\/p>\n<p>Saison <strong>2002\/03<\/strong> in der Ausf\u00fchrung <strong>Leeds United FC<\/strong> war eine Zeit des \u00dcbergangs und der Beginn gro\u00dfer Ver\u00e4nderungen in der Struktur des Vereins. Die damalige Mannschaft bestand unter anderem aus. <strong>Mark Viduka<\/strong>, <strong>Alan Smith<\/strong>, <strong>Harry Kewell<\/strong>, <strong>Lee Bowyer<\/strong>, <strong>James Milner<\/strong> und <strong>Paul Robinson<\/strong>, die trotz der schwierigen organisatorischen Situation den Kern des Teams bildeten.<\/p>\n<p>Das T-Shirt ist aus einem leichten und luftigen Material gefertigt und der XXL-Schnitt entspricht den Standards der <strong>Nike<\/strong>, und bieten eine klassische Passform.<\/p>\n<p>Dies ist ein Angebot f\u00fcr Sammler und Fans, die auf der Suche sind nach <strong>ein originales Ausw\u00e4rtstrikot von Leeds United FC aus der Saison 2002\/03 von Nike<\/strong>, eine klare Aufzeichnung einer der turbulentesten Perioden in der Geschichte des Vereins.<\/p>","protected":false},"featured_media":121608,"template":"","meta":{"_kad_blocks_custom_css":"","_kad_blocks_head_custom_js":"","_kad_blocks_body_custom_js":"","_kad_blocks_footer_custom_js":"","_kad_post_transparent":"default","_kad_post_title":"","_kad_post_layout":"default","_kad_post_sidebar_id":"","_kad_post_content_style":"default","_kad_post_vertical_padding":"default","_kad_post_feature":"","_kad_post_feature_position":"","_kad_post_header":false,"_kad_post_footer":false,"_kad_post_classname":""},"product_brand":[1284],"product_cat":[15,2032],"product_tag":[],"class_list":{"0":"post-121340","1":"product","2":"type-product","3":"status-publish","4":"has-post-thumbnail","6":"product_brand-nike","7":"product_cat-bez-kategorii","8":"product_cat-leeds-united-fc","9":"pa_homeawaythird-away","10":"pa_rozmiar-xxl","12":"first","13":"instock","14":"taxable","15":"shipping-taxable","16":"purchasable","17":"product-type-simple","18":"entry","19":"content-bg","20":"loop-entry"},"taxonomy_info":{"product_brand":[{"value":1284,"label":"Nike"}],"product_cat":[{"value":15,"label":"Bez kategorii"},{"value":2032,"label":"Leeds United FC"}],"pa_homeawaythird":[{"value":1598,"label":"Away"}],"pa_rozmiar":[{"value":1819,"label":"XXL"}]},"featured_image_src_large":["https:\/\/footballthrift.shop\/wp-content\/uploads\/2026\/03\/Photoroom_20260318_113154-1024x1024.jpg",1024,1024,true],"author_info":[],"comment_info":"","_links":{"self":[{"href":"https:\/\/footballthrift.shop\/de\/wp-json\/wp\/v2\/product\/121340","targetHints":{"allow":["GET"]}}],"collection":[{"href":"https:\/\/footballthrift.shop\/de\/wp-json\/wp\/v2\/product"}],"about":[{"href":"https:\/\/footballthrift.shop\/de\/wp-json\/wp\/v2\/types\/product"}],"wp:featuredmedia":[{"embeddable":true,"href":"https:\/\/footballthrift.shop\/de\/wp-json\/wp\/v2\/media\/121608"}],"wp:attachment":[{"href":"https:\/\/footballthrift.shop\/de\/wp-json\/wp\/v2\/media?parent=121340"}],"wp:term":[{"taxonomy":"product_brand","embeddable":true,"href":"https:\/\/footballthrift.shop\/de\/wp-json\/wp\/v2\/product_brand?post=121340"},{"taxonomy":"product_cat","embeddable":true,"href":"https:\/\/footballthrift.shop\/de\/wp-json\/wp\/v2\/product_cat?post=121340"},{"taxonomy":"product_tag","embeddable":true,"href":"https:\/\/footballthrift.shop\/de\/wp-json\/wp\/v2\/product_tag?post=121340"}],"curies":[{"name":"wp","href":"https:\/\/api.w.org\/{rel}","templated":true}]}}