{"id":121338,"date":"2026-03-22T17:58:55","date_gmt":"2026-03-22T16:58:55","guid":{"rendered":"https:\/\/footballthrift.shop\/?post_type=product&#038;p=121338"},"modified":"2026-03-22T17:58:55","modified_gmt":"2026-03-22T16:58:55","slug":"fusballtrikot-liverpool-fc-2017-18-auswarts-20-lallana-158-cm","status":"publish","type":"product","link":"https:\/\/footballthrift.shop\/de\/koszulka-pilkarska-liverpool-fc-2017-18-away-20-lallana-158-cm\/","title":{"rendered":"Koszulka pi\u0142karska Liverpool FC 2017\/18 Away 20 Lallana [158 cm]"},"content":{"rendered":"<p><strong>Verein:<\/strong> Liverpool FC<\/p>\n<p><strong>Saison:<\/strong> 2017\/18 Ausw\u00e4rts<\/p>\n<p><strong>Gr\u00f6\u00dfe: <\/strong>158 cm<\/p>\n<p><strong>Zustand:<\/strong> Sehr gut - leichte Verschmutzung auf der Vorderseite.<\/p>\n<p><strong>Ma\u00dfe (Achselbreite\/L\u00e4nge) in cm: <\/strong>47\/58<\/p>","protected":false},"excerpt":{"rendered":"<p><strong>Originales Ausw\u00e4rtstrikot des FC Liverpool aus der Saison 2017\/18 von New Balance mit einem Adam Lallana-Aufdruck.\u00a0<\/strong><\/p>\n<p>Ausw\u00e4rtsmodell <strong>FC Liverpool<\/strong> aus der Saison <strong>2017\/18<\/strong>hergestellt von <strong>Neue Balance<\/strong> in der Jugendgr\u00f6\u00dfe 158 cm, erinnert stilistisch an die ikonischen Designs des Vereins aus den 1990er Jahren. Die Mannschaft von J\u00fcrgen Klopp spielte eine der denkw\u00fcrdigsten Saisons der letzten Jahre und erreichte das Finale der Champions League.<\/p>\n<p>Das T-Shirt wurde mit einer markanten Teilung der Vorderseite in vier gleiche Teile - zwei in Gr\u00fcn und zwei in Wei\u00df - produziert, eine direkte Anlehnung an historische Designs <strong>FC Liverpool<\/strong>. An den \u00c4rmeln befinden sich Liga-Aufn\u00e4her, und das Ganze wird durch das Branding des Herstellers vervollst\u00e4ndigt <strong>Neue Balance<\/strong>, und passt zum unverwechselbaren und ungew\u00f6hnlichen Stil der Ausw\u00e4rtstrikots des Vereins.<\/p>\n<p>Auf der R\u00fcckseite befindet sich ein origineller Aufdruck. <strong>Adam Lallana<\/strong>, der englische Mittelfeldspieler, der in der Saison <strong>2017\/18<\/strong> war Teil eines breit gef\u00e4cherten Teams <strong>FC Liverpool<\/strong>. Obwohl er mit gesundheitlichen Problemen zu k\u00e4mpfen hatte, blieb er dank seiner Spielintelligenz und seines Kombinationsspiels ein wichtiger Teil der Mannschaft. Weitere Spieler im Team waren. <strong>Mohamed Salah<\/strong>, <strong>Sadio Man\u00e9<\/strong>, <strong>Roberto Firmino<\/strong>, <strong>Jordanien Henderson<\/strong> und <strong>Virgil van Dijk<\/strong>, die auf dem Weg ins Champions-League-Finale den Kern der Mannschaft bildeten.<\/p>\n<p>Das T-Shirt ist aus leichtem und luftigem Material gefertigt und der jugendliche Schnitt entspricht den Standards der <strong>Neue Balance<\/strong>, und bietet eine Passform, die f\u00fcr Modelle f\u00fcr j\u00fcngere Benutzer charakteristisch ist.<\/p>\n<p>Dies ist ein Angebot f\u00fcr Sammler und Fans, die auf der Suche sind nach <strong>Original Ausw\u00e4rtstrikot des FC Liverpool aus der Saison 2017\/18 von New Balance<\/strong>, und damit eine klare Bilanz der Saison, die mit dem Champions-League-Finale endet.<\/p>","protected":false},"featured_media":121594,"template":"","meta":{"_kad_blocks_custom_css":"","_kad_blocks_head_custom_js":"","_kad_blocks_body_custom_js":"","_kad_blocks_footer_custom_js":"","_kad_post_transparent":"default","_kad_post_title":"","_kad_post_layout":"default","_kad_post_sidebar_id":"","_kad_post_content_style":"default","_kad_post_vertical_padding":"default","_kad_post_feature":"","_kad_post_feature_position":"","_kad_post_header":false,"_kad_post_footer":false,"_kad_post_classname":""},"product_brand":[1301],"product_cat":[15,2017,1464],"product_tag":[],"class_list":{"0":"post-121338","1":"product","2":"type-product","3":"status-publish","4":"has-post-thumbnail","6":"product_brand-new-balance","7":"product_cat-bez-kategorii","8":"product_cat-koszulki-mlodziezowe","9":"product_cat-liverpool","10":"pa_homeawaythird-away","11":"pa_rozmiar-158-cm","13":"first","14":"instock","15":"taxable","16":"shipping-taxable","17":"purchasable","18":"product-type-simple","19":"entry","20":"content-bg","21":"loop-entry"},"taxonomy_info":{"product_brand":[{"value":1301,"label":"New Balance"}],"product_cat":[{"value":15,"label":"Bez kategorii"},{"value":2017,"label":"KOSZULKI M\u0141ODZIE\u017bOWE"},{"value":1464,"label":"Liverpool FC"}],"pa_homeawaythird":[{"value":1598,"label":"Away"}],"pa_rozmiar":[{"value":2019,"label":"158 cm"}]},"featured_image_src_large":["https:\/\/footballthrift.shop\/wp-content\/uploads\/2026\/03\/Photoroom_20260318_112501-1024x1024.jpg",1024,1024,true],"author_info":[],"comment_info":"","_links":{"self":[{"href":"https:\/\/footballthrift.shop\/de\/wp-json\/wp\/v2\/product\/121338","targetHints":{"allow":["GET"]}}],"collection":[{"href":"https:\/\/footballthrift.shop\/de\/wp-json\/wp\/v2\/product"}],"about":[{"href":"https:\/\/footballthrift.shop\/de\/wp-json\/wp\/v2\/types\/product"}],"wp:featuredmedia":[{"embeddable":true,"href":"https:\/\/footballthrift.shop\/de\/wp-json\/wp\/v2\/media\/121594"}],"wp:attachment":[{"href":"https:\/\/footballthrift.shop\/de\/wp-json\/wp\/v2\/media?parent=121338"}],"wp:term":[{"taxonomy":"product_brand","embeddable":true,"href":"https:\/\/footballthrift.shop\/de\/wp-json\/wp\/v2\/product_brand?post=121338"},{"taxonomy":"product_cat","embeddable":true,"href":"https:\/\/footballthrift.shop\/de\/wp-json\/wp\/v2\/product_cat?post=121338"},{"taxonomy":"product_tag","embeddable":true,"href":"https:\/\/footballthrift.shop\/de\/wp-json\/wp\/v2\/product_tag?post=121338"}],"curies":[{"name":"wp","href":"https:\/\/api.w.org\/{rel}","templated":true}]}}