{"id":121336,"date":"2026-03-22T17:58:56","date_gmt":"2026-03-22T16:58:56","guid":{"rendered":"https:\/\/footballthrift.shop\/?post_type=product&#038;p=121336"},"modified":"2026-03-22T17:58:57","modified_gmt":"2026-03-22T16:58:57","slug":"koszulka-pilkarska-liverpool-fc-2020-21-home-s","status":"publish","type":"product","link":"https:\/\/footballthrift.shop\/de\/koszulka-pilkarska-liverpool-fc-2020-21-home-s\/","title":{"rendered":"Koszulka pi\u0142karska Liverpool FC 2020\/21 Home [S]"},"content":{"rendered":"<p><strong>Verein:<\/strong> Liverpool FC<\/p>\n<p><strong>Saison:<\/strong> 2020\/21 Heim<\/p>\n<p><strong>Gr\u00f6\u00dfe: <\/strong>S<\/p>\n<p><strong>Zustand:<\/strong> Bardzo dobry &#8211; mikro plamka przy nadruku sponsora na froncie.<\/p>\n<p><strong>Ma\u00dfe (Achselbreite\/L\u00e4nge) in cm: <\/strong>46\/70<\/p>","protected":false},"excerpt":{"rendered":"<p><strong>Original Liverpool FC Heimtrikot aus der Saison 2020\/21, hergestellt von Nike.\u00a0<\/strong><\/p>\n<p>Heimmodell <strong>FC Liverpool<\/strong> aus der Saison <strong>2020\/21<\/strong>hergestellt von <strong>Nike<\/strong> in der Gr\u00f6\u00dfe S, kommt nach der Verteidigung der im Jahr zuvor gewonnenen englischen Meisterschaft. Das von J\u00fcrgen Klopp gef\u00fchrte Team hatte vor allem in der Abwehr mit einer Reihe von Personalproblemen zu k\u00e4mpfen, die sich auf den Spielverlauf auswirkten <strong>Erste Liga<\/strong>, wo sie den dritten Platz belegte.<\/p>\n<p>Das Trikot wurde auf einem roten Grundton mit markanten wei\u00dfen und t\u00fcrkisfarbenen Abschl\u00fcssen am Kragen und an den \u00c4rmeln hergestellt, was dem Design einen frischen und modernen Look verleiht. Ein Sponsorenaufdruck steht auf der Vorderseite im Mittelpunkt <strong>Standard Chartered<\/strong>, und die Kennzeichnung des Herstellers <strong>Nike<\/strong> mit dem Design von Haushaltsger\u00e4ten \u00fcbereinstimmen <strong>FC Liverpool<\/strong> aus dieser Zeit.<\/p>\n<p>Saison <strong>2020\/21<\/strong> in der Ausf\u00fchrung <strong>FC Liverpool<\/strong> war eine Herausforderung, aber das Team konnte seinen Platz an der Spitze der Liga halten. Die wichtigsten Rollen in der Mannschaft waren. <strong>Mohamed Salah<\/strong>, der wieder einmal einer der effektivsten Spieler war, <strong>Sadio Man\u00e9<\/strong>, <strong>Roberto Firmino<\/strong>, Hilfskraft <strong>Jordanien Henderson<\/strong> und Torh\u00fcter <strong>Alisson Becker<\/strong>, die trotz zahlreicher Abwesenheiten den Kern der Mannschaft bildeten.<\/p>\n<p>Das T-Shirt ist aus einem leichten und luftigen Material gefertigt und der Schnitt in Gr\u00f6\u00dfe S entspricht den Standards der <strong>Nike<\/strong>, und bieten eine klassische Passform.<\/p>\n<p>Dies ist ein Angebot f\u00fcr Sammler und Fans, die auf der Suche sind nach <strong>das Original Liverpool FC Heimtrikot der Saison 2020\/21 von Nike<\/strong>, eine klare Bilanz des Kampfes der Saison um den Verbleib an der Spitze <strong>Erste Liga<\/strong>.<\/p>","protected":false},"featured_media":121579,"template":"","meta":{"_kad_blocks_custom_css":"","_kad_blocks_head_custom_js":"","_kad_blocks_body_custom_js":"","_kad_blocks_footer_custom_js":"","_kad_post_transparent":"default","_kad_post_title":"","_kad_post_layout":"default","_kad_post_sidebar_id":"","_kad_post_content_style":"default","_kad_post_vertical_padding":"default","_kad_post_feature":"","_kad_post_feature_position":"","_kad_post_header":false,"_kad_post_footer":false,"_kad_post_classname":""},"product_brand":[1284],"product_cat":[15,1464],"product_tag":[],"class_list":{"0":"post-121336","1":"product","2":"type-product","3":"status-publish","4":"has-post-thumbnail","6":"product_brand-nike","7":"product_cat-bez-kategorii","8":"product_cat-liverpool","9":"pa_homeawaythird-home","10":"pa_rozmiar-s","12":"first","13":"instock","14":"taxable","15":"shipping-taxable","16":"purchasable","17":"product-type-simple","18":"entry","19":"content-bg","20":"loop-entry"},"taxonomy_info":{"product_brand":[{"value":1284,"label":"Nike"}],"product_cat":[{"value":15,"label":"Bez kategorii"},{"value":1464,"label":"Liverpool FC"}],"pa_homeawaythird":[{"value":1597,"label":"Home"}],"pa_rozmiar":[{"value":1815,"label":"S"}]},"featured_image_src_large":["https:\/\/footballthrift.shop\/wp-content\/uploads\/2026\/03\/Photoroom_20260318_113013-1024x1024.jpg",1024,1024,true],"author_info":[],"comment_info":"","_links":{"self":[{"href":"https:\/\/footballthrift.shop\/de\/wp-json\/wp\/v2\/product\/121336","targetHints":{"allow":["GET"]}}],"collection":[{"href":"https:\/\/footballthrift.shop\/de\/wp-json\/wp\/v2\/product"}],"about":[{"href":"https:\/\/footballthrift.shop\/de\/wp-json\/wp\/v2\/types\/product"}],"wp:featuredmedia":[{"embeddable":true,"href":"https:\/\/footballthrift.shop\/de\/wp-json\/wp\/v2\/media\/121579"}],"wp:attachment":[{"href":"https:\/\/footballthrift.shop\/de\/wp-json\/wp\/v2\/media?parent=121336"}],"wp:term":[{"taxonomy":"product_brand","embeddable":true,"href":"https:\/\/footballthrift.shop\/de\/wp-json\/wp\/v2\/product_brand?post=121336"},{"taxonomy":"product_cat","embeddable":true,"href":"https:\/\/footballthrift.shop\/de\/wp-json\/wp\/v2\/product_cat?post=121336"},{"taxonomy":"product_tag","embeddable":true,"href":"https:\/\/footballthrift.shop\/de\/wp-json\/wp\/v2\/product_tag?post=121336"}],"curies":[{"name":"wp","href":"https:\/\/api.w.org\/{rel}","templated":true}]}}