{"id":121335,"date":"2026-03-22T17:58:57","date_gmt":"2026-03-22T16:58:57","guid":{"rendered":"https:\/\/footballthrift.shop\/?post_type=product&#038;p=121335"},"modified":"2026-03-22T17:58:57","modified_gmt":"2026-03-22T16:58:57","slug":"koszulka-pilkarska-manchester-united-2017-18-away-xs","status":"publish","type":"product","link":"https:\/\/footballthrift.shop\/de\/koszulka-pilkarska-manchester-united-2017-18-away-xs\/","title":{"rendered":"Koszulka pi\u0142karska Manchester United 2017\/18 Away [XS]"},"content":{"rendered":"<p><strong>Verein:<\/strong> Manchester United<\/p>\n<p><strong>Saison:<\/strong> 2017\/18 Ausw\u00e4rts<\/p>\n<p><strong>Gr\u00f6\u00dfe: <\/strong>XS<\/p>\n<p><strong>Zustand:<\/strong> Ausgezeichnet<\/p>\n<p><strong>Ma\u00dfe (Achselbreite\/L\u00e4nge) in cm: <\/strong>46\/68<\/p>","protected":false},"excerpt":{"rendered":"<p><strong>Das originale Ausw\u00e4rtstrikot von Manchester United aus der Saison 2017\/18 von Adidas.\u00a0<\/strong><\/p>\n<p>Ausw\u00e4rtsmodell <strong>Manchester United<\/strong> aus der Saison <strong>2017\/18<\/strong>hergestellt von <strong>Adidas<\/strong> in der Gr\u00f6\u00dfe XS, stammt aus einer Zeit, in der das Team von Jos\u00e9 Mourinho zu den besten der Welt geh\u00f6rte. <strong>Erste Liga<\/strong>. Die Mannschaft belegte den zweiten Platz in der Tabelle und erzielte damit eines der besten Ergebnisse des Vereins in den Jahren nach dem Weggang von Sir Alex Ferguson.<\/p>\n<p>Das T-Shirt wurde auf schwarzem Grund hergestellt, mit einem dezenten Muster auf der Vorderseite, das dem Design eine moderne und elegante Note verleiht. In der Mitte des Trikots befindet sich ein Sponsorenaufdruck <strong>Chevrolet<\/strong>, und die Kennzeichnung des Herstellers <strong>Adidas<\/strong> passen zum minimalistischen Design der Ausw\u00e4rtssets <strong>Manchester United<\/strong> aus dieser Zeit.<\/p>\n<p>Saison <strong>2017\/18<\/strong> in der Ausf\u00fchrung <strong>Manchester United<\/strong> basierte auf einer soliden Defensivleistung und einem effektiven Angriffsspiel. Zu der Mannschaft geh\u00f6rten damals unter anderem. <strong>David de Gea<\/strong>, <strong>Romelu Lukaku<\/strong>, <strong>Paul Pogba<\/strong>, <strong>Anthony Martial<\/strong>, <strong>Marcus Rashford<\/strong> und <strong>Nemanja Mati\u0107<\/strong>, die das R\u00fcckgrat einer Mannschaft bildeten, die in der Liga und im nationalen Pokal um Spitzenpl\u00e4tze k\u00e4mpfte.<\/p>\n<p>Das T-Shirt ist aus einem leichten und luftigen Material gefertigt und der Schnitt in Gr\u00f6\u00dfe XS entspricht den Standards der <strong>Adidas<\/strong>, und bietet eine f\u00fcr die Designs dieses Herstellers charakteristische Passform.<\/p>\n<p>Dies ist ein Angebot f\u00fcr Sammler und Fans, die auf der Suche sind nach <strong>Manchester Uniteds originales Ausw\u00e4rtstrikot aus der Saison 2017\/18 von Adidas<\/strong>, und dokumentiert damit eine der wettbewerbsintensivsten Spielzeiten des Vereins in der \u00c4ra nach Ferguson.<\/p>","protected":false},"featured_media":121571,"template":"","meta":{"_kad_blocks_custom_css":"","_kad_blocks_head_custom_js":"","_kad_blocks_body_custom_js":"","_kad_blocks_footer_custom_js":"","_kad_post_transparent":"default","_kad_post_title":"","_kad_post_layout":"default","_kad_post_sidebar_id":"","_kad_post_content_style":"default","_kad_post_vertical_padding":"default","_kad_post_feature":"","_kad_post_feature_position":"","_kad_post_header":false,"_kad_post_footer":false,"_kad_post_classname":""},"product_brand":[1283],"product_cat":[15,2017,1478],"product_tag":[],"class_list":{"0":"post-121335","1":"product","2":"type-product","3":"status-publish","4":"has-post-thumbnail","6":"product_brand-adidas","7":"product_cat-bez-kategorii","8":"product_cat-koszulki-mlodziezowe","9":"product_cat-manchester-united","10":"pa_homeawaythird-away","11":"pa_rozmiar-xs","13":"first","14":"instock","15":"taxable","16":"shipping-taxable","17":"purchasable","18":"product-type-simple","19":"entry","20":"content-bg","21":"loop-entry"},"taxonomy_info":{"product_brand":[{"value":1283,"label":"Adidas"}],"product_cat":[{"value":15,"label":"Bez kategorii"},{"value":2017,"label":"KOSZULKI M\u0141ODZIE\u017bOWE"},{"value":1478,"label":"Manchester United"}],"pa_homeawaythird":[{"value":1598,"label":"Away"}],"pa_rozmiar":[{"value":1821,"label":"XS"}]},"featured_image_src_large":["https:\/\/footballthrift.shop\/wp-content\/uploads\/2026\/03\/Photoroom_20260318_112043-1024x1024.jpg",1024,1024,true],"author_info":[],"comment_info":"","_links":{"self":[{"href":"https:\/\/footballthrift.shop\/de\/wp-json\/wp\/v2\/product\/121335","targetHints":{"allow":["GET"]}}],"collection":[{"href":"https:\/\/footballthrift.shop\/de\/wp-json\/wp\/v2\/product"}],"about":[{"href":"https:\/\/footballthrift.shop\/de\/wp-json\/wp\/v2\/types\/product"}],"wp:featuredmedia":[{"embeddable":true,"href":"https:\/\/footballthrift.shop\/de\/wp-json\/wp\/v2\/media\/121571"}],"wp:attachment":[{"href":"https:\/\/footballthrift.shop\/de\/wp-json\/wp\/v2\/media?parent=121335"}],"wp:term":[{"taxonomy":"product_brand","embeddable":true,"href":"https:\/\/footballthrift.shop\/de\/wp-json\/wp\/v2\/product_brand?post=121335"},{"taxonomy":"product_cat","embeddable":true,"href":"https:\/\/footballthrift.shop\/de\/wp-json\/wp\/v2\/product_cat?post=121335"},{"taxonomy":"product_tag","embeddable":true,"href":"https:\/\/footballthrift.shop\/de\/wp-json\/wp\/v2\/product_tag?post=121335"}],"curies":[{"name":"wp","href":"https:\/\/api.w.org\/{rel}","templated":true}]}}