{"id":121332,"date":"2026-03-22T17:58:59","date_gmt":"2026-03-22T16:58:59","guid":{"rendered":"https:\/\/footballthrift.shop\/?post_type=product&#038;p=121332"},"modified":"2026-03-22T17:59:02","modified_gmt":"2026-03-22T16:59:02","slug":"kurtka-treningowa-szwecja-2005-07-m","status":"publish","type":"product","link":"https:\/\/footballthrift.shop\/de\/kurtka-treningowa-szwecja-2005-07-m\/","title":{"rendered":"Kurtka treningowa Szwecja 2005\/07 [M]"},"content":{"rendered":"<p><strong>Verein:<\/strong> Schweden<\/p>\n<p><strong>Saison:<\/strong> 2005\/07<\/p>\n<p><strong>Gr\u00f6\u00dfe: <\/strong>M<\/p>\n<p><strong>Zustand:<\/strong> Ausgezeichnet<\/p>\n<p><strong>Ma\u00dfe (Achselbreite\/L\u00e4nge) in cm: <\/strong>59\/68<\/p>","protected":false},"excerpt":{"rendered":"<p><strong>Original Jacke der schwedischen Fu\u00dfballnationalmannschaft 2005\/07 von Umbro.\u00a0<\/strong><\/p>\n<p>Ausbildungsmodell <strong>die schwedische Nationalmannschaft<\/strong> im Laufe der Jahre <strong>2005\/07<\/strong>hergestellt von <strong>Umbro<\/strong> in Gr\u00f6\u00dfe M, stammt aus der Zeit, in der die Mannschaft regelm\u00e4\u00dfig an internationalen Turnieren teilnahm. Die Mannschaft nahm in dieser Zeit unter anderem an Qualifikationsspielen und an der <strong>Weltmeisterschaften 2006<\/strong>, wo sie die K.O.-Phase erreichte.<\/p>\n<p>Die Jacke wurde auf einer marineblauen Basis mit blauen Eins\u00e4tzen an den \u00c4rmeln gefertigt, die dem Design einen sportlichen und dynamischen Charakter verleihen. Das gesamte Design ist im klassischen Stil der Workout-Bekleidung gehalten. <strong>Umbro<\/strong>, vorbereitet f\u00fcr <strong>die schwedische Nationalmannschaft<\/strong> in der Mitte des ersten Jahrzehnts des 21. Jahrhunderts.<\/p>\n<p>Das Modell ist aus leichtem und bequemem Material gefertigt und der Schnitt in Gr\u00f6\u00dfe M entspricht den Standards von <strong>Umbro<\/strong>, und bietet Komfort sowohl beim Training als auch im Alltag.<\/p>\n<p>Dies ist ein Angebot f\u00fcr Sammler und Fans, die auf der Suche sind nach <strong>eine Originaljacke der schwedischen Fu\u00dfballnationalmannschaft 2005\/07 von Umbro<\/strong>, Damit wird eine der Perioden, in denen die Mannschaft regelm\u00e4\u00dfig auf der internationalen B\u00fchne auftrat, deutlich dokumentiert.<\/p>","protected":false},"featured_media":121543,"template":"","meta":{"_kad_blocks_custom_css":"","_kad_blocks_head_custom_js":"","_kad_blocks_body_custom_js":"","_kad_blocks_footer_custom_js":"","_kad_post_transparent":"default","_kad_post_title":"","_kad_post_layout":"default","_kad_post_sidebar_id":"","_kad_post_content_style":"default","_kad_post_vertical_padding":"default","_kad_post_feature":"","_kad_post_feature_position":"","_kad_post_header":false,"_kad_post_footer":false,"_kad_post_classname":""},"product_brand":[1285],"product_cat":[15,1423,1489],"product_tag":[],"class_list":{"0":"post-121332","1":"product","2":"type-product","3":"status-publish","4":"has-post-thumbnail","6":"product_brand-umbro","7":"product_cat-bez-kategorii","8":"product_cat-kurtkibluzytrening","9":"product_cat-pozostale-reprezentacje-europa","10":"pa_rozmiar-m","12":"first","13":"instock","14":"taxable","15":"shipping-taxable","16":"purchasable","17":"product-type-simple","18":"entry","19":"content-bg","20":"loop-entry"},"taxonomy_info":{"product_brand":[{"value":1285,"label":"Umbro"}],"product_cat":[{"value":15,"label":"Bez kategorii"},{"value":1423,"label":"Kurtki\/bluzy\/trening"},{"value":1489,"label":"Pozosta\u0142e"}],"pa_rozmiar":[{"value":1816,"label":"M"}]},"featured_image_src_large":["https:\/\/footballthrift.shop\/wp-content\/uploads\/2026\/03\/Photoroom_20260318_112557-1024x1024.jpg",1024,1024,true],"author_info":[],"comment_info":"","_links":{"self":[{"href":"https:\/\/footballthrift.shop\/de\/wp-json\/wp\/v2\/product\/121332","targetHints":{"allow":["GET"]}}],"collection":[{"href":"https:\/\/footballthrift.shop\/de\/wp-json\/wp\/v2\/product"}],"about":[{"href":"https:\/\/footballthrift.shop\/de\/wp-json\/wp\/v2\/types\/product"}],"wp:featuredmedia":[{"embeddable":true,"href":"https:\/\/footballthrift.shop\/de\/wp-json\/wp\/v2\/media\/121543"}],"wp:attachment":[{"href":"https:\/\/footballthrift.shop\/de\/wp-json\/wp\/v2\/media?parent=121332"}],"wp:term":[{"taxonomy":"product_brand","embeddable":true,"href":"https:\/\/footballthrift.shop\/de\/wp-json\/wp\/v2\/product_brand?post=121332"},{"taxonomy":"product_cat","embeddable":true,"href":"https:\/\/footballthrift.shop\/de\/wp-json\/wp\/v2\/product_cat?post=121332"},{"taxonomy":"product_tag","embeddable":true,"href":"https:\/\/footballthrift.shop\/de\/wp-json\/wp\/v2\/product_tag?post=121332"}],"curies":[{"name":"wp","href":"https:\/\/api.w.org\/{rel}","templated":true}]}}