{"id":121331,"date":"2026-03-22T17:59:03","date_gmt":"2026-03-22T16:59:03","guid":{"rendered":"https:\/\/footballthrift.shop\/?post_type=product&#038;p=121331"},"modified":"2026-03-22T17:59:06","modified_gmt":"2026-03-22T16:59:06","slug":"koszulka-pilkarska-tottenham-hotspur-fc-2023-24-home-s","status":"publish","type":"product","link":"https:\/\/footballthrift.shop\/de\/koszulka-pilkarska-tottenham-hotspur-fc-2023-24-home-s\/","title":{"rendered":"Koszulka pi\u0142karska Tottenham Hotspur FC 2023\/24 Home [S]"},"content":{"rendered":"<p><strong>Verein:<\/strong> Tottenham Hotspur FC<\/p>\n<p><strong>Saison:<\/strong> 2023\/24 Startseite<\/p>\n<p><strong>Gr\u00f6\u00dfe: <\/strong>S<\/p>\n<p><strong>Zustand:<\/strong> Ausgezeichnet<\/p>\n<p><strong>Ma\u00dfe (Achselbreite\/L\u00e4nge) in cm: <\/strong>47\/73<\/p>","protected":false},"excerpt":{"rendered":"<p><strong>Original Tottenham Hotspur FC Heimtrikot aus der Saison 2023\/24 von Nike.\u00a0<\/strong><\/p>\n<p>Heimmodell <strong>Tottenham Hotspur FC<\/strong> aus der Saison <strong>2023\/24<\/strong>hergestellt von <strong>Nike<\/strong> in der Gr\u00f6\u00dfe S, geht auf den Beginn einer neuen Phase in der Vereinsgeschichte unter Ange Postecoglou zur\u00fcck. Die Mannschaft spielte offensiv und \u00fcber weite Strecken des Spiels <strong>Erste Liga<\/strong> seinen Platz an der Spitze der Tabelle behauptet.<\/p>\n<p>Das Trikot wurde auf wei\u00dfem Grund hergestellt, der durch die subtilen geometrischen Muster auf der Vorderseite erg\u00e4nzt wird. Der kontrastierende marineblaue Saum an den \u00c4rmeln unterstreicht das Farbschema des Vereins, und in der Mitte des Trikots befindet sich ein Sponsorenaufdruck. <strong>AIA<\/strong>. Das Gesamtdesign ist modern, minimalistisch und charakteristisch f\u00fcr die Projekte. <strong>Nike<\/strong> vorbereitet f\u00fcr <strong>Tottenham Hotspur FC<\/strong>.<\/p>\n<p>Saison <strong>2023\/24<\/strong> in der Ausf\u00fchrung <strong>Tottenham Hotspur FC<\/strong> war eine Zeit des Wiederaufbaus und der Umsetzung einer neuen Spielphilosophie. Zu den herausragenden Spielern der Mannschaft geh\u00f6rten Kapit\u00e4n <strong>Heung-min Son<\/strong>, Gehilfen <strong>James Maddison<\/strong> i <strong>Dejan Kulusevski<\/strong>, sowie die Verteidiger <strong>Cristian Romero<\/strong> und <strong>Micky van de Ven<\/strong>, die den Kern des Teams in der Liga bildeten.<\/p>\n<p>Das T-Shirt ist aus einem leichten und luftigen Material gefertigt und der Schnitt in Gr\u00f6\u00dfe S entspricht den Standards der <strong>Nike<\/strong>, und bieten eine klassische Passform.<\/p>\n<p>Dies ist ein Angebot f\u00fcr Sammler und Fans, die auf der Suche sind nach <strong>das Original Tottenham Hotspur FC Heimtrikot der Saison 2023\/24 von Nike<\/strong>, die den Beginn eines neuen Abschnitts in der Geschichte des Klubs deutlich dokumentiert.<\/p>","protected":false},"featured_media":121535,"template":"","meta":{"_kad_blocks_custom_css":"","_kad_blocks_head_custom_js":"","_kad_blocks_body_custom_js":"","_kad_blocks_footer_custom_js":"","_kad_post_transparent":"default","_kad_post_title":"","_kad_post_layout":"default","_kad_post_sidebar_id":"","_kad_post_content_style":"default","_kad_post_vertical_padding":"default","_kad_post_feature":"","_kad_post_feature_position":"","_kad_post_header":false,"_kad_post_footer":false,"_kad_post_classname":""},"product_brand":[1284],"product_cat":[15,1481],"product_tag":[],"class_list":{"0":"post-121331","1":"product","2":"type-product","3":"status-publish","4":"has-post-thumbnail","6":"product_brand-nike","7":"product_cat-bez-kategorii","8":"product_cat-tottenham","9":"pa_homeawaythird-home","10":"pa_rozmiar-s","12":"first","13":"instock","14":"taxable","15":"shipping-taxable","16":"purchasable","17":"product-type-simple","18":"entry","19":"content-bg","20":"loop-entry"},"taxonomy_info":{"product_brand":[{"value":1284,"label":"Nike"}],"product_cat":[{"value":15,"label":"Bez kategorii"},{"value":1481,"label":"Tottenham Hotspur FC"}],"pa_homeawaythird":[{"value":1597,"label":"Home"}],"pa_rozmiar":[{"value":1815,"label":"S"}]},"featured_image_src_large":["https:\/\/footballthrift.shop\/wp-content\/uploads\/2026\/03\/IMG_3924-Photoroom-1024x1024.jpg",1024,1024,true],"author_info":[],"comment_info":"","_links":{"self":[{"href":"https:\/\/footballthrift.shop\/de\/wp-json\/wp\/v2\/product\/121331","targetHints":{"allow":["GET"]}}],"collection":[{"href":"https:\/\/footballthrift.shop\/de\/wp-json\/wp\/v2\/product"}],"about":[{"href":"https:\/\/footballthrift.shop\/de\/wp-json\/wp\/v2\/types\/product"}],"wp:featuredmedia":[{"embeddable":true,"href":"https:\/\/footballthrift.shop\/de\/wp-json\/wp\/v2\/media\/121535"}],"wp:attachment":[{"href":"https:\/\/footballthrift.shop\/de\/wp-json\/wp\/v2\/media?parent=121331"}],"wp:term":[{"taxonomy":"product_brand","embeddable":true,"href":"https:\/\/footballthrift.shop\/de\/wp-json\/wp\/v2\/product_brand?post=121331"},{"taxonomy":"product_cat","embeddable":true,"href":"https:\/\/footballthrift.shop\/de\/wp-json\/wp\/v2\/product_cat?post=121331"},{"taxonomy":"product_tag","embeddable":true,"href":"https:\/\/footballthrift.shop\/de\/wp-json\/wp\/v2\/product_tag?post=121331"}],"curies":[{"name":"wp","href":"https:\/\/api.w.org\/{rel}","templated":true}]}}