{"id":121327,"date":"2026-03-22T17:59:10","date_gmt":"2026-03-22T16:59:10","guid":{"rendered":"https:\/\/footballthrift.shop\/?post_type=product&#038;p=121327"},"modified":"2026-03-22T17:59:11","modified_gmt":"2026-03-22T16:59:11","slug":"koszulka-pilkarska-wisla-krakow-2015-16-home-l","status":"publish","type":"product","link":"https:\/\/footballthrift.shop\/de\/koszulka-pilkarska-wisla-krakow-2015-16-home-l\/","title":{"rendered":"Koszulka pi\u0142karska Wis\u0142a Krak\u00f3w 2015\/16 Home [L]"},"content":{"rendered":"<p><strong>Verein:<\/strong> Wis\u0142a Krak\u00f3w<\/p>\n<p><strong>Saison:<\/strong> 2015\/16 Startseite<\/p>\n<p><strong>Gr\u00f6\u00dfe: <\/strong>L<\/p>\n<p><strong>Zustand:<\/strong> Dobry &#8211; mikro dziurka na froncie.<\/p>\n<p><strong>Ma\u00dfe (Achselbreite\/L\u00e4nge) in cm: <\/strong>57\/72<\/p>","protected":false},"excerpt":{"rendered":"<p><strong>Original Heim-Fu\u00dfballtrikot von Wisla Krakau aus der Saison 2015\/16 von Adidas.\u00a0<\/strong><\/p>\n<p>Heimmodell <strong>Wis\u0142a Krak\u00f3w<\/strong> aus der Saison <strong>2015\/16<\/strong>hergestellt von <strong>Adidas<\/strong> in der Gr\u00f6\u00dfe L, stammt aus einer \u00dcbergangszeit in der Geschichte des Vereins, der damals auf der Suche nach sportlicher Stabilit\u00e4t in der <strong>Ekstraklasa<\/strong>. Die Mannschaft beendete die Saison im Mittelfeld der Tabelle und zeigte eine uneinheitliche Form, st\u00fctzte sich aber dennoch auf Spieler mit viel Erfahrung in der Liga.<\/p>\n<p>Das Trikot wurde auf einem roten Grundton mit kontrastierenden wei\u00dfen Bes\u00e4tzen hergestellt, die dem Design einen klassischen Charakter verleihen. Auf der linken Brust befindet sich ein wei\u00dfer Stern, der das Wappen der <strong>Wis\u0142a Krak\u00f3w<\/strong>, und das Ganze zeichnet sich durch das Fehlen eines Sponsorenaufdrucks auf der Vorderseite aus, was den minimalistischen Look unterstreicht. Erg\u00e4nzt wird das Design durch die Kennzeichnung des Herstellers <strong>Adidas<\/strong>, und passt zur traditionellen \u00c4sthetik der Heimkulissen des Clubs.<\/p>\n<p>Saison <strong>2015\/16<\/strong> in der Ausf\u00fchrung <strong>Wis\u0142a Krak\u00f3w<\/strong> war eine Zeit des Aufbaus einer Mannschaft, die auf einer Mischung aus Erfahrung und Jugend beruhte. Das Team bestand zu dieser Zeit unter anderem aus. <strong>Pawel Brozek<\/strong>, einer der wichtigsten St\u00fcrmer in der Geschichte des Vereins, Mittelfeldspieler <strong>Semir \u0160tili\u0107<\/strong>, <strong>Rafa\u0142 Boguski<\/strong>, <strong>Krzysztof M\u0105czy\u0144ski<\/strong> und Verteidiger <strong>Maciej Sadlok<\/strong>, die in diesen Spielen den Kern der Mannschaft bildeten.<\/p>\n<p>Das T-Shirt ist aus einem leichten und luftigen Material gefertigt und der Schnitt in Gr\u00f6\u00dfe L entspricht den Standards der <strong>Adidas<\/strong>, und bieten eine klassische Passform.<\/p>\n<p>Dies ist ein Angebot f\u00fcr Sammler und Fans, die auf der Suche sind nach <strong>das Original Wis\u0142a Krak\u00f3w Heimtrikot aus der Saison 2015\/16 von Adidas<\/strong>, die die Zeit der Sanierung des Ensembles in der Altstadt deutlich dokumentieren. <strong>Ekstraklasa<\/strong>.<\/p>","protected":false},"featured_media":121515,"template":"","meta":{"_kad_blocks_custom_css":"","_kad_blocks_head_custom_js":"","_kad_blocks_body_custom_js":"","_kad_blocks_footer_custom_js":"","_kad_post_transparent":"default","_kad_post_title":"","_kad_post_layout":"default","_kad_post_sidebar_id":"","_kad_post_content_style":"default","_kad_post_vertical_padding":"default","_kad_post_feature":"","_kad_post_feature_position":"","_kad_post_header":false,"_kad_post_footer":false,"_kad_post_classname":""},"product_brand":[1283],"product_cat":[15,1459],"product_tag":[],"class_list":{"0":"post-121327","1":"product","2":"type-product","3":"status-publish","4":"has-post-thumbnail","6":"product_brand-adidas","7":"product_cat-bez-kategorii","8":"product_cat-wisla-krakow","9":"pa_homeawaythird-home","10":"pa_rozmiar-l","12":"first","13":"instock","14":"taxable","15":"shipping-taxable","16":"purchasable","17":"product-type-simple","18":"entry","19":"content-bg","20":"loop-entry"},"taxonomy_info":{"product_brand":[{"value":1283,"label":"Adidas"}],"product_cat":[{"value":15,"label":"Bez kategorii"},{"value":1459,"label":"Wis\u0142a Krak\u00f3w"}],"pa_homeawaythird":[{"value":1597,"label":"Home"}],"pa_rozmiar":[{"value":1817,"label":"L"}]},"featured_image_src_large":["https:\/\/footballthrift.shop\/wp-content\/uploads\/2026\/03\/Photoroom_20260318_113044-1024x1024.jpg",1024,1024,true],"author_info":[],"comment_info":"","_links":{"self":[{"href":"https:\/\/footballthrift.shop\/de\/wp-json\/wp\/v2\/product\/121327","targetHints":{"allow":["GET"]}}],"collection":[{"href":"https:\/\/footballthrift.shop\/de\/wp-json\/wp\/v2\/product"}],"about":[{"href":"https:\/\/footballthrift.shop\/de\/wp-json\/wp\/v2\/types\/product"}],"wp:featuredmedia":[{"embeddable":true,"href":"https:\/\/footballthrift.shop\/de\/wp-json\/wp\/v2\/media\/121515"}],"wp:attachment":[{"href":"https:\/\/footballthrift.shop\/de\/wp-json\/wp\/v2\/media?parent=121327"}],"wp:term":[{"taxonomy":"product_brand","embeddable":true,"href":"https:\/\/footballthrift.shop\/de\/wp-json\/wp\/v2\/product_brand?post=121327"},{"taxonomy":"product_cat","embeddable":true,"href":"https:\/\/footballthrift.shop\/de\/wp-json\/wp\/v2\/product_cat?post=121327"},{"taxonomy":"product_tag","embeddable":true,"href":"https:\/\/footballthrift.shop\/de\/wp-json\/wp\/v2\/product_tag?post=121327"}],"curies":[{"name":"wp","href":"https:\/\/api.w.org\/{rel}","templated":true}]}}