{"id":121326,"date":"2026-03-22T17:59:11","date_gmt":"2026-03-22T16:59:11","guid":{"rendered":"https:\/\/footballthrift.shop\/?post_type=product&#038;p=121326"},"modified":"2026-03-22T17:59:12","modified_gmt":"2026-03-22T16:59:12","slug":"koszulka-pilkarska-wisla-krakow-2011-13-home-s","status":"publish","type":"product","link":"https:\/\/footballthrift.shop\/de\/koszulka-pilkarska-wisla-krakow-2011-13-home-s\/","title":{"rendered":"Koszulka pi\u0142karska Wis\u0142a Krak\u00f3w 2011\/13 Home [S]"},"content":{"rendered":"<p><strong>Verein:<\/strong> Wis\u0142a Krak\u00f3w<\/p>\n<p><strong>Saison:<\/strong> 2011\/13 Startseite<\/p>\n<p><strong>Gr\u00f6\u00dfe: <\/strong>S<\/p>\n<p><strong>Zustand:<\/strong> Ausgezeichnet<\/p>\n<p><strong>Ma\u00dfe (Achselbreite\/L\u00e4nge) in cm: <\/strong>48\/70<\/p>","protected":false},"excerpt":{"rendered":"<p><strong>Original Heim-Fu\u00dfballtrikot von Wisla Krakau von 2011-2013 von Adidas.\u00a0<\/strong><\/p>\n<p>Heimmodell <strong>Wis\u0142a Krak\u00f3w<\/strong> im Laufe der Jahre verwendet <strong>2011-2013<\/strong>hergestellt von <strong>Adidas<\/strong> in der Gr\u00f6\u00dfe S, stammt aus der Zeit, als der Verein in den Europapokalen mitspielte und an der Spitze mitmachte <strong>Ekstraklasa<\/strong>. In der Saison 2011\/12 schaffte die Mannschaft den Aufstieg in die Gruppenphase der Europa League, wo sie auf starke Gegner traf - einer der letzten bedeutenden Auftritte einer Krakauer Mannschaft auf der internationalen B\u00fchne zu dieser Zeit.<\/p>\n<p>Das T-Shirt wurde auf der klassischen roten Basis produziert, die seit Jahren der Eckpfeiler der Identit\u00e4t ist. <strong>Wis\u0142a Krak\u00f3w<\/strong>. Abgerundet wird das Ganze mit einem wei\u00dfen Polokragen und den f\u00fcr die Designs charakteristischen drei Streifen an den \u00c4rmeln <strong>Adidas<\/strong>, Das schlichte und elegante Design nimmt Bezug auf die traditionellen Farben des Vereins.<\/p>\n<p>In Jahren <strong>2011-2013<\/strong> Farben <strong>Wis\u0142a Krak\u00f3w<\/strong> vertreten u.a. durch. <strong>Maor Melikson<\/strong>, <strong>Andra\u017c Kirmes<\/strong>, <strong>Rados\u0142aw Sobolewski<\/strong>, <strong>Cezary Wilk<\/strong>, <strong>Kew Jaliens<\/strong> und St\u00fcrmer <strong>Zwetan Genkow<\/strong>. Es war eine Zeit des allm\u00e4hlichen Wiederaufbaus der Mannschaft nach Jahren der Dominanz in der Liga, und die Mannschaft blieb dennoch einer der bekanntesten Vereine in Polen.<\/p>\n<p>Das T-Shirt ist aus einem leichten und luftigen Material gefertigt und der Schnitt in Gr\u00f6\u00dfe S entspricht den Standards der <strong>Adidas<\/strong>, und bieten eine klassische Passform.<\/p>\n<p>Dies ist ein Angebot f\u00fcr Sammler und Fans, die auf der Suche sind nach <strong>das Original-Heimtrikot von Wisla Krakau von 2011-2013 von Adidas<\/strong>, die die Zeit der Teilnahme des Vereins an europ\u00e4ischen Pokalwettbewerben und der Teilnahme an der h\u00f6chsten Spielklasse deutlich dokumentiert <strong>Ekstraklasa<\/strong>.<\/p>","protected":false},"featured_media":121500,"template":"","meta":{"_kad_blocks_custom_css":"","_kad_blocks_head_custom_js":"","_kad_blocks_body_custom_js":"","_kad_blocks_footer_custom_js":"","_kad_post_transparent":"default","_kad_post_title":"","_kad_post_layout":"default","_kad_post_sidebar_id":"","_kad_post_content_style":"default","_kad_post_vertical_padding":"default","_kad_post_feature":"","_kad_post_feature_position":"","_kad_post_header":false,"_kad_post_footer":false,"_kad_post_classname":""},"product_brand":[1283],"product_cat":[15,1459],"product_tag":[],"class_list":{"0":"post-121326","1":"product","2":"type-product","3":"status-publish","4":"has-post-thumbnail","6":"product_brand-adidas","7":"product_cat-bez-kategorii","8":"product_cat-wisla-krakow","9":"pa_homeawaythird-home","10":"pa_rozmiar-s","12":"first","13":"instock","14":"taxable","15":"shipping-taxable","16":"purchasable","17":"product-type-simple","18":"entry","19":"content-bg","20":"loop-entry"},"taxonomy_info":{"product_brand":[{"value":1283,"label":"Adidas"}],"product_cat":[{"value":15,"label":"Bez kategorii"},{"value":1459,"label":"Wis\u0142a Krak\u00f3w"}],"pa_homeawaythird":[{"value":1597,"label":"Home"}],"pa_rozmiar":[{"value":1815,"label":"S"}]},"featured_image_src_large":["https:\/\/footballthrift.shop\/wp-content\/uploads\/2026\/03\/Photoroom_20260318_112912-1024x1024.jpg",1024,1024,true],"author_info":[],"comment_info":"","_links":{"self":[{"href":"https:\/\/footballthrift.shop\/de\/wp-json\/wp\/v2\/product\/121326","targetHints":{"allow":["GET"]}}],"collection":[{"href":"https:\/\/footballthrift.shop\/de\/wp-json\/wp\/v2\/product"}],"about":[{"href":"https:\/\/footballthrift.shop\/de\/wp-json\/wp\/v2\/types\/product"}],"wp:featuredmedia":[{"embeddable":true,"href":"https:\/\/footballthrift.shop\/de\/wp-json\/wp\/v2\/media\/121500"}],"wp:attachment":[{"href":"https:\/\/footballthrift.shop\/de\/wp-json\/wp\/v2\/media?parent=121326"}],"wp:term":[{"taxonomy":"product_brand","embeddable":true,"href":"https:\/\/footballthrift.shop\/de\/wp-json\/wp\/v2\/product_brand?post=121326"},{"taxonomy":"product_cat","embeddable":true,"href":"https:\/\/footballthrift.shop\/de\/wp-json\/wp\/v2\/product_cat?post=121326"},{"taxonomy":"product_tag","embeddable":true,"href":"https:\/\/footballthrift.shop\/de\/wp-json\/wp\/v2\/product_tag?post=121326"}],"curies":[{"name":"wp","href":"https:\/\/api.w.org\/{rel}","templated":true}]}}