{"id":121325,"date":"2026-03-22T17:59:12","date_gmt":"2026-03-22T16:59:12","guid":{"rendered":"https:\/\/footballthrift.shop\/?post_type=product&#038;p=121325"},"modified":"2026-03-22T17:59:13","modified_gmt":"2026-03-22T16:59:13","slug":"koszulka-bramkarska-wlochy-2020-21-s","status":"publish","type":"product","link":"https:\/\/footballthrift.shop\/de\/koszulka-bramkarska-wlochy-2020-21-s\/","title":{"rendered":"Koszulka bramkarska W\u0142ochy 2020\/21 [S]"},"content":{"rendered":"<p><strong>Verein:<\/strong> Italien<\/p>\n<p><strong>Saison:<\/strong> 2020\/21<\/p>\n<p><strong>Gr\u00f6\u00dfe: <\/strong>S<\/p>\n<p><strong>Zustand:<\/strong> Ausgezeichnet<\/p>\n<p><strong>Ma\u00dfe (Achselbreite\/L\u00e4nge) in cm: <\/strong>46\/67<\/p>","protected":false},"excerpt":{"rendered":"<p><strong>Original Torwart-Fu\u00dfballtrikot der italienischen Nationalmannschaft aus der Saison 2020\/21 von Puma.\u00a0<\/strong><\/p>\n<p>Modell Torwart <strong>Vertretung Italiens<\/strong> aus der Saison <strong>2020\/21<\/strong>hergestellt von <strong>Puma<\/strong> in der Gr\u00f6\u00dfe S, stammt aus dem Zeitraum der Eliminierung bis zum <strong>Euro 2020<\/strong>, die mit einem vollen Erfolg f\u00fcr die Mannschaft endete. Das von Roberto Mancini gef\u00fchrte Team \u00fcberstand die Qualifikationsspiele ohne Niederlage und legte damit den Grundstein f\u00fcr den sp\u00e4teren Triumph in der Endrunde.<\/p>\n<p>Das T-Shirt wurde auf einer grauen Basis mit einem markanten Mosaikmuster auf der Vorderseite gefertigt. Zus\u00e4tzliche dunklere Eins\u00e4tze an den \u00c4rmeln bilden einen Kontrast und unterstreichen den modernen Charakter des Designs. Erg\u00e4nzt wird dies durch das Branding des Herstellers <strong>Pumas<\/strong>, im Stil der Torwartkleidung, die f\u00fcr das Turnier <strong>Vertretung Italiens<\/strong> in diesem Zeitraum.<\/p>\n<p>In den Vorbereitungsarbeiten f\u00fcr die <strong>Euro 2020<\/strong> Gates <strong>Vertretung Italiens<\/strong> bewacht, unter anderem. <strong>Gianluigi Donnarumma<\/strong> und <strong>Salvatore Sirigu<\/strong>, Die Mannschaft st\u00fctzte sich auf ein solides Defensivspiel und eine gut organisierte Mannschaftsstruktur. Zum Kader geh\u00f6rten auch Spieler wie. <strong>Leonardo Bonucci<\/strong>, <strong>Giorgio Chiellini<\/strong>, <strong>Jorginho<\/strong> oder <strong>Marco Verratti<\/strong>die den Kern des Teams bildeten.<\/p>\n<p>Das T-Shirt ist aus einem leichten und luftigen Material gefertigt und der Schnitt in Gr\u00f6\u00dfe S entspricht den Standards der <strong>Pumas<\/strong>, und bieten eine klassische Passform.<\/p>\n<p>Dies ist ein Angebot f\u00fcr Sammler und Fans, die auf der Suche sind nach <strong>das Original-Torwarttrikot der italienischen Fu\u00dfballnationalmannschaft f\u00fcr die Saison 2020\/21 von Puma<\/strong>, die eine klare Aufzeichnung der siegreichen Vorrunden der <strong>Euro 2020<\/strong>.<\/p>","protected":false},"featured_media":121493,"template":"","meta":{"_kad_blocks_custom_css":"","_kad_blocks_head_custom_js":"","_kad_blocks_body_custom_js":"","_kad_blocks_footer_custom_js":"","_kad_post_transparent":"default","_kad_post_title":"","_kad_post_layout":"default","_kad_post_sidebar_id":"","_kad_post_content_style":"default","_kad_post_vertical_padding":"default","_kad_post_feature":"","_kad_post_feature_position":"","_kad_post_header":false,"_kad_post_footer":false,"_kad_post_classname":""},"product_brand":[1287],"product_cat":[15,1487],"product_tag":[],"class_list":{"0":"post-121325","1":"product","2":"type-product","3":"status-publish","4":"has-post-thumbnail","6":"product_brand-puma","7":"product_cat-bez-kategorii","8":"product_cat-reprezentacja-wloch","9":"pa_rozmiar-s","11":"first","12":"instock","13":"taxable","14":"shipping-taxable","15":"purchasable","16":"product-type-simple","17":"entry","18":"content-bg","19":"loop-entry"},"taxonomy_info":{"product_brand":[{"value":1287,"label":"Puma"}],"product_cat":[{"value":15,"label":"Bez kategorii"},{"value":1487,"label":"W\u0142ochy"}],"pa_rozmiar":[{"value":1815,"label":"S"}]},"featured_image_src_large":["https:\/\/footballthrift.shop\/wp-content\/uploads\/2026\/03\/Photoroom_20260318_112415-1024x1024.jpg",1024,1024,true],"author_info":[],"comment_info":"","_links":{"self":[{"href":"https:\/\/footballthrift.shop\/de\/wp-json\/wp\/v2\/product\/121325","targetHints":{"allow":["GET"]}}],"collection":[{"href":"https:\/\/footballthrift.shop\/de\/wp-json\/wp\/v2\/product"}],"about":[{"href":"https:\/\/footballthrift.shop\/de\/wp-json\/wp\/v2\/types\/product"}],"wp:featuredmedia":[{"embeddable":true,"href":"https:\/\/footballthrift.shop\/de\/wp-json\/wp\/v2\/media\/121493"}],"wp:attachment":[{"href":"https:\/\/footballthrift.shop\/de\/wp-json\/wp\/v2\/media?parent=121325"}],"wp:term":[{"taxonomy":"product_brand","embeddable":true,"href":"https:\/\/footballthrift.shop\/de\/wp-json\/wp\/v2\/product_brand?post=121325"},{"taxonomy":"product_cat","embeddable":true,"href":"https:\/\/footballthrift.shop\/de\/wp-json\/wp\/v2\/product_cat?post=121325"},{"taxonomy":"product_tag","embeddable":true,"href":"https:\/\/footballthrift.shop\/de\/wp-json\/wp\/v2\/product_tag?post=121325"}],"curies":[{"name":"wp","href":"https:\/\/api.w.org\/{rel}","templated":true}]}}