{"id":120959,"date":"2026-03-15T17:59:31","date_gmt":"2026-03-15T16:59:31","guid":{"rendered":"https:\/\/footballthrift.shop\/?post_type=product&#038;p=120959"},"modified":"2026-03-15T17:59:31","modified_gmt":"2026-03-15T16:59:31","slug":"koszulka-pilkarska-vfl-wolfsburg-2015-16-home-14-de-bruyne-m","status":"publish","type":"product","link":"https:\/\/footballthrift.shop\/de\/koszulka-pilkarska-vfl-wolfsburg-2015-16-home-14-de-bruyne-m\/","title":{"rendered":"Koszulka pi\u0142karska VFL Wolfsburg 2015\/16 Home 14 De Bruyne [M]"},"content":{"rendered":"<p><strong>Verein:<\/strong> VFL Wolfsburg<\/p>\n<p><strong>Saison:<\/strong> 2015\/16 Startseite<\/p>\n<p><strong>Gr\u00f6\u00dfe: <\/strong>M<\/p>\n<p><strong>Zustand:<\/strong> Ausgezeichnet<\/p>\n<p><strong>Ma\u00dfe (Achselbreite\/L\u00e4nge) in cm: <\/strong>52\/71<\/p>","protected":false},"excerpt":{"rendered":"<p><strong>Original VfL Wolfsburg Heimspieltrikot aus der Saison 2015\/16 von Kappa, bedruckt mit Kevin De Bruyne.\u00a0<\/strong><\/p>\n<p>Heimmodell <strong>VfL Wolfsburg ab der Saison 2015\/16<\/strong>hergestellt von <strong>Kappa<\/strong> in Gr\u00f6\u00dfe M, stammt aus einer der interessantesten Perioden in der modernen Geschichte des Vereins. <strong>VfL Wolfsburg<\/strong> trat damals auf in <strong>Bundesliga<\/strong> und in Wettbewerben <strong>UEFA Champions League<\/strong>, wo die Mannschaft das Viertelfinale gegen die europ\u00e4ische Spitze erreichte.<\/p>\n<p>Das T-Shirt wurde hergestellt auf <strong>wei\u00dfer Sockel<\/strong>die erg\u00e4nzt werden durch <strong>gr\u00fcne Borte an \u00c4rmeln und Kragen<\/strong>, mit Verweisen auf traditionelle Farben <strong>VfL Wolfsburg<\/strong>. Ein unverwechselbares <strong>schr\u00e4ger Gr\u00fcng\u00fcrtel<\/strong>, mit dem Aufdruck des Sponsors <strong>Volkswagen<\/strong>. Wappen <strong>VfL Wolfsburg<\/strong> und Logo <strong>Kappy<\/strong> ist klassisch auf der Brust platziert, wobei die f\u00fcr die Produktionsentw\u00fcrfe charakteristische symmetrische Anordnung beibehalten wird. <strong>Kappy<\/strong>.<\/p>\n<p>Auf der R\u00fcckseite befindet sich ein origineller Aufdruck. <strong>Kevin De Bruyne<\/strong>, einer der talentiertesten Mittelfeldspieler seiner Generation. Der belgische Spielmacher war eine Schl\u00fcsselfigur in der <strong>VfL Wolfsburg<\/strong> in der Saison <strong>2014\/15<\/strong>, wenn die Mannschaft gewonnen hat <strong>Deutscher Pokal<\/strong>, und sich selbst <strong>Kevin De Bruyne<\/strong> wurde zum besten Spieler gew\u00e4hlt <strong>Bundesliga<\/strong>. Seine Spiel\u00fcbersicht, sein pr\u00e4zises Passspiel und seine F\u00e4higkeit, Torraumszenen zu kreieren, machten ihn schnell zu einem der begehrtesten Spieler in Europa.<\/p>\n<p>Sommer 2015 <strong>Kevin De Bruyne<\/strong> ist umgezogen nach <strong>Manchester City<\/strong>, wo er seine Karriere bis zum Weltstar entwickelte. In den Farben des englischen Vereins wurde er zu einem der besten Mittelfeldspieler der Welt und gewann zahlreiche Troph\u00e4en in der <strong>Erste Liga<\/strong>, und triumphierte auch in <strong>UEFA Champions League<\/strong>, Er ist ein wichtiger Bestandteil des Teams von Pep Guardiola.<\/p>\n<p>Bestehend aus <strong>VfL Wolfsburg<\/strong> ebenfalls zu dieser Zeit auftrat. <strong>Bas Dost<\/strong>, <strong>Ricardo Rodr\u00edguez<\/strong>, <strong>Julian Draxler<\/strong>, <strong>Vieirinha<\/strong> und <strong>Luiz Gustavo<\/strong>, die den Kern der Mannschaft bildeten, die an der <strong>Bundesliga<\/strong> und europ\u00e4ische Wettbewerbe.<\/p>\n<p>Das T-Shirt ist aus einem leichten und luftigen Material gefertigt und der Schnitt in Gr\u00f6\u00dfe M entspricht den Standards der <strong>Kappy<\/strong>, die eine spezifische Anpassung an Produktionsprojekte bieten <strong>Kappy<\/strong> ab Mitte des zweiten Jahrzehnts des 21. Jahrhunderts.<\/p>\n<p>F\u00fcr Sammler und Fans, die ein originales Heimtrikot suchen <strong>VfL Wolfsburg<\/strong> z <strong>Saison 2015\/16<\/strong>, die die Zeit, in der er f\u00fcr den Verein spielte, deutlich dokumentiert <strong>Kevin De Bruyne<\/strong>.<\/p>","protected":false},"featured_media":121060,"template":"","meta":{"_kad_blocks_custom_css":"","_kad_blocks_head_custom_js":"","_kad_blocks_body_custom_js":"","_kad_blocks_footer_custom_js":"","_kad_post_transparent":"default","_kad_post_title":"","_kad_post_layout":"default","_kad_post_sidebar_id":"","_kad_post_content_style":"default","_kad_post_vertical_padding":"default","_kad_post_feature":"","_kad_post_feature_position":"","_kad_post_header":false,"_kad_post_footer":false,"_kad_post_classname":""},"product_brand":[1290],"product_cat":[15,1482],"product_tag":[],"class_list":{"0":"post-120959","1":"product","2":"type-product","3":"status-publish","4":"has-post-thumbnail","6":"product_brand-kappa","7":"product_cat-bez-kategorii","8":"product_cat-kluby-niemieckie-vflwolfsburg","9":"pa_homeawaythird-home","10":"pa_rozmiar-m","12":"first","13":"instock","14":"taxable","15":"shipping-taxable","16":"purchasable","17":"product-type-simple","18":"entry","19":"content-bg","20":"loop-entry"},"taxonomy_info":{"product_brand":[{"value":1290,"label":"Kappa"}],"product_cat":[{"value":15,"label":"Bez kategorii"},{"value":1482,"label":"VFL Wolfsburg"}],"pa_homeawaythird":[{"value":1597,"label":"Home"}],"pa_rozmiar":[{"value":1816,"label":"M"}]},"featured_image_src_large":["https:\/\/footballthrift.shop\/wp-content\/uploads\/2026\/03\/Photoroom_20260311_132830-1024x1024.jpg",1024,1024,true],"author_info":[],"comment_info":"","_links":{"self":[{"href":"https:\/\/footballthrift.shop\/de\/wp-json\/wp\/v2\/product\/120959","targetHints":{"allow":["GET"]}}],"collection":[{"href":"https:\/\/footballthrift.shop\/de\/wp-json\/wp\/v2\/product"}],"about":[{"href":"https:\/\/footballthrift.shop\/de\/wp-json\/wp\/v2\/types\/product"}],"wp:featuredmedia":[{"embeddable":true,"href":"https:\/\/footballthrift.shop\/de\/wp-json\/wp\/v2\/media\/121060"}],"wp:attachment":[{"href":"https:\/\/footballthrift.shop\/de\/wp-json\/wp\/v2\/media?parent=120959"}],"wp:term":[{"taxonomy":"product_brand","embeddable":true,"href":"https:\/\/footballthrift.shop\/de\/wp-json\/wp\/v2\/product_brand?post=120959"},{"taxonomy":"product_cat","embeddable":true,"href":"https:\/\/footballthrift.shop\/de\/wp-json\/wp\/v2\/product_cat?post=120959"},{"taxonomy":"product_tag","embeddable":true,"href":"https:\/\/footballthrift.shop\/de\/wp-json\/wp\/v2\/product_tag?post=120959"}],"curies":[{"name":"wp","href":"https:\/\/api.w.org\/{rel}","templated":true}]}}