{"id":120957,"date":"2026-03-15T17:59:32","date_gmt":"2026-03-15T16:59:32","guid":{"rendered":"https:\/\/footballthrift.shop\/?post_type=product&#038;p=120957"},"modified":"2026-03-15T17:59:32","modified_gmt":"2026-03-15T16:59:32","slug":"koszulka-pilkarska-sv-wustenrot-salzburg-2000-03-home-xl","status":"publish","type":"product","link":"https:\/\/footballthrift.shop\/de\/koszulka-pilkarska-sv-wustenrot-salzburg-2000-03-home-xl\/","title":{"rendered":"Koszulka pi\u0142karska SV Wustenrot Salzburg 2000\/03 Home [XL]"},"content":{"rendered":"<p><strong>Verein:<\/strong> SV Wustenrot Salzburg<\/p>\n<p><strong>Saison:<\/strong> 2000\/03 Home<\/p>\n<p><strong>Gr\u00f6\u00dfe: <\/strong>XL<\/p>\n<p><strong>Zustand:<\/strong> Sehr gut - ein paar kleine Stiche.<\/p>\n<p><strong>Ma\u00dfe (Achselbreite\/L\u00e4nge) in cm: <\/strong>67\/72<\/p>","protected":false},"excerpt":{"rendered":"<p><strong>Original SV W\u00fcstenrot Salzburg Heimtrikot aus der Saison 2000\/03 von Fila.\u00a0<\/strong><\/p>\n<p>Heimmodell <strong>SV W\u00fcstenrot Salzburg in der Saison 2000\/03<\/strong>hergestellt von <strong>Fila<\/strong> im XL-Format, stammt aus der letzten Periode eines der bekanntesten Vereine in der Geschichte des \u00f6sterreichischen Fu\u00dfballs unter diesem Namen. <strong>SV W\u00fcstenrot Salzburg<\/strong> kn\u00fcpfte an die Tradition der ehemaligen Austria Salzburg an, die in den 1990er Jahren zu den Spitzenmannschaften in der \u00f6sterreichischen Liga geh\u00f6rte und auch international erfolgreich war.<\/p>\n<p>Das T-Shirt wurde hergestellt auf <strong>wei\u00dfer Sockel<\/strong>die erg\u00e4nzt werden durch <strong>lila Seitenteile<\/strong>sowie <strong>lila \u00c4rmel und Polokragen<\/strong>, Schaffung eines unverwechselbaren Farbschemas in Verbindung mit der visuellen Identit\u00e4t <strong>SV W\u00fcstenrot Salzburg<\/strong> aus den sp\u00e4ten 1990er und fr\u00fchen 2000er Jahren. Der Aufdruck des Sponsors steht auf der Vorderseite im Mittelpunkt. <strong>W\u00fcstenrot<\/strong>, w\u00e4hrend das Vereinswappen und das Logo <strong>Fili<\/strong> klassisch auf der Brust angeordnet.<\/p>\n<p>Geschichte <strong>SV W\u00fcstenrot Salzburg<\/strong> Die Geschichte des Vereins reicht bis in die 1930er Jahre zur\u00fcck, aber am erfolgreichsten war er in den 1990er Jahren. Damals gewann die Mannschaft die \u00f6sterreichische Meisterschaft und erreichte das Finale der <strong>UEFA-Pokal 1994<\/strong>, die bis heute zu den gr\u00f6\u00dften Erfolgen \u00f6sterreichischer Vereine im europ\u00e4ischen Wettbewerb z\u00e4hlt. Die Farben der Mannschaft waren. <strong>Otto Konrad<\/strong>, <strong>Adolf H\u00fctter<\/strong>, <strong>Heimo Pfeifenberger<\/strong> oder <strong>Martin Amerhauser<\/strong>, die zu den wichtigsten Pers\u00f6nlichkeiten in der Geschichte des Vereins geh\u00f6rten.<\/p>\n<p>Im Jahr 2005 erfuhr der Verein eine grundlegende Ver\u00e4nderung, als er vom Red Bull-Konzern \u00fcbernommen wurde. Diese Umwandlung f\u00fchrte zur Gr\u00fcndung von <strong>Red Bull Salzburg<\/strong>, Der Verein \u00fcbernahm den Platz in der Liga und \u00e4nderte gleichzeitig den Namen, die Farben und die Corporate Identity, was bis heute einer der meistdiskutierten Momente in der Geschichte des \u00f6sterreichischen Fu\u00dfballs ist.<\/p>\n<p>Das T-Shirt ist aus leichtem und atmungsaktivem Material gefertigt und der Schnitt in Gr\u00f6\u00dfe XL entspricht den Standards der <strong>Fili<\/strong>, mit klassischer Passform, die f\u00fcr das Produktionsdesign charakteristisch ist <strong>Fili<\/strong> aus dem fr\u00fchen 21. Jahrhundert.<\/p>\n<p>F\u00fcr Sammler und Fans, die ein originales Heimtrikot suchen <strong>SV W\u00fcstenrot Salzburg<\/strong> z <strong>2000\/03<\/strong>, die die Geschichte des Klubs vor der Gr\u00fcndung des Vereins eindeutig belegt <strong>Red Bull Salzburg<\/strong>.<\/p>","protected":false},"featured_media":121043,"template":"","meta":{"_kad_blocks_custom_css":"","_kad_blocks_head_custom_js":"","_kad_blocks_body_custom_js":"","_kad_blocks_footer_custom_js":"","_kad_post_transparent":"default","_kad_post_title":"","_kad_post_layout":"default","_kad_post_sidebar_id":"","_kad_post_content_style":"default","_kad_post_vertical_padding":"default","_kad_post_feature":"","_kad_post_feature_position":"","_kad_post_header":false,"_kad_post_footer":false,"_kad_post_classname":""},"product_brand":[1317],"product_cat":[1441,15],"product_tag":[],"class_list":{"0":"post-120957","1":"product","2":"type-product","3":"status-publish","4":"has-post-thumbnail","6":"product_brand-fila","7":"product_cat-austria-i-szwajcaria","8":"product_cat-bez-kategorii","9":"pa_homeawaythird-home","10":"pa_rozmiar-xl","12":"first","13":"instock","14":"taxable","15":"shipping-taxable","16":"purchasable","17":"product-type-simple","18":"entry","19":"content-bg","20":"loop-entry"},"taxonomy_info":{"product_brand":[{"value":1317,"label":"Fila"}],"product_cat":[{"value":1441,"label":"Austria i Szwajcaria"},{"value":15,"label":"Bez kategorii"}],"pa_homeawaythird":[{"value":1597,"label":"Home"}],"pa_rozmiar":[{"value":1818,"label":"XL"}]},"featured_image_src_large":["https:\/\/footballthrift.shop\/wp-content\/uploads\/2026\/03\/Photoroom_20260311_131705-1024x1024.jpg",1024,1024,true],"author_info":[],"comment_info":"","_links":{"self":[{"href":"https:\/\/footballthrift.shop\/de\/wp-json\/wp\/v2\/product\/120957","targetHints":{"allow":["GET"]}}],"collection":[{"href":"https:\/\/footballthrift.shop\/de\/wp-json\/wp\/v2\/product"}],"about":[{"href":"https:\/\/footballthrift.shop\/de\/wp-json\/wp\/v2\/types\/product"}],"wp:featuredmedia":[{"embeddable":true,"href":"https:\/\/footballthrift.shop\/de\/wp-json\/wp\/v2\/media\/121043"}],"wp:attachment":[{"href":"https:\/\/footballthrift.shop\/de\/wp-json\/wp\/v2\/media?parent=120957"}],"wp:term":[{"taxonomy":"product_brand","embeddable":true,"href":"https:\/\/footballthrift.shop\/de\/wp-json\/wp\/v2\/product_brand?post=120957"},{"taxonomy":"product_cat","embeddable":true,"href":"https:\/\/footballthrift.shop\/de\/wp-json\/wp\/v2\/product_cat?post=120957"},{"taxonomy":"product_tag","embeddable":true,"href":"https:\/\/footballthrift.shop\/de\/wp-json\/wp\/v2\/product_tag?post=120957"}],"curies":[{"name":"wp","href":"https:\/\/api.w.org\/{rel}","templated":true}]}}