{"id":120954,"date":"2026-03-15T17:59:33","date_gmt":"2026-03-15T16:59:33","guid":{"rendered":"https:\/\/footballthrift.shop\/?post_type=product&#038;p=120954"},"modified":"2026-03-15T17:59:34","modified_gmt":"2026-03-15T16:59:34","slug":"koszulka-pilkarska-liverpool-fc-1997-98-away-l","status":"publish","type":"product","link":"https:\/\/footballthrift.shop\/de\/koszulka-pilkarska-liverpool-fc-1997-98-away-l\/","title":{"rendered":"Koszulka pi\u0142karska Liverpool FC 1997\/98 Away [L]"},"content":{"rendered":"<p><strong>Verein:<\/strong> Liverpool FC<\/p>\n<p><strong>Saison:<\/strong> 1997\/98 Ausw\u00e4rts<\/p>\n<p><strong>Gr\u00f6\u00dfe: <\/strong>L<\/p>\n<p><strong>Zustand:<\/strong> S\u0142aby &#8211; kilka niezmywalnych, czerwonych plam.<\/p>\n<p><strong>Ma\u00dfe (Achselbreite\/L\u00e4nge) in cm: <\/strong>58\/65(prz\u00f3d), 70(ty\u0142)<\/p>","protected":false},"excerpt":{"rendered":"<p><strong>Original Liverpool FC Ausw\u00e4rtstrikot aus der Saison 1997\/98 von Reebok.\u00a0<\/strong><\/p>\n<p>Ausw\u00e4rtsmodell <strong>Liverpool FC ab der Saison 1997\/98<\/strong>hergestellt von <strong>Reebok<\/strong> in der Gr\u00f6\u00dfe L, stammt aus den sp\u00e4ten 1990er Jahren, als der Verein aus Anfield noch zu den Spitzenmannschaften im englischen Fu\u00dfball geh\u00f6rte <strong>Erste Liga<\/strong>. <strong>Liverpool FC<\/strong> Das Team, das damals von Roy Evans geleitet wurde, setzte auf einen offensiven Spielstil und eine Mischung aus erfahrenen Spielern und jungen Talenten.<\/p>\n<p>Das T-Shirt wurde hergestellt auf <strong>gelber Sockel<\/strong>, die die Ausw\u00e4rtsprojekte auszeichneten <strong>Liverpool FC<\/strong> zu diesem Zeitpunkt. Das Projekt wird erg\u00e4nzt durch <strong>roter und schwarzer Kragen und \u00c4rmelabschl\u00fcsse<\/strong>, Die Vorderseite des Trikots ist mit einem ikonischen Sponsorenaufdruck versehen. Der kultige Sponsorenaufdruck steht auf der Vorderseite im Mittelpunkt. <strong>Carlsberg<\/strong>, das viele Jahre lang eines der erkennbarsten Elemente der T-Shirts war <strong>Liverpool FC<\/strong>.<\/p>\n<p>W\u00e4hrend der Saison <strong>1997\/98<\/strong> Farben <strong>Liverpool FC<\/strong> vertreten u.a. durch. <strong>Michael Owen<\/strong>, der zu dieser Zeit den Durchbruch in die erste Mannschaft schaffte und schnell zu einem der gr\u00f6\u00dften Stars der Liga wurde, und <strong>Robbie Fowler<\/strong>, <strong>Jamie Redknapp<\/strong>, <strong>Steve McManaman<\/strong>, <strong>John Barnes<\/strong> und <strong>David James<\/strong>, die das R\u00fcckgrat der Anfield-Mannschaft bildeten.<\/p>\n<p>Das T-Shirt ist aus einem leichten und luftigen Material gefertigt und der Schnitt in Gr\u00f6\u00dfe L entspricht den Standards der <strong>Reebok<\/strong>, mit klassischer Passform, die f\u00fcr das Produktionsdesign charakteristisch ist <strong>Reebok<\/strong> aus den sp\u00e4ten 1990er Jahren.<\/p>\n<p>Dies ist f\u00fcr Sammler und Fans, die ein originales Ausw\u00e4rtstrikot suchen <strong>Liverpool FC<\/strong> z <strong>Saison 1997\/98<\/strong>, und bietet eine klare Aufzeichnung einer der wichtigsten Perioden in der Geschichte des Anfield Clubs.<\/p>","protected":false},"featured_media":121017,"template":"","meta":{"_kad_blocks_custom_css":"","_kad_blocks_head_custom_js":"","_kad_blocks_body_custom_js":"","_kad_blocks_footer_custom_js":"","_kad_post_transparent":"default","_kad_post_title":"","_kad_post_layout":"default","_kad_post_sidebar_id":"","_kad_post_content_style":"default","_kad_post_vertical_padding":"default","_kad_post_feature":"","_kad_post_feature_position":"","_kad_post_header":false,"_kad_post_footer":false,"_kad_post_classname":""},"product_brand":[1286],"product_cat":[15,1464],"product_tag":[],"class_list":{"0":"post-120954","1":"product","2":"type-product","3":"status-publish","4":"has-post-thumbnail","6":"product_brand-reebok","7":"product_cat-bez-kategorii","8":"product_cat-liverpool","9":"pa_homeawaythird-away","10":"pa_rozmiar-l","12":"first","13":"instock","14":"taxable","15":"shipping-taxable","16":"purchasable","17":"product-type-simple","18":"entry","19":"content-bg","20":"loop-entry"},"taxonomy_info":{"product_brand":[{"value":1286,"label":"Reebok"}],"product_cat":[{"value":15,"label":"Bez kategorii"},{"value":1464,"label":"Liverpool FC"}],"pa_homeawaythird":[{"value":1598,"label":"Away"}],"pa_rozmiar":[{"value":1817,"label":"L"}]},"featured_image_src_large":["https:\/\/footballthrift.shop\/wp-content\/uploads\/2026\/03\/Photoroom_20260311_131900-1024x1024.jpg",1024,1024,true],"author_info":[],"comment_info":"","_links":{"self":[{"href":"https:\/\/footballthrift.shop\/de\/wp-json\/wp\/v2\/product\/120954","targetHints":{"allow":["GET"]}}],"collection":[{"href":"https:\/\/footballthrift.shop\/de\/wp-json\/wp\/v2\/product"}],"about":[{"href":"https:\/\/footballthrift.shop\/de\/wp-json\/wp\/v2\/types\/product"}],"wp:featuredmedia":[{"embeddable":true,"href":"https:\/\/footballthrift.shop\/de\/wp-json\/wp\/v2\/media\/121017"}],"wp:attachment":[{"href":"https:\/\/footballthrift.shop\/de\/wp-json\/wp\/v2\/media?parent=120954"}],"wp:term":[{"taxonomy":"product_brand","embeddable":true,"href":"https:\/\/footballthrift.shop\/de\/wp-json\/wp\/v2\/product_brand?post=120954"},{"taxonomy":"product_cat","embeddable":true,"href":"https:\/\/footballthrift.shop\/de\/wp-json\/wp\/v2\/product_cat?post=120954"},{"taxonomy":"product_tag","embeddable":true,"href":"https:\/\/footballthrift.shop\/de\/wp-json\/wp\/v2\/product_tag?post=120954"}],"curies":[{"name":"wp","href":"https:\/\/api.w.org\/{rel}","templated":true}]}}