{"id":120953,"date":"2026-03-15T17:59:34","date_gmt":"2026-03-15T16:59:34","guid":{"rendered":"https:\/\/footballthrift.shop\/?post_type=product&#038;p=120953"},"modified":"2026-03-15T17:59:34","modified_gmt":"2026-03-15T16:59:34","slug":"liverpool-fc-baumwolle-trikot-2017-18-m","status":"publish","type":"product","link":"https:\/\/footballthrift.shop\/de\/koszulka-bawelniana-liverpool-fc-2017-18-m\/","title":{"rendered":"Koszulka bawe\u0142niana Liverpool FC 2017\/18 [M]"},"content":{"rendered":"<p><strong>Verein:<\/strong> Liverpool FC<\/p>\n<p><strong>Saison:<\/strong> 2017\/18<\/p>\n<p><strong>Gr\u00f6\u00dfe: <\/strong>M<\/p>\n<p><strong>Zustand:<\/strong> Ausgezeichnet<\/p>\n<p><strong>Ma\u00dfe (Achselbreite\/L\u00e4nge) in cm: <\/strong>49\/71<\/p>","protected":false},"excerpt":{"rendered":"<p><strong>Original Liverpool FC Baumwolltrikot aus der Saison 2017\/18 von New Balance.\u00a0<\/strong><\/p>\n<p>Modell Baumwolle <strong>Liverpool FC aus der Saison 2017\/18<\/strong>hergestellt von <strong>Neue Balance<\/strong> in Gr\u00f6\u00dfe M, stammt aus einer der denkw\u00fcrdigsten Spielzeiten des Vereins im zweiten Jahrzehnt des 21. Jahrhunderts. <strong>Liverpool FC<\/strong> angef\u00fchrt von J\u00fcrgen Klopps damals offensiver Spielweise und erreichte bis ins Finale der <strong>UEFA Champions League<\/strong>, wieder einmal an der Spitze Europas pr\u00e4sent.<\/p>\n<p>Das T-Shirt wurde hergestellt auf <strong>burgunderrote Basis<\/strong>, ist die traditionelle Farbe, die mit <strong>Liverpool FC<\/strong>. Die Vorderseite bietet <strong>Wappen des FC Liverpool<\/strong> und Logo <strong>Neue Balance<\/strong>, Das Design ist einfach und klassisch gehalten. Das Modell hat <strong>Einknopfkragen<\/strong>, Das verleiht dem T-Shirt eine l\u00e4ssige Note, die von der Clubwear dieser Zeit inspiriert ist.<\/p>\n<p>W\u00e4hrend der Saison <strong>2017\/18<\/strong> Farben <strong>Liverpool FC<\/strong> vertreten u.a. durch. <strong>Mohamed Salah<\/strong>, der eine der besten Saisons in der Vereinsgeschichte gespielt hat, und <strong>Sadio Man\u00e9<\/strong>, <strong>Roberto Firmino<\/strong>, <strong>Jordanien Henderson<\/strong>, <strong>Virgil van Dijk<\/strong> und <strong>Alisson Becker<\/strong>, die das Fundament des Teams bildeten, das die Endrunde erreichte <strong>UEFA Champions League<\/strong>.<\/p>\n<p>Das T-Shirt ist hergestellt aus <strong>aus Baumwollgewebe<\/strong>, und der Schnitt in der Gr\u00f6\u00dfe M entspricht dem Standard <strong>Neue Balance<\/strong>, mit dem f\u00fcr die Clubwear-Produktion charakteristischen Tragekomfort. <strong>Neue Balance<\/strong>.<\/p>\n<p>F\u00fcr Sammler und Fans, die ein Original-Trikot suchen <strong>Liverpool FC<\/strong> z <strong>Saison 2017\/18<\/strong>, Damit ist eine der aufregendsten Spielzeiten in der modernen Vereinsgeschichte eindeutig dokumentiert.<\/p>","protected":false},"featured_media":121009,"template":"","meta":{"_kad_blocks_custom_css":"","_kad_blocks_head_custom_js":"","_kad_blocks_body_custom_js":"","_kad_blocks_footer_custom_js":"","_kad_post_transparent":"default","_kad_post_title":"","_kad_post_layout":"default","_kad_post_sidebar_id":"","_kad_post_content_style":"default","_kad_post_vertical_padding":"default","_kad_post_feature":"","_kad_post_feature_position":"","_kad_post_header":false,"_kad_post_footer":false,"_kad_post_classname":""},"product_brand":[1301],"product_cat":[15,1423,1464],"product_tag":[],"class_list":{"0":"post-120953","1":"product","2":"type-product","3":"status-publish","4":"has-post-thumbnail","6":"product_brand-new-balance","7":"product_cat-bez-kategorii","8":"product_cat-kurtkibluzytrening","9":"product_cat-liverpool","10":"pa_rozmiar-m","12":"first","13":"instock","14":"taxable","15":"shipping-taxable","16":"purchasable","17":"product-type-simple","18":"entry","19":"content-bg","20":"loop-entry"},"taxonomy_info":{"product_brand":[{"value":1301,"label":"New Balance"}],"product_cat":[{"value":15,"label":"Bez kategorii"},{"value":1423,"label":"Kurtki\/bluzy\/trening"},{"value":1464,"label":"Liverpool FC"}],"pa_rozmiar":[{"value":1816,"label":"M"}]},"featured_image_src_large":["https:\/\/footballthrift.shop\/wp-content\/uploads\/2026\/03\/IMG_3232-Photoroom-1024x1024.jpg",1024,1024,true],"author_info":[],"comment_info":"","_links":{"self":[{"href":"https:\/\/footballthrift.shop\/de\/wp-json\/wp\/v2\/product\/120953","targetHints":{"allow":["GET"]}}],"collection":[{"href":"https:\/\/footballthrift.shop\/de\/wp-json\/wp\/v2\/product"}],"about":[{"href":"https:\/\/footballthrift.shop\/de\/wp-json\/wp\/v2\/types\/product"}],"wp:featuredmedia":[{"embeddable":true,"href":"https:\/\/footballthrift.shop\/de\/wp-json\/wp\/v2\/media\/121009"}],"wp:attachment":[{"href":"https:\/\/footballthrift.shop\/de\/wp-json\/wp\/v2\/media?parent=120953"}],"wp:term":[{"taxonomy":"product_brand","embeddable":true,"href":"https:\/\/footballthrift.shop\/de\/wp-json\/wp\/v2\/product_brand?post=120953"},{"taxonomy":"product_cat","embeddable":true,"href":"https:\/\/footballthrift.shop\/de\/wp-json\/wp\/v2\/product_cat?post=120953"},{"taxonomy":"product_tag","embeddable":true,"href":"https:\/\/footballthrift.shop\/de\/wp-json\/wp\/v2\/product_tag?post=120953"}],"curies":[{"name":"wp","href":"https:\/\/api.w.org\/{rel}","templated":true}]}}