{"id":120952,"date":"2026-03-15T17:59:34","date_gmt":"2026-03-15T16:59:34","guid":{"rendered":"https:\/\/footballthrift.shop\/?post_type=product&#038;p=120952"},"modified":"2026-03-15T17:59:35","modified_gmt":"2026-03-15T16:59:35","slug":"fusball-trikot-legia-warszawa-2008-10-heim-xxl","status":"publish","type":"product","link":"https:\/\/footballthrift.shop\/de\/koszulka-pilkarska-legia-warszawa-2008-10-home-xxl\/","title":{"rendered":"Koszulka pi\u0142karska Legia Warszawa 2008\/10 Home [XXL]"},"content":{"rendered":"<p><strong>Verein:<\/strong> Legia Warschau<\/p>\n<p><strong>Saison:<\/strong> 2008\/10<\/p>\n<p><strong>Gr\u00f6\u00dfe: <\/strong>XXL<\/p>\n<p><strong>Zustand:<\/strong> Ausgezeichnet<\/p>\n<p><strong>Ma\u00dfe (Achselbreite\/L\u00e4nge) in cm: <\/strong>62\/75<\/p>","protected":false},"excerpt":{"rendered":"<p><strong>Original 2008\/10 Legia Warschau Heimtrikot von Adidas.\u00a0<\/strong><\/p>\n<p>Heimmodell <strong>Legia Warschau in der Saison 2008\/10<\/strong>hergestellt von <strong>Adidas<\/strong> im XXL-Format, stammt aus einer Zeit intensiven Wettbewerbs f\u00fcr den Hauptstadtklub in nationalen Wettbewerben. <strong>Legia Warschau<\/strong> war eine der wichtigsten Mannschaften zu dieser Zeit <strong>Ekstraklasa<\/strong>, Sie k\u00e4mpfen regelm\u00e4\u00dfig um die Spitzenpl\u00e4tze in der Tabelle und um die R\u00fcckkehr zur Dominanz im polnischen Fu\u00dfball.<\/p>\n<p>Das T-Shirt wurde hergestellt auf <strong>wei\u00dfer Sockel<\/strong>die erg\u00e4nzt werden durch <strong>schwarze Streifen, charakteristisch f\u00fcr Adidas-Designs<\/strong> auf den \u00c4rmeln platziert. Auf der Vorderseite steht ein Sponsor-Print im Mittelpunkt, dar\u00fcber ist ein <strong>das Emblem des Ekstraklasa-Wettbewerbs<\/strong>, mit einem Sponsorenaufdruck auf dem \u00c4rmel <strong>K\u00f6niglich<\/strong>. Wappen <strong>Legia Warschau<\/strong> und Logo <strong>Adidas<\/strong> klassisch auf der Kommode angeordnet, um eine klare und symmetrische Designkomposition zu erhalten.<\/p>\n<p>Die Kopie stellt <strong>die Shop-Version<\/strong>, die sich leicht von den Modellen unterscheidet, die von der <strong>Adidas<\/strong> f\u00fcr Spieler der ersten Mannschaft. Diese Varianten waren f\u00fcr den Einzelhandel bestimmt und waren Nachbildungen der Trikots, die von Fu\u00dfballern getragen wurden <strong>Legia Warschau<\/strong> in Ligaspielen.<\/p>\n<p>In diesem Zeitraum wurden die Farben <strong>Legia Warschau<\/strong> vertreten u.a. durch. <strong>Roger Guerreiro<\/strong>, <strong>Maciej Iwa\u0144ski<\/strong>, <strong>Takesure Chinyama<\/strong>, <strong>Miroslav Radovi\u0107<\/strong>, <strong>Jan Mucha<\/strong> und <strong>Dickson Choto<\/strong>, die den Kern der Mannschaft bildeten, die an der <strong>Ekstraklasa<\/strong>.<\/p>\n<p>Das T-Shirt ist aus einem leichten und luftigen Material gefertigt und der XXL-Schnitt entspricht den Standards der <strong>Adidas<\/strong>, mit klassischer Passform, die f\u00fcr das Produktionsdesign charakteristisch ist <strong>Adidas<\/strong> aus dem Ende des ersten Jahrzehnts des 21. Jahrhunderts.<\/p>\n<p>F\u00fcr Sammler und Fans, die ein originales Heimtrikot suchen <strong>Legia Warschau<\/strong> z <strong>2008\/10<\/strong>, der die Leistungen des Hauptstadtclubs in den letzten Jahren deutlich macht. <strong>Ekstraklasa<\/strong> in dieser Zeit.<\/p>","protected":false},"featured_media":121002,"template":"","meta":{"_kad_blocks_custom_css":"","_kad_blocks_head_custom_js":"","_kad_blocks_body_custom_js":"","_kad_blocks_footer_custom_js":"","_kad_post_transparent":"default","_kad_post_title":"","_kad_post_layout":"default","_kad_post_sidebar_id":"","_kad_post_content_style":"default","_kad_post_vertical_padding":"default","_kad_post_feature":"","_kad_post_feature_position":"","_kad_post_header":false,"_kad_post_footer":false,"_kad_post_classname":""},"product_brand":[1283],"product_cat":[15,1450],"product_tag":[],"class_list":{"0":"post-120952","1":"product","2":"type-product","3":"status-publish","4":"has-post-thumbnail","6":"product_brand-adidas","7":"product_cat-bez-kategorii","8":"product_cat-legia-warszawa","9":"pa_rozmiar-xxl","11":"first","12":"instock","13":"taxable","14":"shipping-taxable","15":"purchasable","16":"product-type-simple","17":"entry","18":"content-bg","19":"loop-entry"},"taxonomy_info":{"product_brand":[{"value":1283,"label":"Adidas"}],"product_cat":[{"value":15,"label":"Bez kategorii"},{"value":1450,"label":"Legia Warszawa"}],"pa_rozmiar":[{"value":1819,"label":"XXL"}]},"featured_image_src_large":["https:\/\/footballthrift.shop\/wp-content\/uploads\/2026\/03\/Photoroom_20260311_132128-1024x1024.jpg",1024,1024,true],"author_info":[],"comment_info":"","_links":{"self":[{"href":"https:\/\/footballthrift.shop\/de\/wp-json\/wp\/v2\/product\/120952","targetHints":{"allow":["GET"]}}],"collection":[{"href":"https:\/\/footballthrift.shop\/de\/wp-json\/wp\/v2\/product"}],"about":[{"href":"https:\/\/footballthrift.shop\/de\/wp-json\/wp\/v2\/types\/product"}],"wp:featuredmedia":[{"embeddable":true,"href":"https:\/\/footballthrift.shop\/de\/wp-json\/wp\/v2\/media\/121002"}],"wp:attachment":[{"href":"https:\/\/footballthrift.shop\/de\/wp-json\/wp\/v2\/media?parent=120952"}],"wp:term":[{"taxonomy":"product_brand","embeddable":true,"href":"https:\/\/footballthrift.shop\/de\/wp-json\/wp\/v2\/product_brand?post=120952"},{"taxonomy":"product_cat","embeddable":true,"href":"https:\/\/footballthrift.shop\/de\/wp-json\/wp\/v2\/product_cat?post=120952"},{"taxonomy":"product_tag","embeddable":true,"href":"https:\/\/footballthrift.shop\/de\/wp-json\/wp\/v2\/product_tag?post=120952"}],"curies":[{"name":"wp","href":"https:\/\/api.w.org\/{rel}","templated":true}]}}