{"id":120948,"date":"2026-03-15T17:59:36","date_gmt":"2026-03-15T16:59:36","guid":{"rendered":"https:\/\/footballthrift.shop\/?post_type=product&#038;p=120948"},"modified":"2026-03-15T17:59:36","modified_gmt":"2026-03-15T16:59:36","slug":"koszulka-pilkarska-lech-poznan-2002-03-home-xl","status":"publish","type":"product","link":"https:\/\/footballthrift.shop\/de\/koszulka-pilkarska-lech-poznan-2002-03-home-xl\/","title":{"rendered":"Koszulka pi\u0142karska Lech Pozna\u0144 2002\/03 Home [XL]"},"content":{"rendered":"<p><strong>Verein:<\/strong> Lech Pozna\u0144<\/p>\n<p><strong>Saison:<\/strong> 2002\/03 Heim<\/p>\n<p><strong>Gr\u00f6\u00dfe: <\/strong>XL<\/p>\n<p><strong>Zustand:<\/strong> Dobry &#8211; pop\u0119kany nadruk sponsora na froncie oraz kilka mikro zaci\u0105gni\u0119\u0107.<\/p>\n<p><strong>Ma\u00dfe (Achselbreite\/L\u00e4nge) in cm: <\/strong>57\/73<\/p>","protected":false},"excerpt":{"rendered":"<p><strong>Original Lech Pozna\u0144 Heim-Fu\u00dfballtrikot aus der Saison 2002\/03 von Lotto.\u00a0<\/strong><\/p>\n<p>Heimmodell <strong>Lech Pozna\u0144 ab der Saison 2002\/03<\/strong>hergestellt von <strong>Lotto<\/strong> in XL-Gr\u00f6\u00dfe, stammt aus einer Zeit des Wiederaufbaus der Position des Vereins im polnischen Fu\u00dfball nach den schwierigen Jahren der sp\u00e4ten 1990er Jahre. <strong>Lech Pozna\u0144<\/strong> Allm\u00e4hlich stabilisierte sich die sportliche und organisatorische Situation, und das Team aus Bulgarska begann, eine Mannschaft aufzubauen, die wieder an der Spitze der polnischen Liga mitspielen konnte.<\/p>\n<p>Das T-Shirt wurde in einem unverwechselbaren Layout produziert <strong>wei\u00dfe und blaue vertikale Streifen<\/strong>, die ein Markenzeichen der <strong>Lecha Posen<\/strong> und ist eines der bekanntesten Designs in der Geschichte des Vereins. Auf der Vorderseite stehen Sponsorenaufdrucke im Mittelpunkt. <strong>Canal+<\/strong> und <strong>Maxer SA<\/strong>, w\u00e4hrend auf den \u00c4rmeln Werbung angebracht wurde <strong>G\u0142os Wielkopolski<\/strong> und <strong>Eski<\/strong>. Wappen <strong>Lecha Posen<\/strong> und Logo <strong>Lotto<\/strong> ist klassisch auf der Brust platziert, wobei die f\u00fcr T-Shirts charakteristische symmetrische Zusammensetzung des Designs beibehalten wird. <strong>Lotto<\/strong> aus dem fr\u00fchen 21. Jahrhundert.<\/p>\n<p>Der Beginn der 2000er Jahre war f\u00fcr <strong>Lecha Posen<\/strong> eine Phase der allm\u00e4hlichen R\u00fcckkehr zur sportlichen Stabilit\u00e4t. Damals trug der Verein folgende Farben. <strong>Peter Reiss<\/strong>, der eine Ikone und einer der wichtigsten St\u00fcrmer der Geschichte ist <strong>Lecha Posen<\/strong>sowie <strong>Arkadiusz Bak<\/strong>, <strong>Mariusz Mowlik<\/strong>, <strong>Krzysztof Pisku\u0142a<\/strong> oder <strong>Bart\u0142omiej Grzelak<\/strong>, die den Kern der Mannschaft bildeten, die am Ligawettbewerb teilnahm.<\/p>\n<p>Das T-Shirt ist aus leichtem und atmungsaktivem Material gefertigt und der Schnitt in Gr\u00f6\u00dfe XL entspricht den Standards der <strong>Lotto<\/strong>, mit klassischer Passform, die f\u00fcr das Produktionsdesign charakteristisch ist <strong>Lotto<\/strong> aus dem fr\u00fchen 21. Jahrhundert.<\/p>\n<p>F\u00fcr Sammler und Fans, die ein originales Heimtrikot suchen <strong>Lecha Posen<\/strong> z <strong>Saison 2002\/03<\/strong>, ein deutliches Zeugnis f\u00fcr die Zeit des Wiederaufbaus der Position des Vereins im polnischen Fu\u00dfball.<\/p>","protected":false},"featured_media":120964,"template":"","meta":{"_kad_blocks_custom_css":"","_kad_blocks_head_custom_js":"","_kad_blocks_body_custom_js":"","_kad_blocks_footer_custom_js":"","_kad_post_transparent":"default","_kad_post_title":"","_kad_post_layout":"default","_kad_post_sidebar_id":"","_kad_post_content_style":"default","_kad_post_vertical_padding":"default","_kad_post_feature":"","_kad_post_feature_position":"","_kad_post_header":false,"_kad_post_footer":false,"_kad_post_classname":""},"product_brand":[1297],"product_cat":[15,1439],"product_tag":[],"class_list":{"0":"post-120948","1":"product","2":"type-product","3":"status-publish","4":"has-post-thumbnail","6":"product_brand-lotto","7":"product_cat-bez-kategorii","8":"product_cat-lech-poznan","9":"pa_homeawaythird-home","10":"pa_rozmiar-xl","12":"first","13":"instock","14":"taxable","15":"shipping-taxable","16":"purchasable","17":"product-type-simple","18":"entry","19":"content-bg","20":"loop-entry"},"taxonomy_info":{"product_brand":[{"value":1297,"label":"Lotto"}],"product_cat":[{"value":15,"label":"Bez kategorii"},{"value":1439,"label":"Lech Pozna\u0144"}],"pa_homeawaythird":[{"value":1597,"label":"Home"}],"pa_rozmiar":[{"value":1818,"label":"XL"}]},"featured_image_src_large":["https:\/\/footballthrift.shop\/wp-content\/uploads\/2026\/03\/Photoroom_20260311_132026-1024x1024.jpg",1024,1024,true],"author_info":[],"comment_info":"","_links":{"self":[{"href":"https:\/\/footballthrift.shop\/de\/wp-json\/wp\/v2\/product\/120948","targetHints":{"allow":["GET"]}}],"collection":[{"href":"https:\/\/footballthrift.shop\/de\/wp-json\/wp\/v2\/product"}],"about":[{"href":"https:\/\/footballthrift.shop\/de\/wp-json\/wp\/v2\/types\/product"}],"wp:featuredmedia":[{"embeddable":true,"href":"https:\/\/footballthrift.shop\/de\/wp-json\/wp\/v2\/media\/120964"}],"wp:attachment":[{"href":"https:\/\/footballthrift.shop\/de\/wp-json\/wp\/v2\/media?parent=120948"}],"wp:term":[{"taxonomy":"product_brand","embeddable":true,"href":"https:\/\/footballthrift.shop\/de\/wp-json\/wp\/v2\/product_brand?post=120948"},{"taxonomy":"product_cat","embeddable":true,"href":"https:\/\/footballthrift.shop\/de\/wp-json\/wp\/v2\/product_cat?post=120948"},{"taxonomy":"product_tag","embeddable":true,"href":"https:\/\/footballthrift.shop\/de\/wp-json\/wp\/v2\/product_tag?post=120948"}],"curies":[{"name":"wp","href":"https:\/\/api.w.org\/{rel}","templated":true}]}}