{"id":120947,"date":"2026-03-15T17:59:22","date_gmt":"2026-03-15T16:59:22","guid":{"rendered":"https:\/\/footballthrift.shop\/?post_type=product&#038;p=120947"},"modified":"2026-03-15T17:59:23","modified_gmt":"2026-03-15T16:59:23","slug":"fusballtrikot-spiel-ausgabe-lech-poznan-2010-11-nach-hause-15-drygas-l","status":"publish","type":"product","link":"https:\/\/footballthrift.shop\/de\/koszulka-pilkarska-match-issue-lech-poznan-2010-11-home-15-drygas-l\/","title":{"rendered":"Koszulka pi\u0142karska MATCH ISSUE Lech Pozna\u0144 2010\/11 Home 15 Drygas [L]"},"content":{"rendered":"<p><strong>Verein:<\/strong> Lech Pozna\u0144<\/p>\n<p><strong>Saison:<\/strong> 2010\/11 Startseite<\/p>\n<p><strong>Gr\u00f6\u00dfe: <\/strong>L<\/p>\n<p><strong>Zustand:<\/strong> Befriedigend - besch\u00e4digte polnische Flagge auf der Vorderseite, eine vernachl\u00e4ssigbare Anzahl von Mikron\u00e4hten und rissiger Druck auf der R\u00fcckseite.<\/p>\n<p><strong>Ma\u00dfe (Achselbreite\/L\u00e4nge) in cm: <\/strong>54\/68 (vorne), 76 (hinten)<\/p>","protected":false},"excerpt":{"rendered":"<p><strong>Original Lech Pozna\u0144 Heim-Fu\u00dfballtrikot aus der Saison 2010\/11 von Puma, bedruckt mit Kamil Drygas.\u00a0<\/strong><\/p>\n<p>Heimmodell <strong>Lech Poznan aus der Saison 2010\/11<\/strong>hergestellt von <strong>Puma<\/strong> in Gr\u00f6\u00dfe L, stammt aus einer der denkw\u00fcrdigsten Perioden in der modernen Geschichte des Vereins. <strong>Lech Pozna\u0144<\/strong> trat damals auf in <strong>UEFA Europa League<\/strong>, Die Mannschaft aus Bulgarska verzeichnete eine der spektakul\u00e4rsten Europapokal-Kampagnen in der Geschichte der polnischen Vereine.<\/p>\n<p>Das T-Shirt wurde in einem Layout hergestellt. <strong>dicke wei\u00dfe und blaue vertikale Streifen<\/strong> auf der Vorderseite, charakteristisch f\u00fcr die Farben <strong>Lecha Posen<\/strong>. Auf dem T-Shirt ist ein Platz f\u00fcr den Aufdruck des Sponsors vorgesehen <strong>S. Oliver<\/strong>, und auf den \u00c4rmeln sind <strong>Aufn\u00e4her f\u00fcr die UEFA Europa League<\/strong>, das die Teilnahme des Vereins an europ\u00e4ischen Wettbewerben hervorhebt. Die Truhe enth\u00e4lt au\u00dferdem <strong>die Flagge von Polen<\/strong>, ein Artikel, der ausschlie\u00dflich auf Spielhemden verwendet wird <strong>Lech Pozna\u0144.<\/strong><\/p>\n<p>Die Kopie ist gekennzeichnet als <strong>MATCH ISSUE Version<\/strong>, vorbereitet von <strong>Puma<\/strong> mit Spielern der ersten Mannschaft im Hinterkopf. Auf der R\u00fcckseite befindet sich ein Originaldruck <strong>Kamil Drygas<\/strong>, Hilfskraft <strong>Lecha Posen<\/strong>, der damals zu den jungen Spielern geh\u00f6rte, die in die erste Mannschaft berufen wurden. Es besteht die M\u00f6glichkeit, dass <strong>Kamil Drygas<\/strong> in einem solchen Trikotmodell bei einem Heimspiel erschien <strong>Lecha Posen<\/strong> gegen <strong>RB Salzburg<\/strong> im Wettbewerb <strong>UEFA Europa League<\/strong>, Es gibt jedoch keine Best\u00e4tigung, dass er das Treffen in genau dieser Kopie gespielt hat, aber es handelt sich mit Sicherheit um eine nicht-kommerzielle Version, die nicht im Club-Shop erh\u00e4ltlich ist.<\/p>\n<p>Kampagne <strong>Lech Poznan in der Europa League 2010\/11<\/strong> ging in die Geschichte des polnischen Fu\u00dfballs ein. Die Mannschaft setzte sich in einer schwierigen Gruppe durch, in der sie unter anderem gegen die folgenden Mannschaften antrat <strong>Manchester City<\/strong> i <strong>Juventus Turin <\/strong>nach den legend\u00e4ren Ergebnissen, und erreichte dann die <strong>1\/16-Finale<\/strong> den Wettbewerb. Das Team bestand damals aus folgenden Personen. <strong>Artjoms Rud\u0146evs<\/strong>, <strong>Semir \u0160tili\u0107<\/strong>, <strong>Dimitrije Injac<\/strong>, <strong>Manuel Arboleda<\/strong>, <strong>Ivan Djurdjevi\u0107<\/strong> und <strong>Hubert Wolaczkiewicz<\/strong>, die den Kern einer Mannschaft bildeten, die einen der gr\u00f6\u00dften Erfolge der Geschichte erzielte <strong>Lecha Posen<\/strong> in Europapokalen.<\/p>\n<p>Das T-Shirt ist aus einem leichten und luftigen Material gefertigt und der Schnitt in Gr\u00f6\u00dfe L entspricht den Standards der <strong>Pumas<\/strong>, die eine spezifische Anpassung an Produktionsprojekte bieten <strong>Pumas<\/strong> zu Beginn des zweiten Jahrzehnts des 21. Jahrhunderts.<\/p>\n<p>F\u00fcr Sammler und Fans, die ein originales Heimtrikot suchen <strong>Lecha Posen<\/strong> z <strong>Saison 2010\/11<\/strong>, der die historische Leistung des Clubs in der Region deutlich aufzeigt. <strong>UEFA Europa League<\/strong>.<\/p>","protected":false},"featured_media":121216,"template":"","meta":{"_kad_blocks_custom_css":"","_kad_blocks_head_custom_js":"","_kad_blocks_body_custom_js":"","_kad_blocks_footer_custom_js":"","_kad_post_transparent":"default","_kad_post_title":"","_kad_post_layout":"default","_kad_post_sidebar_id":"","_kad_post_content_style":"default","_kad_post_vertical_padding":"default","_kad_post_feature":"","_kad_post_feature_position":"","_kad_post_header":false,"_kad_post_footer":false,"_kad_post_classname":""},"product_brand":[1287],"product_cat":[15,1439,1409,1411],"product_tag":[],"class_list":{"0":"post-120947","1":"product","2":"type-product","3":"status-publish","4":"has-post-thumbnail","6":"product_brand-puma","7":"product_cat-bez-kategorii","8":"product_cat-lech-poznan","9":"product_cat-match-worn-issue","10":"product_cat-polscy-pilkarze","11":"pa_homeawaythird-home","12":"pa_rozmiar-l","14":"first","15":"instock","16":"taxable","17":"shipping-taxable","18":"purchasable","19":"product-type-simple","20":"entry","21":"content-bg","22":"loop-entry"},"taxonomy_info":{"product_brand":[{"value":1287,"label":"Puma"}],"product_cat":[{"value":15,"label":"Bez kategorii"},{"value":1439,"label":"Lech Pozna\u0144"},{"value":1409,"label":"MATCH WORN &amp; ISSUE"},{"value":1411,"label":"POLSCY PI\u0141KARZE"}],"pa_homeawaythird":[{"value":1597,"label":"Home"}],"pa_rozmiar":[{"value":1817,"label":"L"}]},"featured_image_src_large":["https:\/\/footballthrift.shop\/wp-content\/uploads\/2026\/03\/IMG_3229-Photoroom-1024x1024.jpg",1024,1024,true],"author_info":[],"comment_info":"","_links":{"self":[{"href":"https:\/\/footballthrift.shop\/de\/wp-json\/wp\/v2\/product\/120947","targetHints":{"allow":["GET"]}}],"collection":[{"href":"https:\/\/footballthrift.shop\/de\/wp-json\/wp\/v2\/product"}],"about":[{"href":"https:\/\/footballthrift.shop\/de\/wp-json\/wp\/v2\/types\/product"}],"wp:featuredmedia":[{"embeddable":true,"href":"https:\/\/footballthrift.shop\/de\/wp-json\/wp\/v2\/media\/121216"}],"wp:attachment":[{"href":"https:\/\/footballthrift.shop\/de\/wp-json\/wp\/v2\/media?parent=120947"}],"wp:term":[{"taxonomy":"product_brand","embeddable":true,"href":"https:\/\/footballthrift.shop\/de\/wp-json\/wp\/v2\/product_brand?post=120947"},{"taxonomy":"product_cat","embeddable":true,"href":"https:\/\/footballthrift.shop\/de\/wp-json\/wp\/v2\/product_cat?post=120947"},{"taxonomy":"product_tag","embeddable":true,"href":"https:\/\/footballthrift.shop\/de\/wp-json\/wp\/v2\/product_tag?post=120947"}],"curies":[{"name":"wp","href":"https:\/\/api.w.org\/{rel}","templated":true}]}}