{"id":120946,"date":"2026-03-15T17:59:23","date_gmt":"2026-03-15T16:59:23","guid":{"rendered":"https:\/\/footballthrift.shop\/?post_type=product&#038;p=120946"},"modified":"2026-03-15T17:59:23","modified_gmt":"2026-03-15T16:59:23","slug":"koszulka-pilkarska-holandia-2012-14-home-s","status":"publish","type":"product","link":"https:\/\/footballthrift.shop\/de\/koszulka-pilkarska-holandia-2012-14-home-s\/","title":{"rendered":"Koszulka pi\u0142karska Holandia 2012\/14 Home [S]"},"content":{"rendered":"<p><strong>Verein:<\/strong> Niederlande<\/p>\n<p><strong>Saison:<\/strong> 2012\/14 Startseite<\/p>\n<p><strong>Gr\u00f6\u00dfe: <\/strong>S<\/p>\n<p><strong>Zustand:<\/strong> Bardzo dobry &#8211; drobne zabrudzenia na froncie oraz trzy mikro zaci\u0105gni\u0119cia na froncie.<\/p>\n<p><strong>Ma\u00dfe (Achselbreite\/L\u00e4nge) in cm: <\/strong>47\/71<\/p>","protected":false},"excerpt":{"rendered":"<p><strong>Original 2012\/14 Heimtrikot der niederl\u00e4ndischen Fu\u00dfballnationalmannschaft von Nike.\u00a0<\/strong><\/p>\n<p>Heimmodell <strong>der niederl\u00e4ndischen Nationalmannschaft 2012\/14<\/strong>hergestellt von <strong>Nike<\/strong> in Gr\u00f6\u00dfe S, stammt aus der Zeit der Leistungen der Oranje-Nationalmannschaft w\u00e4hrend der <strong>Europameisterschaft 2012<\/strong>. <strong>Niederl\u00e4ndische Nationalmannschaft<\/strong> ging nach einem erfolgreichen Auftritt bei der Europameisterschaft als eine der st\u00e4rksten Mannschaften des Kontinents in das Turnier. <strong>Weltmeisterschaften 2010<\/strong>, wo die Mannschaft das Finale erreichte.<\/p>\n<p>Das T-Shirt wurde hergestellt auf <strong>orangefarbener Sockel<\/strong>, symbolisch f\u00fcr <strong>die niederl\u00e4ndische Nationalmannschaft<\/strong>. Die Vorderseite zeigt <strong>Paneele in dunkleren Oranget\u00f6nen<\/strong>, die die charakteristische geometrische Komposition des Musters bilden. Wappen <strong>die niederl\u00e4ndische Nationalmannschaft<\/strong> und Logo <strong>Nike<\/strong> ist klassisch auf der Brust angeordnet und beh\u00e4lt das f\u00fcr Produktionshemden typische minimalistische Layout bei. <strong>Nike<\/strong> zu Beginn des zweiten Jahrzehnts des 21. Jahrhunderts.<\/p>\n<p>W\u00e4hrend <strong>Europameisterschaft 2012<\/strong> <strong>Niederl\u00e4ndische Nationalmannschaft<\/strong> Die Mannschaft wurde in eine der schwersten Gruppen des Turniers eingeteilt und kam unerwartet in die Gruppenphase. In der Mannschaft spielten einige der bekanntesten niederl\u00e4ndischen Fu\u00dfballer der damaligen Zeit, wie z. B. <strong>Arjen Robben<\/strong>, <strong>Robin van Persie<\/strong>, <strong>Wesley Sneijder<\/strong>, <strong>Rafael van der Vaart<\/strong>, <strong>Dirk Kuyt<\/strong> und <strong>Mark van Bommel<\/strong>, die in dieser Zeit den Kern des Teams bildeten.<\/p>\n<p>Das T-Shirt ist aus einem leichten und luftigen Material gefertigt und der Schnitt in Gr\u00f6\u00dfe S entspricht den Standards der <strong>Nike<\/strong>, die eine spezifische Anpassung an Produktionsprojekte bieten <strong>Nike<\/strong> zu Beginn des zweiten Jahrzehnts des 21. Jahrhunderts.<\/p>\n<p>F\u00fcr Sammler und Fans, die ein originales Heimtrikot suchen <strong>die niederl\u00e4ndische Nationalmannschaft<\/strong> z <strong>Jahre 2012\/14<\/strong>, der eine lesbare Aufzeichnung der Leistungen des Teams w\u00e4hrend des Wettbewerbs ist <strong>Europameisterschaft 2012<\/strong>.<\/p>","protected":false},"featured_media":121206,"template":"","meta":{"_kad_blocks_custom_css":"","_kad_blocks_head_custom_js":"","_kad_blocks_body_custom_js":"","_kad_blocks_footer_custom_js":"","_kad_post_transparent":"default","_kad_post_title":"","_kad_post_layout":"default","_kad_post_sidebar_id":"","_kad_post_content_style":"default","_kad_post_vertical_padding":"default","_kad_post_feature":"","_kad_post_feature_position":"","_kad_post_header":false,"_kad_post_footer":false,"_kad_post_classname":""},"product_brand":[1284],"product_cat":[15,1471],"product_tag":[],"class_list":{"0":"post-120946","1":"product","2":"type-product","3":"status-publish","4":"has-post-thumbnail","6":"product_brand-nike","7":"product_cat-bez-kategorii","8":"product_cat-reprezentacja-holandii","9":"pa_homeawaythird-home","10":"pa_rozmiar-s","12":"first","13":"instock","14":"taxable","15":"shipping-taxable","16":"purchasable","17":"product-type-simple","18":"entry","19":"content-bg","20":"loop-entry"},"taxonomy_info":{"product_brand":[{"value":1284,"label":"Nike"}],"product_cat":[{"value":15,"label":"Bez kategorii"},{"value":1471,"label":"Holandia"}],"pa_homeawaythird":[{"value":1597,"label":"Home"}],"pa_rozmiar":[{"value":1815,"label":"S"}]},"featured_image_src_large":["https:\/\/footballthrift.shop\/wp-content\/uploads\/2026\/03\/Photoroom_20260311_132425-1024x1024.jpg",1024,1024,true],"author_info":[],"comment_info":"","_links":{"self":[{"href":"https:\/\/footballthrift.shop\/de\/wp-json\/wp\/v2\/product\/120946","targetHints":{"allow":["GET"]}}],"collection":[{"href":"https:\/\/footballthrift.shop\/de\/wp-json\/wp\/v2\/product"}],"about":[{"href":"https:\/\/footballthrift.shop\/de\/wp-json\/wp\/v2\/types\/product"}],"wp:featuredmedia":[{"embeddable":true,"href":"https:\/\/footballthrift.shop\/de\/wp-json\/wp\/v2\/media\/121206"}],"wp:attachment":[{"href":"https:\/\/footballthrift.shop\/de\/wp-json\/wp\/v2\/media?parent=120946"}],"wp:term":[{"taxonomy":"product_brand","embeddable":true,"href":"https:\/\/footballthrift.shop\/de\/wp-json\/wp\/v2\/product_brand?post=120946"},{"taxonomy":"product_cat","embeddable":true,"href":"https:\/\/footballthrift.shop\/de\/wp-json\/wp\/v2\/product_cat?post=120946"},{"taxonomy":"product_tag","embeddable":true,"href":"https:\/\/footballthrift.shop\/de\/wp-json\/wp\/v2\/product_tag?post=120946"}],"curies":[{"name":"wp","href":"https:\/\/api.w.org\/{rel}","templated":true}]}}