{"id":120945,"date":"2026-03-15T17:59:23","date_gmt":"2026-03-15T16:59:23","guid":{"rendered":"https:\/\/footballthrift.shop\/?post_type=product&#038;p=120945"},"modified":"2026-03-15T17:59:24","modified_gmt":"2026-03-15T16:59:24","slug":"sweatshirt-holland-2008-09-s","status":"publish","type":"product","link":"https:\/\/footballthrift.shop\/de\/bluza-holandia-2008-09-s\/","title":{"rendered":"Bluza Holandia 2008\/09 [S]"},"content":{"rendered":"<p><strong>Verein:<\/strong> Niederlande<\/p>\n<p><strong>Saison:<\/strong> 2008\/09<\/p>\n<p><strong>Gr\u00f6\u00dfe: <\/strong>S<\/p>\n<p><strong>Zustand:<\/strong> Gut - Leicht verblasster Stoff und ein kleiner Fleck auf der R\u00fcckseite des Sweatshirts.<\/p>\n<p><strong>Ma\u00dfe (Achselbreite\/L\u00e4nge) in cm: <\/strong>51\/60<\/p>","protected":false},"excerpt":{"rendered":"<p><strong>Original Sweatshirt der niederl\u00e4ndischen Fu\u00dfballnationalmannschaft 2008\/09 von Nike.\u00a0<\/strong><\/p>\n<p>Modell <strong>der niederl\u00e4ndischen Nationalmannschaft 2008\/09<\/strong>hergestellt von <strong>Nike<\/strong> in der Gr\u00f6\u00dfe S geht auf eine sehr starke Generation von Oranje-Fu\u00dfballern an der Wende zum ersten Jahrzehnt des 21. <strong>Niederl\u00e4ndische Nationalmannschaft<\/strong> Damals nahm sie an den wichtigsten internationalen Turnieren teil, und das Team von Marco van Basten war eine der offensivsten Mannschaften Europas.<\/p>\n<p>Das Sweatshirt wurde hergestellt am <strong>wei\u00dfer Sockel<\/strong> und besitzt <strong>zip<\/strong>, was ihm den Charakter eines repr\u00e4sentativen Trainingsanzugs verleiht. Ein markantes Gestaltungselement ist <strong>blauer Diagonalstreifen, der vom Kragen bis zur Achselh\u00f6hle verl\u00e4uft<\/strong>, Das Design ist dynamisch. Auf der R\u00fcckseite befindet sich eine gro\u00dfe Aufschrift <strong>Nederland<\/strong>, die eindeutig die Zugeh\u00f6rigkeit zur <strong>die niederl\u00e4ndische Nationalmannschaft<\/strong>, w\u00e4hrend das Wappen und das Logo der F\u00f6deration <strong>Nike<\/strong> befinden sich klassischerweise auf der Vorderseite.<\/p>\n<p>In diesem Zeitraum wurden die Farben <strong>die niederl\u00e4ndische Nationalmannschaft<\/strong> vertreten u.a. durch. <strong>Robin van Persie<\/strong>, <strong>Arjen Robben<\/strong>, <strong>Wesley Sneijder<\/strong>, <strong>Ruud van Nistelrooy<\/strong>, <strong>Dirk Kuyt<\/strong> und <strong>Edwin van der Sar<\/strong>, die eine der talentiertesten niederl\u00e4ndischen Fu\u00dfballergenerationen des 21. Jahrhunderts bildeten.<\/p>\n<p>Das Sweatshirt ist aus robustem und bequemem Material gefertigt und der Schnitt in Gr\u00f6\u00dfe S entspricht den Standards der <strong>Nike<\/strong>, mit einer ma\u00dfgeschneiderten Passform, die typisch f\u00fcr legere Produktionskleidung ist <strong>Nike<\/strong> aus dem Ende des ersten Jahrzehnts des 21. Jahrhunderts.<\/p>\n<p>F\u00fcr Sammler und Fans, die ein originales Sweatshirt suchen <strong>die niederl\u00e4ndische Nationalmannschaft<\/strong> z <strong>Jahre 2008\/09<\/strong>, Damit wird eine der interessantesten Perioden in der Geschichte der Oranje-Mannschaft anschaulich dokumentiert.<\/p>","protected":false},"featured_media":121197,"template":"","meta":{"_kad_blocks_custom_css":"","_kad_blocks_head_custom_js":"","_kad_blocks_body_custom_js":"","_kad_blocks_footer_custom_js":"","_kad_post_transparent":"default","_kad_post_title":"","_kad_post_layout":"default","_kad_post_sidebar_id":"","_kad_post_content_style":"default","_kad_post_vertical_padding":"default","_kad_post_feature":"","_kad_post_feature_position":"","_kad_post_header":false,"_kad_post_footer":false,"_kad_post_classname":""},"product_brand":[1284],"product_cat":[15,1471,1423],"product_tag":[],"class_list":{"0":"post-120945","1":"product","2":"type-product","3":"status-publish","4":"has-post-thumbnail","6":"product_brand-nike","7":"product_cat-bez-kategorii","8":"product_cat-reprezentacja-holandii","9":"product_cat-kurtkibluzytrening","10":"pa_rozmiar-s","12":"first","13":"instock","14":"taxable","15":"shipping-taxable","16":"purchasable","17":"product-type-simple","18":"entry","19":"content-bg","20":"loop-entry"},"taxonomy_info":{"product_brand":[{"value":1284,"label":"Nike"}],"product_cat":[{"value":15,"label":"Bez kategorii"},{"value":1471,"label":"Holandia"},{"value":1423,"label":"Kurtki\/bluzy\/trening"}],"pa_rozmiar":[{"value":1815,"label":"S"}]},"featured_image_src_large":["https:\/\/footballthrift.shop\/wp-content\/uploads\/2026\/03\/Photoroom_20260311_133536-1024x1024.jpg",1024,1024,true],"author_info":[],"comment_info":"","_links":{"self":[{"href":"https:\/\/footballthrift.shop\/de\/wp-json\/wp\/v2\/product\/120945","targetHints":{"allow":["GET"]}}],"collection":[{"href":"https:\/\/footballthrift.shop\/de\/wp-json\/wp\/v2\/product"}],"about":[{"href":"https:\/\/footballthrift.shop\/de\/wp-json\/wp\/v2\/types\/product"}],"wp:featuredmedia":[{"embeddable":true,"href":"https:\/\/footballthrift.shop\/de\/wp-json\/wp\/v2\/media\/121197"}],"wp:attachment":[{"href":"https:\/\/footballthrift.shop\/de\/wp-json\/wp\/v2\/media?parent=120945"}],"wp:term":[{"taxonomy":"product_brand","embeddable":true,"href":"https:\/\/footballthrift.shop\/de\/wp-json\/wp\/v2\/product_brand?post=120945"},{"taxonomy":"product_cat","embeddable":true,"href":"https:\/\/footballthrift.shop\/de\/wp-json\/wp\/v2\/product_cat?post=120945"},{"taxonomy":"product_tag","embeddable":true,"href":"https:\/\/footballthrift.shop\/de\/wp-json\/wp\/v2\/product_tag?post=120945"}],"curies":[{"name":"wp","href":"https:\/\/api.w.org\/{rel}","templated":true}]}}